{"id":108418,"date":"2025-02-13T22:26:05","date_gmt":"2025-02-13T20:26:05","guid":{"rendered":"https:\/\/basseinimeistrid.ee\/pood\/Ei-luokiteltu\/elbe-transparent-seam-sealer-950ml\/"},"modified":"2025-03-15T15:23:08","modified_gmt":"2025-03-15T13:23:08","slug":"elbe-transparent-seam-sealer-950ml","status":"publish","type":"product","link":"https:\/\/basseinimeistrid.ee\/fi\/pood\/elbe-transparent-seam-sealer-950ml\/","title":{"rendered":"ELBE Transparent Seam Sealer 950ml"},"content":{"rendered":"<h4>ELBE Transparent Seam Sealer<\/h4>\n<p class=\"tw-data-text tw-text-large tw-ta\" dir=\"ltr\" data-placeholder=\"T\u00f5lge\" data-ved=\"2ahUKEwjUg5rS17mLAxXyi8MKHXPtBPcQ3ewLegQIBxAV\" aria-label=\"T\u00f5lgitud tekst: Paindlik. Vastupidav. Selle 1,8 mm paksus annab RENOLIT ALKORPLAN RELIEF tugevdatud membraanile suure paindlikkuse. Looge julgelt oma basseinile soovitud kujundeid. N\u00e4ete, kui kergesti see nendega kohaneb. Valmistatud 25 meetri ja 1,65 meetri laiuste rullidena, v\u00f5imaldavad need lihtsat ja t\u00f5husat paigaldust kogu basseinis.\"><span class=\"Y2IQFc\" lang=\"et\">Nestem\u00e4inen l\u00e4pin\u00e4kyv\u00e4 PVC uima-allaskalvojen liitosten ja hitsausten lis\u00e4tiivist\u00e4miseen ja liimaukseen. Sis\u00e4- ja ulkokulmahitsausten viimeistelyyn.   <\/span>Yhden liiman\/nestem\u00e4isen PVC-raidan arvioitu kulutus 20g\/m. Sopii k\u00e4ytett\u00e4v\u00e4ksi esimerkiksi ELBE puhtaiden allaskalvojen kanssa. <\/p>\n<p>V\u00e4rivalikoima 950ml:<\/p>\n<ul>\n<li>L\u00e4pin\u00e4kyv\u00e4, v\u00e4rit\u00f6n (transparent) 2000856<\/li>\n<\/ul>\n<p>&nbsp;<\/p>\n<p>Taara ja\/tai taara voi poiketa kuvasta.<\/p>\n","protected":false},"excerpt":{"rendered":"<p>ELBE Transparent Seam Sealer Nestem\u00e4inen l\u00e4pin\u00e4kyv\u00e4 PVC uima-allaskalvojen liitosten ja hitsausten lis\u00e4tiivist\u00e4miseen ja liimaukseen. Sis\u00e4- ja ulkokulmahitsausten viimeistelyyn. Yhden liiman\/nestem\u00e4isen PVC-raidan arvioitu kulutus 20g\/m. Sopii k\u00e4ytett\u00e4v\u00e4ksi esimerkiksi ELBE puhtaiden allaskalvojen kanssa. V\u00e4rivalikoima 950ml: L\u00e4pin\u00e4kyv\u00e4, v\u00e4rit\u00f6n (transparent) 2000856 &nbsp; Taara ja\/tai taara voi poiketa kuvasta.<\/p>\n","protected":false},"featured_media":105366,"template":"","meta":{"_et_pb_use_builder":"","_et_pb_old_content":"","_et_gb_content_width":""},"product_brand":[],"product_cat":[204],"product_tag":[],"class_list":{"0":"post-108418","1":"product","2":"type-product","3":"status-publish","4":"has-post-thumbnail","6":"product_cat-uima-altaan-vuoraus","7":"product_shipping_class-pakiautomaat-fi","9":"first","10":"instock","11":"taxable","12":"shipping-taxable","13":"purchasable","14":"product-type-simple"},"jetpack_sharing_enabled":true,"_links":{"self":[{"href":"https:\/\/basseinimeistrid.ee\/fi\/wp-json\/wp\/v2\/product\/108418","targetHints":{"allow":["GET"]}}],"collection":[{"href":"https:\/\/basseinimeistrid.ee\/fi\/wp-json\/wp\/v2\/product"}],"about":[{"href":"https:\/\/basseinimeistrid.ee\/fi\/wp-json\/wp\/v2\/types\/product"}],"wp:featuredmedia":[{"embeddable":true,"href":"https:\/\/basseinimeistrid.ee\/fi\/wp-json\/wp\/v2\/media\/105366"}],"wp:attachment":[{"href":"https:\/\/basseinimeistrid.ee\/fi\/wp-json\/wp\/v2\/media?parent=108418"}],"wp:term":[{"taxonomy":"product_brand","embeddable":true,"href":"https:\/\/basseinimeistrid.ee\/fi\/wp-json\/wp\/v2\/product_brand?post=108418"},{"taxonomy":"product_cat","embeddable":true,"href":"https:\/\/basseinimeistrid.ee\/fi\/wp-json\/wp\/v2\/product_cat?post=108418"},{"taxonomy":"product_tag","embeddable":true,"href":"https:\/\/basseinimeistrid.ee\/fi\/wp-json\/wp\/v2\/product_tag?post=108418"}],"curies":[{"name":"wp","href":"https:\/\/api.w.org\/{rel}","templated":true}]}}