{"id":108421,"date":"2025-02-13T19:25:15","date_gmt":"2025-02-13T17:25:15","guid":{"rendered":"https:\/\/basseinimeistrid.ee\/pood\/Ei-luokiteltu\/renolit-alkorplan-2000-liquid-pvc-900ml\/"},"modified":"2025-03-11T23:59:03","modified_gmt":"2025-03-11T21:59:03","slug":"renolit-alkorplan-2000-liquid-pvc-900ml","status":"publish","type":"product","link":"https:\/\/basseinimeistrid.ee\/fi\/pood\/renolit-alkorplan-2000-liquid-pvc-900ml\/","title":{"rendered":"Renolit Alkorplan 2000 Liquid PVC 900ml"},"content":{"rendered":"<h4>Renolit Alkorplan Armado S\/2000 nestem\u00e4inen PVC<\/h4>\n<p id=\"tw-target-text\" class=\"tw-data-text tw-text-large tw-ta\" dir=\"ltr\" data-placeholder=\"T\u00f5lge\" data-ved=\"2ahUKEwjUg5rS17mLAxXyi8MKHXPtBPcQ3ewLegQIBxAV\" aria-label=\"T\u00f5lgitud tekst: Teie j\u00e4rgmine bassein muudab teid RENOLIT ALKORPLAN RELIEF kollektsiooniga veelgi paremaks. Avastage oma basseini vooderdise jaoks lai valik v\u00e4rve koos tekstuuride ja k\u00f5rge n\u00f5udlusega libisemiskindlate omadustega. Valige erinevate klassikaliste v\u00f5i keerukamate v\u00e4rvidega pindade hulgast. Jahedad, soojad v\u00f5i looduslikud toonid vesi. Tekstuuridega v\u00e4rvid, mis pakuvad teile uusi aistinguid ja hoolitsevad teie eest, et saaksite oma basseini veelgi rohkem nautida, ilma et peaksite jalgu kaotama.\"><span class=\"Y2IQFc\" lang=\"et\">Valitse useista klassisista v\u00e4reist\u00e4, jotka sopivat allaskalvoasi.<\/span><\/p>\n<h5 id=\"tw-target-text\" class=\"tw-data-text tw-text-large tw-ta\" dir=\"ltr\" data-placeholder=\"T\u00f5lge\" data-ved=\"2ahUKEwjUg5rS17mLAxXyi8MKHXPtBPcQ3ewLegQIBxAV\" aria-label=\"T\u00f5lgitud tekst: Paindlik. Vastupidav. Selle 1,8 mm paksus annab RENOLIT ALKORPLAN RELIEF tugevdatud membraanile suure paindlikkuse. Looge julgelt oma basseinile soovitud kujundeid. N\u00e4ete, kui kergesti see nendega kohaneb. Valmistatud 25 meetri ja 1,65 meetri laiuste rullidena, v\u00f5imaldavad need lihtsat ja t\u00f5husat paigaldust kogu basseinis.\"><span class=\"Y2IQFc\" lang=\"et\">Joustava. Kest\u00e4v\u00e4. T\u00e4ydellisesti yhteensopivia.<\/span><\/h5>\n<p class=\"tw-data-text tw-text-large tw-ta\" dir=\"ltr\" data-placeholder=\"T\u00f5lge\" data-ved=\"2ahUKEwjUg5rS17mLAxXyi8MKHXPtBPcQ3ewLegQIBxAV\" aria-label=\"T\u00f5lgitud tekst: Paindlik. Vastupidav. Selle 1,8 mm paksus annab RENOLIT ALKORPLAN RELIEF tugevdatud membraanile suure paindlikkuse. Looge julgelt oma basseinile soovitud kujundeid. N\u00e4ete, kui kergesti see nendega kohaneb. Valmistatud 25 meetri ja 1,65 meetri laiuste rullidena, v\u00f5imaldavad need lihtsat ja t\u00f5husat paigaldust kogu basseinis.\"><span class=\"Y2IQFc\" lang=\"et\">Nestem\u00e4inen PVC-uima-allaskalvojen liitosten ja hitsausten lis\u00e4tiivist\u00e4miseen ja liimaamiseen. Sis\u00e4- ja ulkokulmahitsausten viimeistelyyn. <\/span>Yhden liiman\/nestem\u00e4isen PVC-raidan arvioitu kulutus 20g\/m. Sopii k\u00e4ytett\u00e4v\u00e4ksi vain yksiv\u00e4risten Renolit Alkorplan Armado S\/2000 uima-allaskalvojen kanssa.<\/p>\n<p>V\u00e4rivalikoima 900ml:<\/p>\n<ul>\n<li>Adriameren sininen (ADRIATIC BLUE) 81039001F<\/li>\n<li>Vaaleansininen (LIGHT BLUE) 81032001F<\/li>\n<li>Valkoinen (WHITE) 81021001F<\/li>\n<li>Karibian vihre\u00e4 (CARRIBEAN GREEN) 81034001F<\/li>\n<li>Hiekkav\u00e4ri (SAND) 81054001F<\/li>\n<li>Vaaleanharmaa (LIGHT GREY) 81029001F<\/li>\n<li>Tummanharmaa (DARK GREY) 81029003F<\/li>\n<\/ul>\n<p>&nbsp;<\/p>\n<p>Taara ja\/tai taara voi poiketa kuvasta.<\/p>\n","protected":false},"excerpt":{"rendered":"<p>Renolit Alkorplan Armado S\/2000 nestem\u00e4inen PVC Valitse useista klassisista v\u00e4reist\u00e4, jotka sopivat allaskalvoasi. Joustava. Kest\u00e4v\u00e4. T\u00e4ydellisesti yhteensopivia. Nestem\u00e4inen PVC-uima-allaskalvojen liitosten ja hitsausten lis\u00e4tiivist\u00e4miseen ja liimaamiseen. Sis\u00e4- ja ulkokulmahitsausten viimeistelyyn. Yhden liiman\/nestem\u00e4isen PVC-raidan arvioitu kulutus 20g\/m. Sopii k\u00e4ytett\u00e4v\u00e4ksi vain yksiv\u00e4risten Renolit Alkorplan Armado S\/2000 uima-allaskalvojen kanssa. V\u00e4rivalikoima 900ml: Adriameren sininen (ADRIATIC BLUE) 81039001F Vaaleansininen (LIGHT BLUE) [&hellip;]<\/p>\n","protected":false},"featured_media":105324,"template":"","meta":{"_et_pb_use_builder":"","_et_pb_old_content":"","_et_gb_content_width":""},"product_brand":[],"product_cat":[204],"product_tag":[],"class_list":{"0":"post-108421","1":"product","2":"type-product","3":"status-publish","4":"has-post-thumbnail","6":"product_cat-uima-altaan-vuoraus","7":"product_shipping_class-kuller-fi","9":"first","10":"instock","11":"taxable","12":"shipping-taxable","13":"purchasable","14":"product-type-simple"},"jetpack_sharing_enabled":true,"_links":{"self":[{"href":"https:\/\/basseinimeistrid.ee\/fi\/wp-json\/wp\/v2\/product\/108421","targetHints":{"allow":["GET"]}}],"collection":[{"href":"https:\/\/basseinimeistrid.ee\/fi\/wp-json\/wp\/v2\/product"}],"about":[{"href":"https:\/\/basseinimeistrid.ee\/fi\/wp-json\/wp\/v2\/types\/product"}],"wp:featuredmedia":[{"embeddable":true,"href":"https:\/\/basseinimeistrid.ee\/fi\/wp-json\/wp\/v2\/media\/105324"}],"wp:attachment":[{"href":"https:\/\/basseinimeistrid.ee\/fi\/wp-json\/wp\/v2\/media?parent=108421"}],"wp:term":[{"taxonomy":"product_brand","embeddable":true,"href":"https:\/\/basseinimeistrid.ee\/fi\/wp-json\/wp\/v2\/product_brand?post=108421"},{"taxonomy":"product_cat","embeddable":true,"href":"https:\/\/basseinimeistrid.ee\/fi\/wp-json\/wp\/v2\/product_cat?post=108421"},{"taxonomy":"product_tag","embeddable":true,"href":"https:\/\/basseinimeistrid.ee\/fi\/wp-json\/wp\/v2\/product_tag?post=108421"}],"curies":[{"name":"wp","href":"https:\/\/api.w.org\/{rel}","templated":true}]}}