{"id":108422,"date":"2025-02-13T13:51:00","date_gmt":"2025-02-13T11:51:00","guid":{"rendered":"https:\/\/basseinimeistrid.ee\/pood\/Ei-luokiteltu\/renolit-alkorplan-armado-s-2000\/"},"modified":"2025-03-11T23:53:25","modified_gmt":"2025-03-11T21:53:25","slug":"renolit-alkorplan-armado-s-2000","status":"publish","type":"product","link":"https:\/\/basseinimeistrid.ee\/fi\/pood\/renolit-alkorplan-armado-s-2000\/","title":{"rendered":"Renolit Alkorplan Armado S\/2000"},"content":{"rendered":"<h4>Renolit Alkorplan Armado S\/2000 sarjan uima-allaskalvot<\/h4>\n<p id=\"tw-target-text\" class=\"tw-data-text tw-text-large tw-ta\" dir=\"ltr\" data-placeholder=\"T\u00f5lge\" data-ved=\"2ahUKEwjUg5rS17mLAxXyi8MKHXPtBPcQ3ewLegQIBxAV\" aria-label=\"T\u00f5lgitud tekst: Teie j\u00e4rgmine bassein muudab teid RENOLIT ALKORPLAN RELIEF kollektsiooniga veelgi paremaks. Avastage oma basseini vooderdise jaoks lai valik v\u00e4rve koos tekstuuride ja k\u00f5rge n\u00f5udlusega libisemiskindlate omadustega. Valige erinevate klassikaliste v\u00f5i keerukamate v\u00e4rvidega pindade hulgast. Jahedad, soojad v\u00f5i looduslikud toonid vesi. Tekstuuridega v\u00e4rvid, mis pakuvad teile uusi aistinguid ja hoolitsevad teie eest, et saaksite oma basseini veelgi rohkem nautida, ilma et peaksite jalgu kaotama.\"><span class=\"Y2IQFc\" lang=\"et\">Valitse useista klassisista v\u00e4reist\u00e4.<\/span><\/p>\n<h5 id=\"tw-target-text\" class=\"tw-data-text tw-text-large tw-ta\" dir=\"ltr\" data-placeholder=\"T\u00f5lge\" data-ved=\"2ahUKEwjUg5rS17mLAxXyi8MKHXPtBPcQ3ewLegQIBxAV\" aria-label=\"T\u00f5lgitud tekst: Paindlik. Vastupidav. Selle 1,8 mm paksus annab RENOLIT ALKORPLAN RELIEF tugevdatud membraanile suure paindlikkuse. Looge julgelt oma basseinile soovitud kujundeid. N\u00e4ete, kui kergesti see nendega kohaneb. Valmistatud 25 meetri ja 1,65 meetri laiuste rullidena, v\u00f5imaldavad need lihtsat ja t\u00f5husat paigaldust kogu basseinis.\"><span class=\"Y2IQFc\" lang=\"et\">Joustava. Kest\u00e4v\u00e4. <\/span><\/h5>\n<p class=\"tw-data-text tw-text-large tw-ta\" dir=\"ltr\" data-placeholder=\"T\u00f5lge\" data-ved=\"2ahUKEwjUg5rS17mLAxXyi8MKHXPtBPcQ3ewLegQIBxAV\" aria-label=\"T\u00f5lgitud tekst: Paindlik. Vastupidav. Selle 1,8 mm paksus annab RENOLIT ALKORPLAN RELIEF tugevdatud membraanile suure paindlikkuse. Looge julgelt oma basseinile soovitud kujundeid. N\u00e4ete, kui kergesti see nendega kohaneb. Valmistatud 25 meetri ja 1,65 meetri laiuste rullidena, v\u00f5imaldavad need lihtsat ja t\u00f5husat paigaldust kogu basseinis.\"><span class=\"Y2IQFc\" lang=\"et\">1,5 mm:n materiaalipaksuus antaa Renolit Alkorplan 2000 -vahvisteiselle kalvolle suuren joustavuuden. Voit vapaasti luoda uima-altaallesi haluamasi muodon. Alkorplan 2000 allasvuoraus mukautuu mihin tahansa altaan muotoon. Valmistettu rullina, joiden pituus on 25 metri\u00e4, leveys 1,65 metri\u00e4 ja 2,05 metri\u00e4, joten ne mahdollistavat helpon ja tehokkaan asennuksen mihin tahansa uima-altaaseen. <\/span><\/p>\n<ul>\n<li dir=\"ltr\" data-placeholder=\"T\u00f5lge\" data-ved=\"2ahUKEwjUg5rS17mLAxXyi8MKHXPtBPcQ3ewLegQIBxAV\" aria-label=\"T\u00f5lgitud tekst: Paindlik. Vastupidav. Selle 1,8 mm paksus annab RENOLIT ALKORPLAN RELIEF tugevdatud membraanile suure paindlikkuse. Looge julgelt oma basseinile soovitud kujundeid. N\u00e4ete, kui kergesti see nendega kohaneb. Valmistatud 25 meetri ja 1,65 meetri laiuste rullidena, v\u00f5imaldavad need lihtsat ja t\u00f5husat paigaldust kogu basseinis.\">Saksalaista laatua<\/li>\n<li dir=\"ltr\" data-placeholder=\"T\u00f5lge\" data-ved=\"2ahUKEwjUg5rS17mLAxXyi8MKHXPtBPcQ3ewLegQIBxAV\" aria-label=\"T\u00f5lgitud tekst: Paindlik. Vastupidav. Selle 1,8 mm paksus annab RENOLIT ALKORPLAN RELIEF tugevdatud membraanile suure paindlikkuse. Looge julgelt oma basseinile soovitud kujundeid. N\u00e4ete, kui kergesti see nendega kohaneb. Valmistatud 25 meetri ja 1,65 meetri laiuste rullidena, v\u00f5imaldavad need lihtsat ja t\u00f5husat paigaldust kogu basseinis.\">Laaja valikoima v\u00e4rej\u00e4<\/li>\n<li dir=\"ltr\" data-placeholder=\"T\u00f5lge\" data-ved=\"2ahUKEwjUg5rS17mLAxXyi8MKHXPtBPcQ3ewLegQIBxAV\" aria-label=\"T\u00f5lgitud tekst: Paindlik. Vastupidav. Selle 1,8 mm paksus annab RENOLIT ALKORPLAN RELIEF tugevdatud membraanile suure paindlikkuse. Looge julgelt oma basseinile soovitud kujundeid. N\u00e4ete, kui kergesti see nendega kohaneb. Valmistatud 25 meetri ja 1,65 meetri laiuste rullidena, v\u00f5imaldavad need lihtsat ja t\u00f5husat paigaldust kogu basseinis.\">Rullaa on saatavana kahdessa koossa: 1,65 x 25 m (41,25 m\u00b2) ja 2,05 x 25 m (51,25 m\u00b2)<\/li>\n<li dir=\"ltr\" data-placeholder=\"T\u00f5lge\" data-ved=\"2ahUKEwjUg5rS17mLAxXyi8MKHXPtBPcQ3ewLegQIBxAV\" aria-label=\"T\u00f5lgitud tekst: Paindlik. Vastupidav. Selle 1,8 mm paksus annab RENOLIT ALKORPLAN RELIEF tugevdatud membraanile suure paindlikkuse. Looge julgelt oma basseinile soovitud kujundeid. N\u00e4ete, kui kergesti see nendega kohaneb. Valmistatud 25 meetri ja 1,65 meetri laiuste rullidena, v\u00f5imaldavad need lihtsat ja t\u00f5husat paigaldust kogu basseinis.\">Materiaalin paksuus 1,5 mm<\/li>\n<li dir=\"ltr\" data-placeholder=\"T\u00f5lge\" data-ved=\"2ahUKEwjUg5rS17mLAxXyi8MKHXPtBPcQ3ewLegQIBxAV\" aria-label=\"T\u00f5lgitud tekst: Paindlik. Vastupidav. Selle 1,8 mm paksus annab RENOLIT ALKORPLAN RELIEF tugevdatud membraanile suure paindlikkuse. Looge julgelt oma basseinile soovitud kujundeid. N\u00e4ete, kui kergesti see nendega kohaneb. Valmistatud 25 meetri ja 1,65 meetri laiuste rullidena, v\u00f5imaldavad need lihtsat ja t\u00f5husat paigaldust kogu basseinis.\">Veden vakiol\u00e4mp\u00f6tila enint\u00e4\u00e4n 33\u00b0C<\/li>\n<li dir=\"ltr\" data-placeholder=\"T\u00f5lge\" data-ved=\"2ahUKEwjUg5rS17mLAxXyi8MKHXPtBPcQ3ewLegQIBxAV\" aria-label=\"T\u00f5lgitud tekst: Paindlik. Vastupidav. Selle 1,8 mm paksus annab RENOLIT ALKORPLAN RELIEF tugevdatud membraanile suure paindlikkuse. Looge julgelt oma basseinile soovitud kujundeid. N\u00e4ete, kui kergesti see nendega kohaneb. Valmistatud 25 meetri ja 1,65 meetri laiuste rullidena, v\u00f5imaldavad need lihtsat ja t\u00f5husat paigaldust kogu basseinis.\">V\u00e4h\u00e4inen huolto<\/li>\n<li dir=\"ltr\" data-placeholder=\"T\u00f5lge\" data-ved=\"2ahUKEwjUg5rS17mLAxXyi8MKHXPtBPcQ3ewLegQIBxAV\" aria-label=\"T\u00f5lgitud tekst: Paindlik. Vastupidav. Selle 1,8 mm paksus annab RENOLIT ALKORPLAN RELIEF tugevdatud membraanile suure paindlikkuse. Looge julgelt oma basseinile soovitud kujundeid. N\u00e4ete, kui kergesti see nendega kohaneb. Valmistatud 25 meetri ja 1,65 meetri laiuste rullidena, v\u00f5imaldavad need lihtsat ja t\u00f5husat paigaldust kogu basseinis.\">10 vuoden takuu vedenkest\u00e4vyydelle<\/li>\n<\/ul>\n<p>V\u00e4rivalikoima:<\/p>\n<ul>\n<li>Adrianmeren sininen (ADRIATIC BLUE)<\/li>\n<li>Vaaleansininen (LIGHT BLUE)<\/li>\n<li>Valkoinen (WHITE)<\/li>\n<li>Karibian vihre\u00e4 (CARRIBEAN GREEN)<\/li>\n<li>Hiekan v\u00e4ri (SAND)<\/li>\n<li>Vaaleanharmaa (VAALEAN GREY)<\/li>\n<li>Tummanharmaa (DARK GREY)<\/li>\n<\/ul>\n<p>Renolit Alkorplan Armadon valmistajan <a href=\"https:\/\/renolit-alkorplan.com\/collections\/alkorplan2000\" target=\"_blank\" rel=\"noopener\">kotisivut T\u00c4\u00c4LL\u00c4<\/a><\/p>\n<p>Renolit Alkorplan -luettelo <a href=\"https:\/\/basseinimeistrid.ee\/wp-content\/uploads\/2025\/02\/Renolit_Catalogue.pdf\" target=\"_blank\" rel=\"noopener\">T\u00c4ST\u00c4<\/a><\/p>\n","protected":false},"excerpt":{"rendered":"<p>Rulla 25 x 1,65 m (41,25 m\u00b2)<\/p>\n","protected":false},"featured_media":105314,"template":"","meta":{"_et_pb_use_builder":"","_et_pb_old_content":"","_et_gb_content_width":""},"product_brand":[],"product_cat":[204],"product_tag":[],"class_list":{"0":"post-108422","1":"product","2":"type-product","3":"status-publish","4":"has-post-thumbnail","6":"product_cat-uima-altaan-vuoraus","7":"product_shipping_class-kuller-fi","9":"first","10":"instock","11":"taxable","12":"shipping-taxable","13":"purchasable","14":"product-type-simple"},"jetpack_sharing_enabled":true,"_links":{"self":[{"href":"https:\/\/basseinimeistrid.ee\/fi\/wp-json\/wp\/v2\/product\/108422","targetHints":{"allow":["GET"]}}],"collection":[{"href":"https:\/\/basseinimeistrid.ee\/fi\/wp-json\/wp\/v2\/product"}],"about":[{"href":"https:\/\/basseinimeistrid.ee\/fi\/wp-json\/wp\/v2\/types\/product"}],"wp:featuredmedia":[{"embeddable":true,"href":"https:\/\/basseinimeistrid.ee\/fi\/wp-json\/wp\/v2\/media\/105314"}],"wp:attachment":[{"href":"https:\/\/basseinimeistrid.ee\/fi\/wp-json\/wp\/v2\/media?parent=108422"}],"wp:term":[{"taxonomy":"product_brand","embeddable":true,"href":"https:\/\/basseinimeistrid.ee\/fi\/wp-json\/wp\/v2\/product_brand?post=108422"},{"taxonomy":"product_cat","embeddable":true,"href":"https:\/\/basseinimeistrid.ee\/fi\/wp-json\/wp\/v2\/product_cat?post=108422"},{"taxonomy":"product_tag","embeddable":true,"href":"https:\/\/basseinimeistrid.ee\/fi\/wp-json\/wp\/v2\/product_tag?post=108422"}],"curies":[{"name":"wp","href":"https:\/\/api.w.org\/{rel}","templated":true}]}}