{"id":108429,"date":"2025-02-12T19:58:09","date_gmt":"2025-02-12T17:58:09","guid":{"rendered":"https:\/\/basseinimeistrid.ee\/pood\/Ei-luokiteltu\/taipuisa-putki-fitt-b-active\/"},"modified":"2025-03-11T22:49:54","modified_gmt":"2025-03-11T20:49:54","slug":"taipuisa-putki-fitt-b-active","status":"publish","type":"product","link":"https:\/\/basseinimeistrid.ee\/fi\/pood\/taipuisa-putki-fitt-b-active\/","title":{"rendered":"Taipuisa putki FITT B-Active"},"content":{"rendered":"<h4>Jokaisen allaslaitteiden asennuksen t\u00e4hti<\/h4>\n<p>Uusi erikois- ja eritt\u00e4in kloorinkest\u00e4v\u00e4 vaihtoehto uima-altaan putkistojen rakentamiseen! Patentoitu FITT B-Active -putki tarjoaa kaksinkertaisen suojan 10 vuoden takuulla. Erityisell\u00e4 D-muotoisella spiraalilla on hyv\u00e4 kuormituskest\u00e4vyys (jopa 34 kN\/m\u00b2). Eritt\u00e4in laadukkaiden materiaalien ansiosta t\u00e4m\u00e4 putki on my\u00f6s eritt\u00e4in joustava (taivutuss\u00e4de jopa 125 mm!) Kierre on suojattu erityisell\u00e4 kerroksella, joka toimii<br \/>\nesteen\u00e4 ja auttaa est\u00e4m\u00e4\u00e4n materiaalin haurautta. Putken sis\u00e4puoli on varustettu ylim\u00e4\u00e4r\u00e4isell\u00e4 patentoidulla CDS (chlorine Defense system) kloorinkest\u00e4v\u00e4ll\u00e4 kerroksella, joka antaa lis\u00e4suojan korkeaklooripitoiselta vedelt\u00e4 ja my\u00f6s happamalta vedelt\u00e4. Putki yksinkertaistaa merkitt\u00e4v\u00e4sti allaslaitteiden asennusta ahtaissa tiloissa. S\u00e4\u00e4st\u00e4\u00e4 paljon asennusaikaa.<\/p>\n<p>Putkea voidaan k\u00e4ytt\u00e4\u00e4 liimaamalla se PVC-liittimill\u00e4. Suosittelemme joustavien putkiliitosten k\u00e4ytt\u00f6\u00e4 (pidennetty liimapinta joustavassa putkessa) vaativissa olosuhteissa. Matalapainesovelluksissa se sopii k\u00e4ytett\u00e4v\u00e4ksi my\u00f6s PEM-putkiliittimien kanssa (testipaineen kest\u00e4vyys).<\/p>\n","protected":false},"excerpt":{"rendered":"<p>Jokaisen allaslaitteiden asennuksen t\u00e4hti Uusi erikois- ja eritt\u00e4in kloorinkest\u00e4v\u00e4 vaihtoehto uima-altaan putkistojen rakentamiseen! Patentoitu FITT B-Active -putki tarjoaa kaksinkertaisen suojan 10 vuoden takuulla. Erityisell\u00e4 D-muotoisella spiraalilla on hyv\u00e4 kuormituskest\u00e4vyys (jopa 34 kN\/m\u00b2). Eritt\u00e4in laadukkaiden materiaalien ansiosta t\u00e4m\u00e4 putki on my\u00f6s eritt\u00e4in joustava (taivutuss\u00e4de jopa 125 mm!) Kierre on suojattu erityisell\u00e4 kerroksella, joka toimii esteen\u00e4 ja [&hellip;]<\/p>\n","protected":false},"featured_media":106224,"template":"","meta":{"_et_pb_use_builder":"","_et_pb_old_content":"","_et_gb_content_width":""},"product_brand":[],"product_cat":[178],"product_tag":[],"class_list":{"0":"post-108429","1":"product","2":"type-product","3":"status-publish","4":"has-post-thumbnail","6":"product_cat-joustavat-putket","7":"product_shipping_class-kuller-fi","9":"first","10":"instock","11":"taxable","12":"shipping-taxable","13":"purchasable","14":"product-type-simple"},"jetpack_sharing_enabled":true,"_links":{"self":[{"href":"https:\/\/basseinimeistrid.ee\/fi\/wp-json\/wp\/v2\/product\/108429","targetHints":{"allow":["GET"]}}],"collection":[{"href":"https:\/\/basseinimeistrid.ee\/fi\/wp-json\/wp\/v2\/product"}],"about":[{"href":"https:\/\/basseinimeistrid.ee\/fi\/wp-json\/wp\/v2\/types\/product"}],"wp:featuredmedia":[{"embeddable":true,"href":"https:\/\/basseinimeistrid.ee\/fi\/wp-json\/wp\/v2\/media\/106224"}],"wp:attachment":[{"href":"https:\/\/basseinimeistrid.ee\/fi\/wp-json\/wp\/v2\/media?parent=108429"}],"wp:term":[{"taxonomy":"product_brand","embeddable":true,"href":"https:\/\/basseinimeistrid.ee\/fi\/wp-json\/wp\/v2\/product_brand?post=108429"},{"taxonomy":"product_cat","embeddable":true,"href":"https:\/\/basseinimeistrid.ee\/fi\/wp-json\/wp\/v2\/product_cat?post=108429"},{"taxonomy":"product_tag","embeddable":true,"href":"https:\/\/basseinimeistrid.ee\/fi\/wp-json\/wp\/v2\/product_tag?post=108429"}],"curies":[{"name":"wp","href":"https:\/\/api.w.org\/{rel}","templated":true}]}}