{"id":108432,"date":"2025-02-12T18:56:45","date_gmt":"2025-02-12T16:56:45","guid":{"rendered":"https:\/\/basseinimeistrid.ee\/pood\/Ei-luokiteltu\/taipuisa-putki-poolflex-blue\/"},"modified":"2025-03-11T20:03:44","modified_gmt":"2025-03-11T18:03:44","slug":"taipuisa-putki-poolflex-blue","status":"publish","type":"product","link":"https:\/\/basseinimeistrid.ee\/fi\/pood\/taipuisa-putki-poolflex-blue\/","title":{"rendered":"Taipuisa putki Poolflex Blue"},"content":{"rendered":"<p>Poolflex Blue joustava PVC-putki, jossa on parannettu kloorinkesto. Sopii hyvin uima-altaan laitteiden liitt\u00e4miseen ahtaissa tiloissa. Putki on liimattava ja yhteensopiva PVC-liittimien kanssa. Suosittelemme joustavien putkiliittimien k\u00e4ytt\u00f6\u00e4 (pidennetty liitospinta joustavassa putkessa) vaativissa olosuhteissa. Matalapainesovelluksissa se sopii k\u00e4ytett\u00e4v\u00e4ksi my\u00f6s PEM-putkiliittimien kanssa (testipaineen kest\u00e4vyys).<\/p>\n<p>Tuote 25 ja 50 m pituisissa rullissa<\/p>\n","protected":false},"excerpt":{"rendered":"<p>Poolflex Blue joustava PVC-putki, jossa on parannettu kloorinkesto. Sopii hyvin uima-altaan laitteiden liitt\u00e4miseen ahtaissa tiloissa. Putki on liimattava ja yhteensopiva PVC-liittimien kanssa. Suosittelemme joustavien putkiliittimien k\u00e4ytt\u00f6\u00e4 (pidennetty liitospinta joustavassa putkessa) vaativissa olosuhteissa. Matalapainesovelluksissa se sopii k\u00e4ytett\u00e4v\u00e4ksi my\u00f6s PEM-putkiliittimien kanssa (testipaineen kest\u00e4vyys). Tuote 25 ja 50 m pituisissa rullissa<\/p>\n","protected":false},"featured_media":105212,"template":"","meta":{"_et_pb_use_builder":"","_et_pb_old_content":"","_et_gb_content_width":""},"product_brand":[],"product_cat":[178],"product_tag":[],"class_list":{"0":"post-108432","1":"product","2":"type-product","3":"status-publish","4":"has-post-thumbnail","6":"product_cat-joustavat-putket","7":"product_shipping_class-kuller-fi","9":"first","10":"instock","11":"taxable","12":"shipping-taxable","13":"purchasable","14":"product-type-simple"},"jetpack_sharing_enabled":true,"_links":{"self":[{"href":"https:\/\/basseinimeistrid.ee\/fi\/wp-json\/wp\/v2\/product\/108432","targetHints":{"allow":["GET"]}}],"collection":[{"href":"https:\/\/basseinimeistrid.ee\/fi\/wp-json\/wp\/v2\/product"}],"about":[{"href":"https:\/\/basseinimeistrid.ee\/fi\/wp-json\/wp\/v2\/types\/product"}],"wp:featuredmedia":[{"embeddable":true,"href":"https:\/\/basseinimeistrid.ee\/fi\/wp-json\/wp\/v2\/media\/105212"}],"wp:attachment":[{"href":"https:\/\/basseinimeistrid.ee\/fi\/wp-json\/wp\/v2\/media?parent=108432"}],"wp:term":[{"taxonomy":"product_brand","embeddable":true,"href":"https:\/\/basseinimeistrid.ee\/fi\/wp-json\/wp\/v2\/product_brand?post=108432"},{"taxonomy":"product_cat","embeddable":true,"href":"https:\/\/basseinimeistrid.ee\/fi\/wp-json\/wp\/v2\/product_cat?post=108432"},{"taxonomy":"product_tag","embeddable":true,"href":"https:\/\/basseinimeistrid.ee\/fi\/wp-json\/wp\/v2\/product_tag?post=108432"}],"curies":[{"name":"wp","href":"https:\/\/api.w.org\/{rel}","templated":true}]}}