{"id":108433,"date":"2025-02-12T18:44:08","date_gmt":"2025-02-12T16:44:08","guid":{"rendered":"https:\/\/basseinimeistrid.ee\/pood\/Ei-luokiteltu\/lapinakyva-pvc-u-putki-1m\/"},"modified":"2025-03-11T20:06:47","modified_gmt":"2025-03-11T18:06:47","slug":"lapinakyva-pvc-u-putki-1m","status":"publish","type":"product","link":"https:\/\/basseinimeistrid.ee\/fi\/pood\/lapinakyva-pvc-u-putki-1m\/","title":{"rendered":"L\u00e4pin\u00e4kyv\u00e4 PVC-U putki 1M"},"content":{"rendered":"<p>Parempaa visuaalista tarkastusta varten on mahdollista lis\u00e4t\u00e4 l\u00e4pin\u00e4kyvi\u00e4 osia allasputkistoon. Saatavilla on 1 m pitki\u00e4 50 ja 63 mm putkia.<\/p>\n<p><strong>PVC-U polyvinyylikloridiputkia voidaan k\u00e4ytt\u00e4\u00e4 seuraavilla alueilla<\/strong> :<\/p>\n<ul>\n<li>Allasvesij\u00e4rjestelmiss\u00e4<\/li>\n<li>Kastelu- ja kasteluj\u00e4rjestelmiss\u00e4<\/li>\n<li>Juomavesij\u00e4rjestelm\u00e4n asennuksissa<\/li>\n<li>Kemiallisten j\u00e4rjestelmien asennuksissa<\/li>\n<\/ul>\n<p><strong>T\u00e4rkeit\u00e4 faktoja valittaessa PVC-U-materiaalia:<\/strong><\/p>\n<ul>\n<li>Erinomainen yhteensopivuus erilaisten kemikaalien kanssa<\/li>\n<li>Korroosionkest\u00e4v\u00e4 (ei ruostu)<\/li>\n<li>Helppo asentaa<\/li>\n<li>Vaatii v\u00e4h\u00e4n huoltoa<\/li>\n<li>Kest\u00e4vyys<\/li>\n<\/ul>\n<p>&nbsp;<\/p>\n","protected":false},"excerpt":{"rendered":"<p>Parempaa visuaalista tarkastusta varten on mahdollista lis\u00e4t\u00e4 l\u00e4pin\u00e4kyvi\u00e4 osia allasputkistoon. Saatavilla on 1 m pitki\u00e4 50 ja 63 mm putkia. PVC-U polyvinyylikloridiputkia voidaan k\u00e4ytt\u00e4\u00e4 seuraavilla alueilla : Allasvesij\u00e4rjestelmiss\u00e4 Kastelu- ja kasteluj\u00e4rjestelmiss\u00e4 Juomavesij\u00e4rjestelm\u00e4n asennuksissa Kemiallisten j\u00e4rjestelmien asennuksissa T\u00e4rkeit\u00e4 faktoja valittaessa PVC-U-materiaalia: Erinomainen yhteensopivuus erilaisten kemikaalien kanssa Korroosionkest\u00e4v\u00e4 (ei ruostu) Helppo asentaa Vaatii v\u00e4h\u00e4n huoltoa Kest\u00e4vyys &nbsp;<\/p>\n","protected":false},"featured_media":105170,"template":"","meta":{"_et_pb_use_builder":"","_et_pb_old_content":"","_et_gb_content_width":""},"product_brand":[],"product_cat":[173],"product_tag":[],"class_list":{"0":"post-108433","1":"product","2":"type-product","3":"status-publish","4":"has-post-thumbnail","6":"product_cat-pvc-u-putket","7":"product_shipping_class-kuller-fi","9":"first","10":"instock","11":"taxable","12":"shipping-taxable","13":"purchasable","14":"product-type-simple"},"jetpack_sharing_enabled":true,"_links":{"self":[{"href":"https:\/\/basseinimeistrid.ee\/fi\/wp-json\/wp\/v2\/product\/108433","targetHints":{"allow":["GET"]}}],"collection":[{"href":"https:\/\/basseinimeistrid.ee\/fi\/wp-json\/wp\/v2\/product"}],"about":[{"href":"https:\/\/basseinimeistrid.ee\/fi\/wp-json\/wp\/v2\/types\/product"}],"wp:featuredmedia":[{"embeddable":true,"href":"https:\/\/basseinimeistrid.ee\/fi\/wp-json\/wp\/v2\/media\/105170"}],"wp:attachment":[{"href":"https:\/\/basseinimeistrid.ee\/fi\/wp-json\/wp\/v2\/media?parent=108433"}],"wp:term":[{"taxonomy":"product_brand","embeddable":true,"href":"https:\/\/basseinimeistrid.ee\/fi\/wp-json\/wp\/v2\/product_brand?post=108433"},{"taxonomy":"product_cat","embeddable":true,"href":"https:\/\/basseinimeistrid.ee\/fi\/wp-json\/wp\/v2\/product_cat?post=108433"},{"taxonomy":"product_tag","embeddable":true,"href":"https:\/\/basseinimeistrid.ee\/fi\/wp-json\/wp\/v2\/product_tag?post=108433"}],"curies":[{"name":"wp","href":"https:\/\/api.w.org\/{rel}","templated":true}]}}