{"id":108434,"date":"2025-02-12T17:58:08","date_gmt":"2025-02-12T15:58:08","guid":{"rendered":"https:\/\/basseinimeistrid.ee\/pood\/Ei-luokiteltu\/pvc-u-putki-2m\/"},"modified":"2025-03-11T20:20:23","modified_gmt":"2025-03-11T18:20:23","slug":"pvc-u-putki-2m","status":"publish","type":"product","link":"https:\/\/basseinimeistrid.ee\/fi\/pood\/pvc-u-putki-2m\/","title":{"rendered":"PVC-U putki 2M"},"content":{"rendered":"<p><strong>PVC-U polyvinyylikloridiputkia voidaan k\u00e4ytt\u00e4\u00e4 seuraavilla alueilla<\/strong> :<\/p>\n<ul>\n<li>Allasvesij\u00e4rjestelmiss\u00e4<\/li>\n<li>Kastelu- ja kasteluj\u00e4rjestelmiss\u00e4<\/li>\n<li>Juomavesij\u00e4rjestelm\u00e4n asennuksissa<\/li>\n<li>Kemiallisten j\u00e4rjestelmien asennuksissa<\/li>\n<\/ul>\n<p><strong>T\u00e4rkeit\u00e4 faktoja valittaessa PVC-U-materiaalia:<\/strong><\/p>\n<ul>\n<li>Erinomainen yhteensopivuus erilaisten kemikaalien kanssa<\/li>\n<li>Korroosionkest\u00e4v\u00e4 (ei ruostu)<\/li>\n<li>Helppo asentaa<\/li>\n<li>Vaatii v\u00e4h\u00e4n huoltoa<\/li>\n<li>Kest\u00e4vyys<\/li>\n<\/ul>\n<p>HUOM! Mahdollisuus tilata my\u00f6s 5m pitki\u00e4 putkia, tarjouspyynt\u00f6 <a href=\"mailto:info@basseinimeistrid.ee\">info@basseinimeistrid.ee<\/a><\/p>\n","protected":false},"excerpt":{"rendered":"<p>PVC-U polyvinyylikloridiputkia voidaan k\u00e4ytt\u00e4\u00e4 seuraavilla alueilla : Allasvesij\u00e4rjestelmiss\u00e4 Kastelu- ja kasteluj\u00e4rjestelmiss\u00e4 Juomavesij\u00e4rjestelm\u00e4n asennuksissa Kemiallisten j\u00e4rjestelmien asennuksissa T\u00e4rkeit\u00e4 faktoja valittaessa PVC-U-materiaalia: Erinomainen yhteensopivuus erilaisten kemikaalien kanssa Korroosionkest\u00e4v\u00e4 (ei ruostu) Helppo asentaa Vaatii v\u00e4h\u00e4n huoltoa Kest\u00e4vyys HUOM! Mahdollisuus tilata my\u00f6s 5m pitki\u00e4 putkia, tarjouspyynt\u00f6 info@basseinimeistrid.ee<\/p>\n","protected":false},"featured_media":105159,"template":"","meta":{"_et_pb_use_builder":"","_et_pb_old_content":"","_et_gb_content_width":""},"product_brand":[],"product_cat":[173],"product_tag":[],"class_list":{"0":"post-108434","1":"product","2":"type-product","3":"status-publish","4":"has-post-thumbnail","6":"product_cat-pvc-u-putket","7":"product_shipping_class-kuller-fi","9":"first","10":"instock","11":"taxable","12":"shipping-taxable","13":"purchasable","14":"product-type-simple"},"jetpack_sharing_enabled":true,"_links":{"self":[{"href":"https:\/\/basseinimeistrid.ee\/fi\/wp-json\/wp\/v2\/product\/108434","targetHints":{"allow":["GET"]}}],"collection":[{"href":"https:\/\/basseinimeistrid.ee\/fi\/wp-json\/wp\/v2\/product"}],"about":[{"href":"https:\/\/basseinimeistrid.ee\/fi\/wp-json\/wp\/v2\/types\/product"}],"wp:featuredmedia":[{"embeddable":true,"href":"https:\/\/basseinimeistrid.ee\/fi\/wp-json\/wp\/v2\/media\/105159"}],"wp:attachment":[{"href":"https:\/\/basseinimeistrid.ee\/fi\/wp-json\/wp\/v2\/media?parent=108434"}],"wp:term":[{"taxonomy":"product_brand","embeddable":true,"href":"https:\/\/basseinimeistrid.ee\/fi\/wp-json\/wp\/v2\/product_brand?post=108434"},{"taxonomy":"product_cat","embeddable":true,"href":"https:\/\/basseinimeistrid.ee\/fi\/wp-json\/wp\/v2\/product_cat?post=108434"},{"taxonomy":"product_tag","embeddable":true,"href":"https:\/\/basseinimeistrid.ee\/fi\/wp-json\/wp\/v2\/product_tag?post=108434"}],"curies":[{"name":"wp","href":"https:\/\/api.w.org\/{rel}","templated":true}]}}