{"id":108435,"date":"2025-02-12T14:43:53","date_gmt":"2025-02-12T12:43:53","guid":{"rendered":"https:\/\/basseinimeistrid.ee\/pood\/Ei-luokiteltu\/elbe-supra-yksivariset-allaskalvot\/"},"modified":"2025-03-11T20:25:18","modified_gmt":"2025-03-11T18:25:18","slug":"elbe-supra-yksivariset-allaskalvot","status":"publish","type":"product","link":"https:\/\/basseinimeistrid.ee\/fi\/pood\/elbe-supra-yksivariset-allaskalvot\/","title":{"rendered":"ELBE Supra, yksiv\u00e4riset allaskalvot"},"content":{"rendered":"<h4 class=\"tw-data-text tw-text-large tw-ta\" dir=\"ltr\" data-placeholder=\"T\u00f5lge\" data-ved=\"2ahUKEwjUg5rS17mLAxXyi8MKHXPtBPcQ3ewLegQIBxAV\" aria-label=\"T\u00f5lgitud tekst: TUGEVDATUD POOLI MEMBRAAN Ainulaadse 3D-PINNAGA\"><span class=\"Y2IQFc\" lang=\"et\">ELBE Supra yksiv\u00e4riset allaskalvot<\/span><\/h4>\n<p id=\"tw-target-text\" class=\"tw-data-text tw-text-large tw-ta\" dir=\"ltr\" data-placeholder=\"T\u00f5lge\" data-ved=\"2ahUKEwjUg5rS17mLAxXyi8MKHXPtBPcQ3ewLegQIBxAV\" aria-label=\"T\u00f5lgitud tekst: SUPRA tugevdatud basseinimembraanid inspireerivad oma k\u00f5rge kloori- ja UV-stabiilsusega, klassikaliste v\u00e4rvide ja kauni disainiga. Eriline Kaetud pind tagab lihtsa puhastamise ning pakub t\u00e4iendavat kaitset plekkide ja v\u00e4rvimuutuste eest.\"><span class=\"Y2IQFc\" lang=\"et\">ELBE SUPRA vahvistetut uima-allaskalvot inspiroivat korkealla kloori- ja UV-kest\u00e4vyydell\u00e4, klassisilla v\u00e4reill\u00e4 ja kauniilla muotoilullaan. Erikoisk\u00e4sitelty pinta varmistaa helpon puhdistuksen ja tarjoaa lis\u00e4suojaa lialta ja v\u00e4rimuutoksia vastaan. <\/span><\/p>\n<ul>\n<li class=\"tw-data-text tw-text-large tw-ta\" dir=\"ltr\" data-placeholder=\"T\u00f5lge\" data-ved=\"2ahUKEwjUg5rS17mLAxXyi8MKHXPtBPcQ3ewLegQIBxAV\" aria-label=\"T\u00f5lgitud tekst: elite\u00ae motion \u00fchendab suurep\u00e4rased tooteomadused h\u00e4mmastava muljetavaldava 3D pinnaga. See ainulaadne basseinimembraan ei paku mitte ainult optimaalset kaitset mustuse eest piki veeliini, vaid veenab ka oma \u00e4\u00e4rmise UV-kindluse ja v\u00e4rvide vastupidavusega. suure j\u00f5udlusega basseinimembraan ainulaadse v\u00f5rgustruktuuriga suurep\u00e4rane kaitselakk elegantne haptiline pinnatekstuur Libisemisvastane kaitse t\u00e4ielik kaitse piki veeliini \u00e4\u00e4rmine vastupidavus pleegitamisele ja v\u00e4rvimuutusele silmapaistev tasapinnalisus lihtsaks paigaldamiseks madalaim suitsu eraldumine keevitamise ajal saadaval 6 tavalises v\u00e4rvitoonis\"><span class=\"Y2IQFc\" lang=\"et\">Laadukkaat PVC-uima-allaskalvot saksalaiselta valmistajalta<\/span><\/li>\n<li class=\"tw-data-text tw-text-large tw-ta\" dir=\"ltr\" data-placeholder=\"T\u00f5lge\" data-ved=\"2ahUKEwjUg5rS17mLAxXyi8MKHXPtBPcQ3ewLegQIBxAV\" aria-label=\"T\u00f5lgitud tekst: elite\u00ae motion \u00fchendab suurep\u00e4rased tooteomadused h\u00e4mmastava muljetavaldava 3D pinnaga. See ainulaadne basseinimembraan ei paku mitte ainult optimaalset kaitset mustuse eest piki veeliini, vaid veenab ka oma \u00e4\u00e4rmise UV-kindluse ja v\u00e4rvide vastupidavusega. suure j\u00f5udlusega basseinimembraan ainulaadse v\u00f5rgustruktuuriga suurep\u00e4rane kaitselakk elegantne haptiline pinnatekstuur Libisemisvastane kaitse t\u00e4ielik kaitse piki veeliini \u00e4\u00e4rmine vastupidavus pleegitamisele ja v\u00e4rvimuutusele silmapaistev tasapinnalisus lihtsaks paigaldamiseks madalaim suitsu eraldumine keevitamise ajal saadaval 6 tavalises v\u00e4rvitoonis\"><span class=\"Y2IQFc\" lang=\"et\">Helppo puhdistaa<\/span><\/li>\n<li class=\"tw-data-text tw-text-large tw-ta\" dir=\"ltr\" data-placeholder=\"T\u00f5lge\" data-ved=\"2ahUKEwjUg5rS17mLAxXyi8MKHXPtBPcQ3ewLegQIBxAV\" aria-label=\"T\u00f5lgitud tekst: elite\u00ae motion \u00fchendab suurep\u00e4rased tooteomadused h\u00e4mmastava muljetavaldava 3D pinnaga. See ainulaadne basseinimembraan ei paku mitte ainult optimaalset kaitset mustuse eest piki veeliini, vaid veenab ka oma \u00e4\u00e4rmise UV-kindluse ja v\u00e4rvide vastupidavusega. suure j\u00f5udlusega basseinimembraan ainulaadse v\u00f5rgustruktuuriga suurep\u00e4rane kaitselakk elegantne haptiline pinnatekstuur Libisemisvastane kaitse t\u00e4ielik kaitse piki veeliini \u00e4\u00e4rmine vastupidavus pleegitamisele ja v\u00e4rvimuutusele silmapaistev tasapinnalisus lihtsaks paigaldamiseks madalaim suitsu eraldumine keevitamise ajal saadaval 6 tavalises v\u00e4rvitoonis\"><span class=\"Y2IQFc\" lang=\"et\">Kest\u00e4\u00e4 haalistumista ja v\u00e4rimuutoksia<\/span><\/li>\n<li class=\"tw-data-text tw-text-large tw-ta\" dir=\"ltr\" data-placeholder=\"T\u00f5lge\" data-ved=\"2ahUKEwjUg5rS17mLAxXyi8MKHXPtBPcQ3ewLegQIBxAV\" aria-label=\"T\u00f5lgitud tekst: elite\u00ae motion \u00fchendab suurep\u00e4rased tooteomadused h\u00e4mmastava muljetavaldava 3D pinnaga. See ainulaadne basseinimembraan ei paku mitte ainult optimaalset kaitset mustuse eest piki veeliini, vaid veenab ka oma \u00e4\u00e4rmise UV-kindluse ja v\u00e4rvide vastupidavusega. suure j\u00f5udlusega basseinimembraan ainulaadse v\u00f5rgustruktuuriga suurep\u00e4rane kaitselakk elegantne haptiline pinnatekstuur Libisemisvastane kaitse t\u00e4ielik kaitse piki veeliini \u00e4\u00e4rmine vastupidavus pleegitamisele ja v\u00e4rvimuutusele silmapaistev tasapinnalisus lihtsaks paigaldamiseks madalaim suitsu eraldumine keevitamise ajal saadaval 6 tavalises v\u00e4rvitoonis\"><span class=\"Y2IQFc\" lang=\"et\">Helppo asentaa<\/span><\/li>\n<li class=\"tw-data-text tw-text-large tw-ta\" dir=\"ltr\" data-placeholder=\"T\u00f5lge\" data-ved=\"2ahUKEwjUg5rS17mLAxXyi8MKHXPtBPcQ3ewLegQIBxAV\" aria-label=\"T\u00f5lgitud tekst: elite\u00ae motion \u00fchendab suurep\u00e4rased tooteomadused h\u00e4mmastava muljetavaldava 3D pinnaga. See ainulaadne basseinimembraan ei paku mitte ainult optimaalset kaitset mustuse eest piki veeliini, vaid veenab ka oma \u00e4\u00e4rmise UV-kindluse ja v\u00e4rvide vastupidavusega. suure j\u00f5udlusega basseinimembraan ainulaadse v\u00f5rgustruktuuriga suurep\u00e4rane kaitselakk elegantne haptiline pinnatekstuur Libisemisvastane kaitse t\u00e4ielik kaitse piki veeliini \u00e4\u00e4rmine vastupidavus pleegitamisele ja v\u00e4rvimuutusele silmapaistev tasapinnalisus lihtsaks paigaldamiseks madalaim suitsu eraldumine keevitamise ajal saadaval 6 tavalises v\u00e4rvitoonis\">Saatavana kahdeksassa <span class=\"Y2IQFc\" lang=\"et\">v\u00e4riss\u00e4<\/span><\/li>\n<li dir=\"ltr\" data-placeholder=\"T\u00f5lge\" data-ved=\"2ahUKEwjUg5rS17mLAxXyi8MKHXPtBPcQ3ewLegQIBxAV\" aria-label=\"T\u00f5lgitud tekst: elite\u00ae motion \u00fchendab suurep\u00e4rased tooteomadused h\u00e4mmastava muljetavaldava 3D pinnaga. See ainulaadne basseinimembraan ei paku mitte ainult optimaalset kaitset mustuse eest piki veeliini, vaid veenab ka oma \u00e4\u00e4rmise UV-kindluse ja v\u00e4rvide vastupidavusega. suure j\u00f5udlusega basseinimembraan ainulaadse v\u00f5rgustruktuuriga suurep\u00e4rane kaitselakk elegantne haptiline pinnatekstuur Libisemisvastane kaitse t\u00e4ielik kaitse piki veeliini \u00e4\u00e4rmine vastupidavus pleegitamisele ja v\u00e4rvimuutusele silmapaistev tasapinnalisus lihtsaks paigaldamiseks madalaim suitsu eraldumine keevitamise ajal saadaval 6 tavalises v\u00e4rvitoonis\">Rullan koko 25 x 1,65 m e. 41,25 m\u00b2. Tuotteen hinta 1075 \u20ac+alv on yhdelle rullalle. Neli\u00f6metrihinta tulee olemaan 26,05 \u20ac + alv.<\/li>\n<li dir=\"ltr\" data-placeholder=\"T\u00f5lge\" data-ved=\"2ahUKEwjUg5rS17mLAxXyi8MKHXPtBPcQ3ewLegQIBxAV\" aria-label=\"T\u00f5lgitud tekst: elite\u00ae motion \u00fchendab suurep\u00e4rased tooteomadused h\u00e4mmastava muljetavaldava 3D pinnaga. See ainulaadne basseinimembraan ei paku mitte ainult optimaalset kaitset mustuse eest piki veeliini, vaid veenab ka oma \u00e4\u00e4rmise UV-kindluse ja v\u00e4rvide vastupidavusega. suure j\u00f5udlusega basseinimembraan ainulaadse v\u00f5rgustruktuuriga suurep\u00e4rane kaitselakk elegantne haptiline pinnatekstuur Libisemisvastane kaitse t\u00e4ielik kaitse piki veeliini \u00e4\u00e4rmine vastupidavus pleegitamisele ja v\u00e4rvimuutusele silmapaistev tasapinnalisus lihtsaks paigaldamiseks madalaim suitsu eraldumine keevitamise ajal saadaval 6 tavalises v\u00e4rvitoonis\">Paksuus 1,5mm<\/li>\n<li dir=\"ltr\" data-placeholder=\"T\u00f5lge\" data-ved=\"2ahUKEwjUg5rS17mLAxXyi8MKHXPtBPcQ3ewLegQIBxAV\" aria-label=\"T\u00f5lgitud tekst: elite\u00ae motion \u00fchendab suurep\u00e4rased tooteomadused h\u00e4mmastava muljetavaldava 3D pinnaga. See ainulaadne basseinimembraan ei paku mitte ainult optimaalset kaitset mustuse eest piki veeliini, vaid veenab ka oma \u00e4\u00e4rmise UV-kindluse ja v\u00e4rvide vastupidavusega. suure j\u00f5udlusega basseinimembraan ainulaadse v\u00f5rgustruktuuriga suurep\u00e4rane kaitselakk elegantne haptiline pinnatekstuur Libisemisvastane kaitse t\u00e4ielik kaitse piki veeliini \u00e4\u00e4rmine vastupidavus pleegitamisele ja v\u00e4rvimuutusele silmapaistev tasapinnalisus lihtsaks paigaldamiseks madalaim suitsu eraldumine keevitamise ajal saadaval 6 tavalises v\u00e4rvitoonis\">Supra-allasvuori sopii sek\u00e4 sis\u00e4- ett\u00e4 ulkok\u00e4ytt\u00f6\u00f6n<\/li>\n<li dir=\"ltr\" data-placeholder=\"T\u00f5lge\" data-ved=\"2ahUKEwjUg5rS17mLAxXyi8MKHXPtBPcQ3ewLegQIBxAV\" aria-label=\"T\u00f5lgitud tekst: elite\u00ae motion \u00fchendab suurep\u00e4rased tooteomadused h\u00e4mmastava muljetavaldava 3D pinnaga. See ainulaadne basseinimembraan ei paku mitte ainult optimaalset kaitset mustuse eest piki veeliini, vaid veenab ka oma \u00e4\u00e4rmise UV-kindluse ja v\u00e4rvide vastupidavusega. suure j\u00f5udlusega basseinimembraan ainulaadse v\u00f5rgustruktuuriga suurep\u00e4rane kaitselakk elegantne haptiline pinnatekstuur Libisemisvastane kaitse t\u00e4ielik kaitse piki veeliini \u00e4\u00e4rmine vastupidavus pleegitamisele ja v\u00e4rvimuutusele silmapaistev tasapinnalisus lihtsaks paigaldamiseks madalaim suitsu eraldumine keevitamise ajal saadaval 6 tavalises v\u00e4rvitoonis\">Useimmat ELBE Supra -v\u00e4rit ovat saatavilla pyynn\u00f6st\u00e4 my\u00f6s 2 m levein\u00e4 rullina. Kysy saatavuutta <a href=\"mailto:info@basseinimeistrid.ee\">info@basseinimeistrid.ee<\/a><\/li>\n<\/ul>\n<p>15 vuoden takuu vedenkest\u00e4vyydelle.<\/p>\n<p>Lapsiyst\u00e4v\u00e4llinen materiaali. T\u00e4ytt\u00e4\u00e4 standardin EN:71-3,<\/p>\n<p>ELBE Supran <span class=\"Y2IQFc\" lang=\"et\">esittely valmistajan verkkosivuilla<\/span> <a href=\"https:\/\/elbepools.com\/products\/plain-color\/\" target=\"_blank\" rel=\"noopener\">T\u00c4\u00c4LT\u00c4<\/a><\/p>\n","protected":false},"excerpt":{"rendered":"<p>ELBE Supra yksiv\u00e4riset allaskalvot ELBE SUPRA vahvistetut uima-allaskalvot inspiroivat korkealla kloori- ja UV-kest\u00e4vyydell\u00e4, klassisilla v\u00e4reill\u00e4 ja kauniilla muotoilullaan. Erikoisk\u00e4sitelty pinta varmistaa helpon puhdistuksen ja tarjoaa lis\u00e4suojaa lialta ja v\u00e4rimuutoksia vastaan. Laadukkaat PVC-uima-allaskalvot saksalaiselta valmistajalta Helppo puhdistaa Kest\u00e4\u00e4 haalistumista ja v\u00e4rimuutoksia Helppo asentaa Saatavana kahdeksassa v\u00e4riss\u00e4 Rullan koko 25 x 1,65 m e. 41,25 m\u00b2. Tuotteen [&hellip;]<\/p>\n","protected":false},"featured_media":105121,"template":"","meta":{"_et_pb_use_builder":"","_et_pb_old_content":"","_et_gb_content_width":""},"product_brand":[],"product_cat":[204],"product_tag":[],"class_list":{"0":"post-108435","1":"product","2":"type-product","3":"status-publish","4":"has-post-thumbnail","6":"product_cat-uima-altaan-vuoraus","7":"product_shipping_class-kuller-fi","9":"first","10":"instock","11":"taxable","12":"shipping-taxable","13":"purchasable","14":"product-type-simple"},"jetpack_sharing_enabled":true,"_links":{"self":[{"href":"https:\/\/basseinimeistrid.ee\/fi\/wp-json\/wp\/v2\/product\/108435","targetHints":{"allow":["GET"]}}],"collection":[{"href":"https:\/\/basseinimeistrid.ee\/fi\/wp-json\/wp\/v2\/product"}],"about":[{"href":"https:\/\/basseinimeistrid.ee\/fi\/wp-json\/wp\/v2\/types\/product"}],"wp:featuredmedia":[{"embeddable":true,"href":"https:\/\/basseinimeistrid.ee\/fi\/wp-json\/wp\/v2\/media\/105121"}],"wp:attachment":[{"href":"https:\/\/basseinimeistrid.ee\/fi\/wp-json\/wp\/v2\/media?parent=108435"}],"wp:term":[{"taxonomy":"product_brand","embeddable":true,"href":"https:\/\/basseinimeistrid.ee\/fi\/wp-json\/wp\/v2\/product_brand?post=108435"},{"taxonomy":"product_cat","embeddable":true,"href":"https:\/\/basseinimeistrid.ee\/fi\/wp-json\/wp\/v2\/product_cat?post=108435"},{"taxonomy":"product_tag","embeddable":true,"href":"https:\/\/basseinimeistrid.ee\/fi\/wp-json\/wp\/v2\/product_tag?post=108435"}],"curies":[{"name":"wp","href":"https:\/\/api.w.org\/{rel}","templated":true}]}}