{"id":108437,"date":"2025-02-12T14:14:36","date_gmt":"2025-02-12T12:14:36","guid":{"rendered":"https:\/\/basseinimeistrid.ee\/pood\/Ei-luokiteltu\/elbe-pure-sand-stone\/"},"modified":"2025-03-15T15:22:59","modified_gmt":"2025-03-15T13:22:59","slug":"elbe-pure-sand-stone","status":"publish","type":"product","link":"https:\/\/basseinimeistrid.ee\/fi\/pood\/elbe-pure-sand-stone\/","title":{"rendered":"ELBE pure Sand Stone"},"content":{"rendered":"<h4 class=\"tw-data-text tw-text-large tw-ta\" dir=\"ltr\" data-placeholder=\"T\u00f5lge\" data-ved=\"2ahUKEwjUg5rS17mLAxXyi8MKHXPtBPcQ3ewLegQIBxAV\" aria-label=\"T\u00f5lgitud tekst: TUGEVDATUD POOLI MEMBRAAN Ainulaadse 3D-PINNAGA\"><span class=\"Y2IQFc\" lang=\"et\">ELBE Pure allaskalvot<\/span><\/h4>\n<p id=\"tw-target-text\" class=\"tw-data-text tw-text-large tw-ta\" dir=\"ltr\" data-placeholder=\"T\u00f5lge\" data-ved=\"2ahUKEwjUg5rS17mLAxXyi8MKHXPtBPcQ3ewLegQIBxAV\" aria-label=\"T\u00f5lgitud tekst: Koosk\u00f5las loodusega. Loodusliku kivi v\u00e4rvidest, kujunditest ja tekstuuridest inspireeritud membraani kaunistused loovad illusiooni autentsetest kivimaastikest. Eksklusiivsed toonid ja mustrid pakuvad intensiivset mugavust, rahulikkust ja soojust. Keerulise tekstuuriga 3D-pind sulandub harmooniliselt basseini loomulikku keskkonda ja selle membraani ainulaadne visuaalne renderdus on suurep\u00e4raselt \u00fchendatud selle suurep\u00e4raste tehniliste omadustega, et pakkuda puhtaima ujumisr\u00f5\u00f5mu.\"><span class=\"Y2IQFc\" lang=\"et\">Sopusoinnussa luonnon kanssa. Luonnonkiven v\u00e4rien, kuvioiden ja tekstuurien inspiroima ELBE pure kalvon ominaisuudet luovat illuusion aidoista kivist\u00e4. Ainutlaatuiset s\u00e4vyt ja kuviot tarjoavat intensiivisen turvallisuuden ja l\u00e4mm\u00f6n tunteen. Teksturoitu 3D-pinta sulautuu altaasi harmonisesti sen luonnolliseen ymp\u00e4rist\u00f6\u00f6n, ja t\u00e4m\u00e4n kalvon ainutlaatuinen visuaalinen render\u00f6inti yhdistyy t\u00e4ydellisesti sen erinomaisiin teknisiin ominaisuuksiin puhtaimman kylpynautinnon tarjoamiseksi.   <\/span><\/p>\n<ul>\n<li class=\"tw-data-text tw-text-large tw-ta\" dir=\"ltr\" data-placeholder=\"T\u00f5lge\" data-ved=\"2ahUKEwjUg5rS17mLAxXyi8MKHXPtBPcQ3ewLegQIBxAV\" aria-label=\"T\u00f5lgitud tekst: elite\u00ae motion \u00fchendab suurep\u00e4rased tooteomadused h\u00e4mmastava muljetavaldava 3D pinnaga. See ainulaadne basseinimembraan ei paku mitte ainult optimaalset kaitset mustuse eest piki veeliini, vaid veenab ka oma \u00e4\u00e4rmise UV-kindluse ja v\u00e4rvide vastupidavusega. suure j\u00f5udlusega basseinimembraan ainulaadse v\u00f5rgustruktuuriga suurep\u00e4rane kaitselakk elegantne haptiline pinnatekstuur Libisemisvastane kaitse t\u00e4ielik kaitse piki veeliini \u00e4\u00e4rmine vastupidavus pleegitamisele ja v\u00e4rvimuutusele silmapaistev tasapinnalisus lihtsaks paigaldamiseks madalaim suitsu eraldumine keevitamise ajal saadaval 6 tavalises v\u00e4rvitoonis\"><span class=\"Y2IQFc\" lang=\"et\">Laadukas uima-allaskalvo<\/span><\/li>\n<li class=\"tw-data-text tw-text-large tw-ta\" dir=\"ltr\" data-placeholder=\"T\u00f5lge\" data-ved=\"2ahUKEwjUg5rS17mLAxXyi8MKHXPtBPcQ3ewLegQIBxAV\" aria-label=\"T\u00f5lgitud tekst: elite\u00ae motion \u00fchendab suurep\u00e4rased tooteomadused h\u00e4mmastava muljetavaldava 3D pinnaga. See ainulaadne basseinimembraan ei paku mitte ainult optimaalset kaitset mustuse eest piki veeliini, vaid veenab ka oma \u00e4\u00e4rmise UV-kindluse ja v\u00e4rvide vastupidavusega. suure j\u00f5udlusega basseinimembraan ainulaadse v\u00f5rgustruktuuriga suurep\u00e4rane kaitselakk elegantne haptiline pinnatekstuur Libisemisvastane kaitse t\u00e4ielik kaitse piki veeliini \u00e4\u00e4rmine vastupidavus pleegitamisele ja v\u00e4rvimuutusele silmapaistev tasapinnalisus lihtsaks paigaldamiseks madalaim suitsu eraldumine keevitamise ajal saadaval 6 tavalises v\u00e4rvitoonis\"><span class=\"Y2IQFc\" lang=\"et\">Ainutlaatuisilla kuvioilla<\/span><\/li>\n<li class=\"tw-data-text tw-text-large tw-ta\" dir=\"ltr\" data-placeholder=\"T\u00f5lge\" data-ved=\"2ahUKEwjUg5rS17mLAxXyi8MKHXPtBPcQ3ewLegQIBxAV\" aria-label=\"T\u00f5lgitud tekst: elite\u00ae motion \u00fchendab suurep\u00e4rased tooteomadused h\u00e4mmastava muljetavaldava 3D pinnaga. See ainulaadne basseinimembraan ei paku mitte ainult optimaalset kaitset mustuse eest piki veeliini, vaid veenab ka oma \u00e4\u00e4rmise UV-kindluse ja v\u00e4rvide vastupidavusega. suure j\u00f5udlusega basseinimembraan ainulaadse v\u00f5rgustruktuuriga suurep\u00e4rane kaitselakk elegantne haptiline pinnatekstuur Libisemisvastane kaitse t\u00e4ielik kaitse piki veeliini \u00e4\u00e4rmine vastupidavus pleegitamisele ja v\u00e4rvimuutusele silmapaistev tasapinnalisus lihtsaks paigaldamiseks madalaim suitsu eraldumine keevitamise ajal saadaval 6 tavalises v\u00e4rvitoonis\"><span class=\"Y2IQFc\" lang=\"et\">Tyylik\u00e4s pintarakenne<\/span><\/li>\n<li class=\"tw-data-text tw-text-large tw-ta\" dir=\"ltr\" data-placeholder=\"T\u00f5lge\" data-ved=\"2ahUKEwjUg5rS17mLAxXyi8MKHXPtBPcQ3ewLegQIBxAV\" aria-label=\"T\u00f5lgitud tekst: elite\u00ae motion \u00fchendab suurep\u00e4rased tooteomadused h\u00e4mmastava muljetavaldava 3D pinnaga. See ainulaadne basseinimembraan ei paku mitte ainult optimaalset kaitset mustuse eest piki veeliini, vaid veenab ka oma \u00e4\u00e4rmise UV-kindluse ja v\u00e4rvide vastupidavusega. suure j\u00f5udlusega basseinimembraan ainulaadse v\u00f5rgustruktuuriga suurep\u00e4rane kaitselakk elegantne haptiline pinnatekstuur Libisemisvastane kaitse t\u00e4ielik kaitse piki veeliini \u00e4\u00e4rmine vastupidavus pleegitamisele ja v\u00e4rvimuutusele silmapaistev tasapinnalisus lihtsaks paigaldamiseks madalaim suitsu eraldumine keevitamise ajal saadaval 6 tavalises v\u00e4rvitoonis\"><span class=\"Y2IQFc\" lang=\"et\">Liukumaton suoja<\/span><\/li>\n<li class=\"tw-data-text tw-text-large tw-ta\" dir=\"ltr\" data-placeholder=\"T\u00f5lge\" data-ved=\"2ahUKEwjUg5rS17mLAxXyi8MKHXPtBPcQ3ewLegQIBxAV\" aria-label=\"T\u00f5lgitud tekst: elite\u00ae motion \u00fchendab suurep\u00e4rased tooteomadused h\u00e4mmastava muljetavaldava 3D pinnaga. See ainulaadne basseinimembraan ei paku mitte ainult optimaalset kaitset mustuse eest piki veeliini, vaid veenab ka oma \u00e4\u00e4rmise UV-kindluse ja v\u00e4rvide vastupidavusega. suure j\u00f5udlusega basseinimembraan ainulaadse v\u00f5rgustruktuuriga suurep\u00e4rane kaitselakk elegantne haptiline pinnatekstuur Libisemisvastane kaitse t\u00e4ielik kaitse piki veeliini \u00e4\u00e4rmine vastupidavus pleegitamisele ja v\u00e4rvimuutusele silmapaistev tasapinnalisus lihtsaks paigaldamiseks madalaim suitsu eraldumine keevitamise ajal saadaval 6 tavalises v\u00e4rvitoonis\"><span class=\"Y2IQFc\" lang=\"et\">Helppo puhdistaa<\/span><\/li>\n<li class=\"tw-data-text tw-text-large tw-ta\" dir=\"ltr\" data-placeholder=\"T\u00f5lge\" data-ved=\"2ahUKEwjUg5rS17mLAxXyi8MKHXPtBPcQ3ewLegQIBxAV\" aria-label=\"T\u00f5lgitud tekst: elite\u00ae motion \u00fchendab suurep\u00e4rased tooteomadused h\u00e4mmastava muljetavaldava 3D pinnaga. See ainulaadne basseinimembraan ei paku mitte ainult optimaalset kaitset mustuse eest piki veeliini, vaid veenab ka oma \u00e4\u00e4rmise UV-kindluse ja v\u00e4rvide vastupidavusega. suure j\u00f5udlusega basseinimembraan ainulaadse v\u00f5rgustruktuuriga suurep\u00e4rane kaitselakk elegantne haptiline pinnatekstuur Libisemisvastane kaitse t\u00e4ielik kaitse piki veeliini \u00e4\u00e4rmine vastupidavus pleegitamisele ja v\u00e4rvimuutusele silmapaistev tasapinnalisus lihtsaks paigaldamiseks madalaim suitsu eraldumine keevitamise ajal saadaval 6 tavalises v\u00e4rvitoonis\"><span class=\"Y2IQFc\" lang=\"et\">Kest\u00e4\u00e4 haalistumista ja v\u00e4rimuutoksia<\/span><\/li>\n<li class=\"tw-data-text tw-text-large tw-ta\" dir=\"ltr\" data-placeholder=\"T\u00f5lge\" data-ved=\"2ahUKEwjUg5rS17mLAxXyi8MKHXPtBPcQ3ewLegQIBxAV\" aria-label=\"T\u00f5lgitud tekst: elite\u00ae motion \u00fchendab suurep\u00e4rased tooteomadused h\u00e4mmastava muljetavaldava 3D pinnaga. See ainulaadne basseinimembraan ei paku mitte ainult optimaalset kaitset mustuse eest piki veeliini, vaid veenab ka oma \u00e4\u00e4rmise UV-kindluse ja v\u00e4rvide vastupidavusega. suure j\u00f5udlusega basseinimembraan ainulaadse v\u00f5rgustruktuuriga suurep\u00e4rane kaitselakk elegantne haptiline pinnatekstuur Libisemisvastane kaitse t\u00e4ielik kaitse piki veeliini \u00e4\u00e4rmine vastupidavus pleegitamisele ja v\u00e4rvimuutusele silmapaistev tasapinnalisus lihtsaks paigaldamiseks madalaim suitsu eraldumine keevitamise ajal saadaval 6 tavalises v\u00e4rvitoonis\"><span class=\"Y2IQFc\" lang=\"et\">Erinomainen tasaisuus helpottaa asennusta<\/span><\/li>\n<li class=\"tw-data-text tw-text-large tw-ta\" dir=\"ltr\" data-placeholder=\"T\u00f5lge\" data-ved=\"2ahUKEwjUg5rS17mLAxXyi8MKHXPtBPcQ3ewLegQIBxAV\" aria-label=\"T\u00f5lgitud tekst: elite\u00ae motion \u00fchendab suurep\u00e4rased tooteomadused h\u00e4mmastava muljetavaldava 3D pinnaga. See ainulaadne basseinimembraan ei paku mitte ainult optimaalset kaitset mustuse eest piki veeliini, vaid veenab ka oma \u00e4\u00e4rmise UV-kindluse ja v\u00e4rvide vastupidavusega. suure j\u00f5udlusega basseinimembraan ainulaadse v\u00f5rgustruktuuriga suurep\u00e4rane kaitselakk elegantne haptiline pinnatekstuur Libisemisvastane kaitse t\u00e4ielik kaitse piki veeliini \u00e4\u00e4rmine vastupidavus pleegitamisele ja v\u00e4rvimuutusele silmapaistev tasapinnalisus lihtsaks paigaldamiseks madalaim suitsu eraldumine keevitamise ajal saadaval 6 tavalises v\u00e4rvitoonis\"><span class=\"Y2IQFc\" lang=\"et\">Hitsattava reuna reunaan<\/span><\/li>\n<li class=\"tw-data-text tw-text-large tw-ta\" dir=\"ltr\" data-placeholder=\"T\u00f5lge\" data-ved=\"2ahUKEwjUg5rS17mLAxXyi8MKHXPtBPcQ3ewLegQIBxAV\" aria-label=\"T\u00f5lgitud tekst: elite\u00ae motion \u00fchendab suurep\u00e4rased tooteomadused h\u00e4mmastava muljetavaldava 3D pinnaga. See ainulaadne basseinimembraan ei paku mitte ainult optimaalset kaitset mustuse eest piki veeliini, vaid veenab ka oma \u00e4\u00e4rmise UV-kindluse ja v\u00e4rvide vastupidavusega. suure j\u00f5udlusega basseinimembraan ainulaadse v\u00f5rgustruktuuriga suurep\u00e4rane kaitselakk elegantne haptiline pinnatekstuur Libisemisvastane kaitse t\u00e4ielik kaitse piki veeliini \u00e4\u00e4rmine vastupidavus pleegitamisele ja v\u00e4rvimuutusele silmapaistev tasapinnalisus lihtsaks paigaldamiseks madalaim suitsu eraldumine keevitamise ajal saadaval 6 tavalises v\u00e4rvitoonis\">Saatavana kuudessa <span class=\"Y2IQFc\" lang=\"et\">v\u00e4riss\u00e4<\/span><\/li>\n<li dir=\"ltr\" data-placeholder=\"T\u00f5lge\" data-ved=\"2ahUKEwjUg5rS17mLAxXyi8MKHXPtBPcQ3ewLegQIBxAV\" aria-label=\"T\u00f5lgitud tekst: elite\u00ae motion \u00fchendab suurep\u00e4rased tooteomadused h\u00e4mmastava muljetavaldava 3D pinnaga. See ainulaadne basseinimembraan ei paku mitte ainult optimaalset kaitset mustuse eest piki veeliini, vaid veenab ka oma \u00e4\u00e4rmise UV-kindluse ja v\u00e4rvide vastupidavusega. suure j\u00f5udlusega basseinimembraan ainulaadse v\u00f5rgustruktuuriga suurep\u00e4rane kaitselakk elegantne haptiline pinnatekstuur Libisemisvastane kaitse t\u00e4ielik kaitse piki veeliini \u00e4\u00e4rmine vastupidavus pleegitamisele ja v\u00e4rvimuutusele silmapaistev tasapinnalisus lihtsaks paigaldamiseks madalaim suitsu eraldumine keevitamise ajal saadaval 6 tavalises v\u00e4rvitoonis\">Rullan koko 21 x 1,65 m e. 34,65 m\u00b2. Tuotteen hinta 1910 \u20ac+alv on yhdelle rullalle. Neli\u00f6hinta tulee olemaan 55,12 \u20ac + alv.   <\/li>\n<li dir=\"ltr\" data-placeholder=\"T\u00f5lge\" data-ved=\"2ahUKEwjUg5rS17mLAxXyi8MKHXPtBPcQ3ewLegQIBxAV\" aria-label=\"T\u00f5lgitud tekst: elite\u00ae motion \u00fchendab suurep\u00e4rased tooteomadused h\u00e4mmastava muljetavaldava 3D pinnaga. See ainulaadne basseinimembraan ei paku mitte ainult optimaalset kaitset mustuse eest piki veeliini, vaid veenab ka oma \u00e4\u00e4rmise UV-kindluse ja v\u00e4rvide vastupidavusega. suure j\u00f5udlusega basseinimembraan ainulaadse v\u00f5rgustruktuuriga suurep\u00e4rane kaitselakk elegantne haptiline pinnatekstuur Libisemisvastane kaitse t\u00e4ielik kaitse piki veeliini \u00e4\u00e4rmine vastupidavus pleegitamisele ja v\u00e4rvimuutusele silmapaistev tasapinnalisus lihtsaks paigaldamiseks madalaim suitsu eraldumine keevitamise ajal saadaval 6 tavalises v\u00e4rvitoonis\">Paksuus 1,8mm<\/li>\n<\/ul>\n<p>15 vuoden takuu vedenkest\u00e4vyydelle.<\/p>\n<p>ELBE <span class=\"Y2IQFc\" lang=\"et\">pure esittely valmistajan verkkosivuilla<\/span> <a href=\"https:\/\/elbepools.com\/products\/pure\/\" target=\"_blank\" rel=\"noopener\">T\u00c4\u00c4LL\u00c4<\/a><\/p>\n<p>ELBE pure englanninkielinen esite <a href=\"https:\/\/basseinimeistrid.ee\/wp-content\/uploads\/2025\/02\/ELBEpool-pure.pdf\" target=\"_blank\" rel=\"noopener\">T\u00c4ST\u00c4<\/a><\/p>\n","protected":false},"excerpt":{"rendered":"<p>Rulla 21&#215;1,65m. 34,65 m\u00b2 <\/p>\n","protected":false},"featured_media":105075,"template":"","meta":{"_et_pb_use_builder":"","_et_pb_old_content":"","_et_gb_content_width":""},"product_brand":[],"product_cat":[204],"product_tag":[],"class_list":{"0":"post-108437","1":"product","2":"type-product","3":"status-publish","4":"has-post-thumbnail","6":"product_cat-uima-altaan-vuoraus","7":"product_shipping_class-kuller-fi","9":"first","10":"instock","11":"taxable","12":"shipping-taxable","13":"purchasable","14":"product-type-simple"},"jetpack_sharing_enabled":true,"_links":{"self":[{"href":"https:\/\/basseinimeistrid.ee\/fi\/wp-json\/wp\/v2\/product\/108437","targetHints":{"allow":["GET"]}}],"collection":[{"href":"https:\/\/basseinimeistrid.ee\/fi\/wp-json\/wp\/v2\/product"}],"about":[{"href":"https:\/\/basseinimeistrid.ee\/fi\/wp-json\/wp\/v2\/types\/product"}],"wp:featuredmedia":[{"embeddable":true,"href":"https:\/\/basseinimeistrid.ee\/fi\/wp-json\/wp\/v2\/media\/105075"}],"wp:attachment":[{"href":"https:\/\/basseinimeistrid.ee\/fi\/wp-json\/wp\/v2\/media?parent=108437"}],"wp:term":[{"taxonomy":"product_brand","embeddable":true,"href":"https:\/\/basseinimeistrid.ee\/fi\/wp-json\/wp\/v2\/product_brand?post=108437"},{"taxonomy":"product_cat","embeddable":true,"href":"https:\/\/basseinimeistrid.ee\/fi\/wp-json\/wp\/v2\/product_cat?post=108437"},{"taxonomy":"product_tag","embeddable":true,"href":"https:\/\/basseinimeistrid.ee\/fi\/wp-json\/wp\/v2\/product_tag?post=108437"}],"curies":[{"name":"wp","href":"https:\/\/api.w.org\/{rel}","templated":true}]}}