{"id":108448,"date":"2025-02-11T19:21:49","date_gmt":"2025-02-11T17:21:49","guid":{"rendered":"https:\/\/basseinimeistrid.ee\/pood\/Ei-luokiteltu\/lumiplus-connect-flexi-projektorit-lamput\/"},"modified":"2025-03-11T20:53:40","modified_gmt":"2025-03-11T18:53:40","slug":"lumiplus-connect-flexi-projektorit-lamput","status":"publish","type":"product","link":"https:\/\/basseinimeistrid.ee\/fi\/pood\/lumiplus-connect-flexi-projektorit-lamput\/","title":{"rendered":"LumiPlus Connect Flexi -projektorit (lamput)"},"content":{"rendered":"<p>Astralpool LumiPlus Connect Flexi -projektorit<\/p>\n<p>LumiPlus Connect Flexi -j\u00e4rjestelm\u00e4\u00e4n on saatavana seuraavat valaistuselementit (projektorit):<\/p>\n<ul>\n<li>S\u00e4\u00e4dett\u00e4v\u00e4 valkoinen 27W elementti 2750 lm, valaisee 20-25m\u00b2. Valon v\u00e4ri s\u00e4\u00e4dett\u00e4viss\u00e4 v\u00e4lill\u00e4 2 500 &#8211; 6 000 K<\/li>\n<li>Valkoinen 27W elementti 2750lm, valaisee 20-25m\u00b2. Vaalea v\u00e4ri 5 700 K<\/li>\n<li>L\u00e4mmin valkoinen 27W elementti 2750lm, valaisee 20-25m\u00b2. Vaalean v\u00e4ri 3000 K<\/li>\n<li>RGB 34W elementti 2000 lm, valaisee 20-25m\u00b2. 12 v\u00e4ri\u00e4.<\/li>\n<li>RGB+valkoinen 28W 2500 lm, valaisee 20-25m\u00b2. 12 v\u00e4ri\u00e4 + valkoinen.<\/li>\n<li>S\u00e4\u00e4dett\u00e4v\u00e4 valkoinen 42W elementti 4300 lm, valaisee 25-35m\u00b2. Valon v\u00e4ri s\u00e4\u00e4dett\u00e4viss\u00e4 v\u00e4lill\u00e4 2 500 &#8211; 6 000 K<\/li>\n<li>Valkoinen 42W elementti 4300lm, valaisee 25-55m\u00b2. Vaalea v\u00e4ri 5 700 K<\/li>\n<li>L\u00e4mmin valkoinen 42W elementti 4300lm, valaisee 25-35m\u00b2. Vaalean v\u00e4ri 3000 K<\/li>\n<li>RGB+valkoinen 56W 3500 lm, valaisee 25-35m\u00b2. 12 v\u00e4ri\u00e4 + valkoinen.<\/li>\n<\/ul>\n","protected":false},"excerpt":{"rendered":"<p>Astralpool LumiPlus Connect Flexi -projektorit LumiPlus Connect Flexi -j\u00e4rjestelm\u00e4\u00e4n on saatavana seuraavat valaistuselementit (projektorit): S\u00e4\u00e4dett\u00e4v\u00e4 valkoinen 27W elementti 2750 lm, valaisee 20-25m\u00b2. Valon v\u00e4ri s\u00e4\u00e4dett\u00e4viss\u00e4 v\u00e4lill\u00e4 2 500 &#8211; 6 000 K Valkoinen 27W elementti 2750lm, valaisee 20-25m\u00b2. Vaalea v\u00e4ri 5 700 K L\u00e4mmin valkoinen 27W elementti 2750lm, valaisee 20-25m\u00b2. Vaalean v\u00e4ri 3000 K RGB [&hellip;]<\/p>\n","protected":false},"featured_media":104758,"template":"","meta":{"_et_pb_use_builder":"","_et_pb_old_content":"","_et_gb_content_width":""},"product_brand":[],"product_cat":[214],"product_tag":[],"class_list":{"0":"post-108448","1":"product","2":"type-product","3":"status-publish","4":"has-post-thumbnail","6":"product_cat-allasvalojen-tarvikkeet","7":"product_shipping_class-pakiautomaat-fi","9":"first","10":"instock","11":"taxable","12":"shipping-taxable","13":"purchasable","14":"product-type-simple"},"jetpack_sharing_enabled":true,"_links":{"self":[{"href":"https:\/\/basseinimeistrid.ee\/fi\/wp-json\/wp\/v2\/product\/108448","targetHints":{"allow":["GET"]}}],"collection":[{"href":"https:\/\/basseinimeistrid.ee\/fi\/wp-json\/wp\/v2\/product"}],"about":[{"href":"https:\/\/basseinimeistrid.ee\/fi\/wp-json\/wp\/v2\/types\/product"}],"wp:featuredmedia":[{"embeddable":true,"href":"https:\/\/basseinimeistrid.ee\/fi\/wp-json\/wp\/v2\/media\/104758"}],"wp:attachment":[{"href":"https:\/\/basseinimeistrid.ee\/fi\/wp-json\/wp\/v2\/media?parent=108448"}],"wp:term":[{"taxonomy":"product_brand","embeddable":true,"href":"https:\/\/basseinimeistrid.ee\/fi\/wp-json\/wp\/v2\/product_brand?post=108448"},{"taxonomy":"product_cat","embeddable":true,"href":"https:\/\/basseinimeistrid.ee\/fi\/wp-json\/wp\/v2\/product_cat?post=108448"},{"taxonomy":"product_tag","embeddable":true,"href":"https:\/\/basseinimeistrid.ee\/fi\/wp-json\/wp\/v2\/product_tag?post=108448"}],"curies":[{"name":"wp","href":"https:\/\/api.w.org\/{rel}","templated":true}]}}