{"id":108449,"date":"2025-02-11T21:49:34","date_gmt":"2025-02-11T19:49:34","guid":{"rendered":"https:\/\/basseinimeistrid.ee\/pood\/Ei-luokiteltu\/lumiplus-flexi-on-off\/"},"modified":"2025-03-11T20:39:27","modified_gmt":"2025-03-11T18:39:27","slug":"lumiplus-flexi-on-off","status":"publish","type":"product","link":"https:\/\/basseinimeistrid.ee\/fi\/pood\/lumiplus-flexi-on-off\/","title":{"rendered":"LumiPlus Flexi ON\/OFF"},"content":{"rendered":"<h4>Astralpool LumiPlus Flexi ON\/OFF sarjan LED-allasvalot<\/h4>\n<p>Sopii k\u00e4ytett\u00e4v\u00e4ksi uima-altaissa, joissa valoa ei tarvitse himment\u00e4\u00e4 eik\u00e4 v\u00e4rej\u00e4 tarvitse vaihtaa. Yksinkertainen on\/off-kytkin. Virtal\u00e4hteen\u00e4 24VDC. Valkoisen valon (5700K) ja l\u00e4mpim\u00e4n valkoisen valon (3000K) projektorit. Voit valita valaisimille paikkansa altaan materiaalien mukaan. Voit valita haluamasi kansirenkaan. LumiPlus Flexi on\/off -lamput ovat eritt\u00e4in tehokkaita. Flexi ON\/OFF -projektoreita ei voi himment\u00e4\u00e4. Lamppujen kytkent\u00e4 voidaan integroida esimerkiksi \u00e4lykodin ratkaisuihin ja \u00e4lyreleisiin.<\/p>\n<ul>\n<li>Jokaisella lampulla on 24 VDC muuntaja mukana.<\/li>\n<li>Valaisimen mukana tulee 2,5 m 2G1mm\u00b2 kaapeli.<\/li>\n<li>Suurin asennussyvyys 2m<\/li>\n<li>Altaan veden maksimil\u00e4mp\u00f6tila 40\u00b0C<\/li>\n<\/ul>\n<p>Maksimi vesik\u00e4sittelyt:<\/p>\n<ul>\n<li>pH 7,2-7,6<\/li>\n<li>Kloori 2mg\/l<\/li>\n<li>Bromi 5 mg\/l<\/li>\n<li>Suolaelektrolyysi tai -hydrolyysi 6g\/l<\/li>\n<\/ul>\n","protected":false},"excerpt":{"rendered":"<p>Astralpool LumiPlus Flexi ON\/OFF sarjan LED-allasvalot Sopii k\u00e4ytett\u00e4v\u00e4ksi uima-altaissa, joissa valoa ei tarvitse himment\u00e4\u00e4 eik\u00e4 v\u00e4rej\u00e4 tarvitse vaihtaa. Yksinkertainen on\/off-kytkin. Virtal\u00e4hteen\u00e4 24VDC. Valkoisen valon (5700K) ja l\u00e4mpim\u00e4n valkoisen valon (3000K) projektorit. Voit valita valaisimille paikkansa altaan materiaalien mukaan. Voit valita haluamasi kansirenkaan. LumiPlus Flexi on\/off -lamput ovat eritt\u00e4in tehokkaita. Flexi ON\/OFF -projektoreita ei voi himment\u00e4\u00e4. [&hellip;]<\/p>\n","protected":false},"featured_media":104758,"template":"","meta":{"_et_pb_use_builder":"","_et_pb_old_content":"","_et_gb_content_width":""},"product_brand":[],"product_cat":[114],"product_tag":[],"class_list":{"0":"post-108449","1":"product","2":"type-product","3":"status-publish","4":"has-post-thumbnail","6":"product_cat-valaisimet","7":"product_shipping_class-pakiautomaat-fi","9":"first","10":"instock","11":"taxable","12":"shipping-taxable","13":"purchasable","14":"product-type-simple"},"jetpack_sharing_enabled":true,"_links":{"self":[{"href":"https:\/\/basseinimeistrid.ee\/fi\/wp-json\/wp\/v2\/product\/108449","targetHints":{"allow":["GET"]}}],"collection":[{"href":"https:\/\/basseinimeistrid.ee\/fi\/wp-json\/wp\/v2\/product"}],"about":[{"href":"https:\/\/basseinimeistrid.ee\/fi\/wp-json\/wp\/v2\/types\/product"}],"wp:featuredmedia":[{"embeddable":true,"href":"https:\/\/basseinimeistrid.ee\/fi\/wp-json\/wp\/v2\/media\/104758"}],"wp:attachment":[{"href":"https:\/\/basseinimeistrid.ee\/fi\/wp-json\/wp\/v2\/media?parent=108449"}],"wp:term":[{"taxonomy":"product_brand","embeddable":true,"href":"https:\/\/basseinimeistrid.ee\/fi\/wp-json\/wp\/v2\/product_brand?post=108449"},{"taxonomy":"product_cat","embeddable":true,"href":"https:\/\/basseinimeistrid.ee\/fi\/wp-json\/wp\/v2\/product_cat?post=108449"},{"taxonomy":"product_tag","embeddable":true,"href":"https:\/\/basseinimeistrid.ee\/fi\/wp-json\/wp\/v2\/product_tag?post=108449"}],"curies":[{"name":"wp","href":"https:\/\/api.w.org\/{rel}","templated":true}]}}