{"id":108450,"date":"2025-02-09T11:46:24","date_gmt":"2025-02-09T09:46:24","guid":{"rendered":"https:\/\/basseinimeistrid.ee\/pood\/Ei-luokiteltu\/lumiplus-connect-flexi-led-ja-flexi-mini-led-ohjaus\/"},"modified":"2025-03-11T21:21:22","modified_gmt":"2025-03-11T19:21:22","slug":"lumiplus-connect-flexi-led-ja-flexi-mini-led-ohjaus","status":"publish","type":"product","link":"https:\/\/basseinimeistrid.ee\/fi\/pood\/lumiplus-connect-flexi-led-ja-flexi-mini-led-ohjaus\/","title":{"rendered":"LumiPlus Connect Flexi LED ja Flexi MINI LED ohjaus"},"content":{"rendered":"<h4>LumiPlus Connect Flexi LED-valaistuksen ohjausj\u00e4rjestelm\u00e4t<\/h4>\n<p>AstralPool LumiPlus Connect Flexi- ja LumiPlus Connect Flexi MINI -lamppujen (projektorien) kytkemiseen, himmennykseen ja ohjelmointiin tarvitaan ohjauslaitteita. Connect Flex -lamput eiv\u00e4t toimi ilman modulaattoria.<\/p>\n<p><strong>LumiPlus-modulaattori<\/strong>: Jopa 15 valon ohjaamiseen. RGB-lampuille, valitse 12 eri valov\u00e4rist\u00e4. Jos lamput sen sallivat, modulaattori voidaan my\u00f6s ohjelmoida vaihtamaan lampun v\u00e4ri\u00e4 tietyn ajan kuluttua. Voit my\u00f6s muuttaa v\u00e4rin siirtymisen nopeutta. Modulaattorissa on antenni, jonka avulla se voi vastaanottaa komentoja kaukos\u00e4\u00e4timest\u00e4 jopa 50 metrin s\u00e4teell\u00e4. Antenni IP65. Modulaattorin virtal\u00e4hde 230VAC.<\/p>\n<p>LumiPlus Modulator <strong>Remote Control<\/strong> : Voit ohjata modulaattorin toimintoja kaukos\u00e4\u00e4timest\u00e4. Modulaattorin ja kaukos\u00e4\u00e4timen v\u00e4linen et\u00e4isyys on max 50m. Kaukos\u00e4\u00e4timell\u00e4 voidaan ohjata jopa 5 modulaattoria, jos modulaattorit ovat toiminta-alueella (50m).<\/p>\n<p>LumiPlus <strong>WIFI Access Point+<\/strong> : Voit ohjata modulaattorin toimintoja verkon yli. Ohjaukseen voidaan k\u00e4ytt\u00e4\u00e4 FluidraPool-sovellusta. Ohjaus voidaan suorittaa useista laitteista rinnakkain.<\/p>\n<p>12VAC <strong>muuntajat<\/strong> : LumiPlus-lamput toimivat 12VAC teholla. Siksi sarjaan kannattaa lis\u00e4t\u00e4 EVGS-muuntaja, jonka teho on v\u00e4hint\u00e4\u00e4n valittujen\/suunniteltujen valaisimien kokonaisteho. Enimm\u00e4isl\u00e4mp\u00f6tila 40\u00b0C. IP65. Taajuus 50-60Hz. Tulo 230VAC, l\u00e4ht\u00f6 12VAC.<\/p>\n","protected":false},"excerpt":{"rendered":"<p>LumiPlus Connect Flexi LED-valaistuksen ohjausj\u00e4rjestelm\u00e4t AstralPool LumiPlus Connect Flexi- ja LumiPlus Connect Flexi MINI -lamppujen (projektorien) kytkemiseen, himmennykseen ja ohjelmointiin tarvitaan ohjauslaitteita. Connect Flex -lamput eiv\u00e4t toimi ilman modulaattoria. LumiPlus-modulaattori: Jopa 15 valon ohjaamiseen. RGB-lampuille, valitse 12 eri valov\u00e4rist\u00e4. Jos lamput sen sallivat, modulaattori voidaan my\u00f6s ohjelmoida vaihtamaan lampun v\u00e4ri\u00e4 tietyn ajan kuluttua. Voit my\u00f6s [&hellip;]<\/p>\n","protected":false},"featured_media":104782,"template":"","meta":{"_et_pb_use_builder":"","_et_pb_old_content":"","_et_gb_content_width":""},"product_brand":[],"product_cat":[114],"product_tag":[],"class_list":{"0":"post-108450","1":"product","2":"type-product","3":"status-publish","4":"has-post-thumbnail","6":"product_cat-valaisimet","7":"product_shipping_class-pakiautomaat-fi","9":"first","10":"instock","11":"taxable","12":"shipping-taxable","13":"purchasable","14":"product-type-simple"},"jetpack_sharing_enabled":true,"_links":{"self":[{"href":"https:\/\/basseinimeistrid.ee\/fi\/wp-json\/wp\/v2\/product\/108450","targetHints":{"allow":["GET"]}}],"collection":[{"href":"https:\/\/basseinimeistrid.ee\/fi\/wp-json\/wp\/v2\/product"}],"about":[{"href":"https:\/\/basseinimeistrid.ee\/fi\/wp-json\/wp\/v2\/types\/product"}],"wp:featuredmedia":[{"embeddable":true,"href":"https:\/\/basseinimeistrid.ee\/fi\/wp-json\/wp\/v2\/media\/104782"}],"wp:attachment":[{"href":"https:\/\/basseinimeistrid.ee\/fi\/wp-json\/wp\/v2\/media?parent=108450"}],"wp:term":[{"taxonomy":"product_brand","embeddable":true,"href":"https:\/\/basseinimeistrid.ee\/fi\/wp-json\/wp\/v2\/product_brand?post=108450"},{"taxonomy":"product_cat","embeddable":true,"href":"https:\/\/basseinimeistrid.ee\/fi\/wp-json\/wp\/v2\/product_cat?post=108450"},{"taxonomy":"product_tag","embeddable":true,"href":"https:\/\/basseinimeistrid.ee\/fi\/wp-json\/wp\/v2\/product_tag?post=108450"}],"curies":[{"name":"wp","href":"https:\/\/api.w.org\/{rel}","templated":true}]}}