{"id":108451,"date":"2025-02-09T10:15:41","date_gmt":"2025-02-09T08:15:41","guid":{"rendered":"https:\/\/basseinimeistrid.ee\/pood\/Ei-luokiteltu\/lumiplus-connect-flexi-mini-led-allasvalot\/"},"modified":"2025-03-11T22:32:05","modified_gmt":"2025-03-11T20:32:05","slug":"lumiplus-connect-flexi-mini-led-allasvalot","status":"publish","type":"product","link":"https:\/\/basseinimeistrid.ee\/fi\/pood\/lumiplus-connect-flexi-mini-led-allasvalot\/","title":{"rendered":"LumiPlus Connect Flexi MINI LED-allasvalot"},"content":{"rendered":"<h4>Allasvalot luovat juuri oikean tunnelman<\/h4>\n<p>Innovatiivisin ja monipuolisin LumiPlus Connect Flex -valaistusj\u00e4rjestelm\u00e4 uima-altaisiin ja muihin vesist\u00f6ihin uima-allasalan lippulaivalta AstralPool. Energiatehokkaat, tehokkaat LED-tekniikkaan perustuvat valaistusj\u00e4rjestelm\u00e4t, joissa on t\u00e4ysi ohjaus ohjelmointimahdollisuuksilla ja himmennystoiminnoilla. Verkonhallinta jne.<\/p>\n<p>Erilaisiin allasmalleihin, erilaisiin viimeistelyrenkaisiin, erilaisiin valovoimakkuuksiin ja vaaleisiin v\u00e4reihin.<\/p>\n<p>LumiPlus Connect Flexi MINI -projektorit sopivat hyvin pienempiin uima-altaisiin, kylpytynnyreihin, kylpytynnyreihin sek\u00e4 isompien uima-altaiden eri elementtien (portaat, tikkaat jne.) kohde- ja designvalaistukseen.<\/p>\n<p>LumiPlus Connect Flexi MINI -j\u00e4rjestelm\u00e4\u00e4n on saatavana seuraavat valaistuselementit (projektorit):<\/p>\n<ul>\n<li>S\u00e4\u00e4dett\u00e4v\u00e4 valkoinen 3,5W elementti 450 lm, valaisee 3-5m\u00b2. Valon v\u00e4ri s\u00e4\u00e4dett\u00e4viss\u00e4 v\u00e4lill\u00e4 2 500 &#8211; 6 000 K<\/li>\n<li>Valkoinen 3,5W elementti 450 lm, valaisee 3-5m\u00b2. Valon v\u00e4ri 5 700 K<\/li>\n<li>L\u00e4mmin valkoinen 3,5W elementti 450 lm, valaisee 3-5m\u00b2. Valon v\u00e4ri 3000 K<\/li>\n<li>RGB 4W elementti 300 lm, valaisee 3-5m\u00b2. 12 v\u00e4ri\u00e4.<\/li>\n<li>RGB+valkoinen 5W 400 lm, valaisee 3-5m\u00b2. 12 v\u00e4ri\u00e4 + valkoinen.<\/li>\n<li>S\u00e4\u00e4dett\u00e4v\u00e4 valkoinen 7W elementti 900 lm, valaisee 8-12m\u00b2. Valon v\u00e4ri s\u00e4\u00e4dett\u00e4viss\u00e4 v\u00e4lill\u00e4 2 500 &#8211; 6 000 K<\/li>\n<li>Valkoinen 7W elementti 900 lm, valaisee 8-12m\u00b2. Valon v\u00e4ri 5 700 K<\/li>\n<li>L\u00e4mmin valkoinen 7W elementti 900 lm, valaisee 8-12m\u00b2. Valon v\u00e4ri 3000 K<\/li>\n<li>RGB+valkoinen 10W 800lm, valaisee 8-12m\u00b2. 12 v\u00e4ri\u00e4 + valkoinen.<\/li>\n<\/ul>\n<p>Projektorien valaistuskyky riippuu allasveden puhtaudesta. Mit\u00e4 puhtaampaa vesi on, sit\u00e4 laajemmalle valo levi\u00e4\u00e4. LED-valojen k\u00e4ytt\u00f6ik\u00e4 on kymmeni\u00e4 kertoja pidempi kuin hehkulamppujen.<\/p>\n<p>Valot (projektorit) asennetaan yleens\u00e4 valmiiksi rakennettuun\/asennettuun paikkaan uima-altaassa. Nissej\u00e4 on saatavilla uima-altaisiin, joissa on puhdas betonipinta, uima-altaisiin, joissa on &#8221;allasvuoraus&#8221; (PVC, PP, PE, polyesteri, kaakeloitujen uima-altaiden vedeneristys jne.) sek\u00e4 altaisiin, joissa on kotelo (lasikuitu, muovi, puu, metalli jne.). P\u00e4\u00e4s\u00e4\u00e4nt\u00f6isesti oikealla peiterenkaalla valaisimet voidaan asentaa my\u00f6s kokonaan pintaan (Flexi Slim) ja ne voidaan asentaa my\u00f6s mink\u00e4 tahansa olemassa olevan valaisimen tilalle ja jopa k\u00e4ytt\u00e4m\u00e4tt\u00f6m\u00e4\u00e4n paluuputkeen, jos siin\u00e4 on 1\u00bd sis\u00e4kierre (Flexi Rapid). Jos aiot vaihtaa olemassa olevat uima-allasvalot LumiPlus Connect Flexi -valaisimiin, ota yhteytt\u00e4 asiantuntijoihimme <a href=\"mailto:info@basseinimeistrid.ee\">osoitteessa info@basseinimeistrid.ee<\/a><\/p>\n<p>Viimeistely\u00e4 varten on asennettava peiterengas, joka peitt\u00e4\u00e4 syvennyksen reunat. Saatavana valkoisena, beigen\u00e4, harmaana, tummanharmaana (antrasiitti), ruostumattoman ter\u00e4ksen j\u00e4ljitelm\u00e4 ja my\u00f6s todellinen haponkest\u00e4v\u00e4 ruostumattomasta ter\u00e4ksest\u00e4 valmistettu kansirengas.<\/p>\n<p>Connect-sarjan lamppujen ohjaamiseksi valaisimiin on lis\u00e4tt\u00e4v\u00e4 modulaattori. <strong>Connect Flex &#8211; lamppuja ei voi k\u00e4ytt\u00e4\u00e4 ilman modulaattoria<\/strong> . Yhdell\u00e4 modulaattorilla voidaan ohjata jopa 15 LumiPlus-valaisinta. Modulaattoreita (jopa 10 kpl) voidaan tarvittaessa synkronoida esim. Yhteens\u00e4 Connect-j\u00e4rjestelm\u00e4 pystyy k\u00e4sittelem\u00e4\u00e4n jopa 150 allasvaloa. Modulaattori suorittaa kytkenn\u00e4n ja s\u00e4\u00e4d\u00f6t. Modulaattorin painikkeilla voit ohjata ja ohjelmoida modulaattoria, mutta paljon k\u00e4tev\u00e4mp\u00e4\u00e4 on lis\u00e4t\u00e4 j\u00e4rjestelm\u00e4\u00e4n kaukos\u00e4\u00e4din tai Wifi Access Point+ ja ohjata kaikkea valaistusta mobiilisovelluksesta.<\/p>\n<p>LumiPlus-valaistuksen ohjausj\u00e4rjestelm\u00e4t ja virtal\u00e4hteet l\u00f6yd\u00e4t <a href=\"https:\/\/basseinimeistrid.ee\/fi\/pood\/valaisimet\/lumiplus-connect-flexi-led-ja-flexi-mini-led-ohjaus\/\">T\u00c4\u00c4LT\u00c4<\/a><\/p>\n<p>LumiPlus Connect Flexi -tuotetiedot <a href=\"https:\/\/basseinimeistrid.ee\/wp-content\/uploads\/2025\/02\/lumiplus-flexi-mini.pdf\" target=\"_blank\" rel=\"noopener\">englanniksi T\u00c4\u00c4LT\u00c4<\/a><\/p>\n<ul>\n<li>Valaisimen mukana tulee 2,5 m 2G1mm\u00b2 kaapeli.<\/li>\n<li>Suurin asennussyvyys 2m<\/li>\n<li>Altaan veden maksimil\u00e4mp\u00f6tila 40\u00b0C<\/li>\n<\/ul>\n<p>Maksimi vesik\u00e4sittelyt:<\/p>\n<ul>\n<li>pH 7,2-7,6<\/li>\n<li>Kloori 2mg\/l<\/li>\n<li>Bromi 5 mg\/l<\/li>\n<li>Suolaelektrolyysi tai -hydrolyysi 6g\/l<\/li>\n<\/ul>\n","protected":false},"excerpt":{"rendered":"<p>Allasvalot luovat juuri oikean tunnelman Innovatiivisin ja monipuolisin LumiPlus Connect Flex -valaistusj\u00e4rjestelm\u00e4 uima-altaisiin ja muihin vesist\u00f6ihin uima-allasalan lippulaivalta AstralPool. Energiatehokkaat, tehokkaat LED-tekniikkaan perustuvat valaistusj\u00e4rjestelm\u00e4t, joissa on t\u00e4ysi ohjaus ohjelmointimahdollisuuksilla ja himmennystoiminnoilla. Verkonhallinta jne. Erilaisiin allasmalleihin, erilaisiin viimeistelyrenkaisiin, erilaisiin valovoimakkuuksiin ja vaaleisiin v\u00e4reihin. LumiPlus Connect Flexi MINI -projektorit sopivat hyvin pienempiin uima-altaisiin, kylpytynnyreihin, kylpytynnyreihin sek\u00e4 isompien [&hellip;]<\/p>\n","protected":false},"featured_media":104831,"template":"","meta":{"_et_pb_use_builder":"","_et_pb_old_content":"","_et_gb_content_width":""},"product_brand":[],"product_cat":[114],"product_tag":[],"class_list":{"0":"post-108451","1":"product","2":"type-product","3":"status-publish","4":"has-post-thumbnail","6":"product_cat-valaisimet","7":"product_shipping_class-pakiautomaat-fi","9":"first","10":"instock","11":"taxable","12":"shipping-taxable","13":"purchasable","14":"product-type-simple"},"jetpack_sharing_enabled":true,"_links":{"self":[{"href":"https:\/\/basseinimeistrid.ee\/fi\/wp-json\/wp\/v2\/product\/108451","targetHints":{"allow":["GET"]}}],"collection":[{"href":"https:\/\/basseinimeistrid.ee\/fi\/wp-json\/wp\/v2\/product"}],"about":[{"href":"https:\/\/basseinimeistrid.ee\/fi\/wp-json\/wp\/v2\/types\/product"}],"wp:featuredmedia":[{"embeddable":true,"href":"https:\/\/basseinimeistrid.ee\/fi\/wp-json\/wp\/v2\/media\/104831"}],"wp:attachment":[{"href":"https:\/\/basseinimeistrid.ee\/fi\/wp-json\/wp\/v2\/media?parent=108451"}],"wp:term":[{"taxonomy":"product_brand","embeddable":true,"href":"https:\/\/basseinimeistrid.ee\/fi\/wp-json\/wp\/v2\/product_brand?post=108451"},{"taxonomy":"product_cat","embeddable":true,"href":"https:\/\/basseinimeistrid.ee\/fi\/wp-json\/wp\/v2\/product_cat?post=108451"},{"taxonomy":"product_tag","embeddable":true,"href":"https:\/\/basseinimeistrid.ee\/fi\/wp-json\/wp\/v2\/product_tag?post=108451"}],"curies":[{"name":"wp","href":"https:\/\/api.w.org\/{rel}","templated":true}]}}