{"id":108463,"date":"2025-02-05T19:15:21","date_gmt":"2025-02-05T17:15:21","guid":{"rendered":"https:\/\/basseinimeistrid.ee\/pood\/Ei-luokiteltu\/astralpool-evolution-70-creek\/"},"modified":"2025-03-16T11:48:20","modified_gmt":"2025-03-16T09:48:20","slug":"astralpool-evolution-70-creek","status":"publish","type":"product","link":"https:\/\/basseinimeistrid.ee\/fi\/pood\/astralpool-evolution-70-creek\/","title":{"rendered":"Astralpool EVOLUTION 70 Creek"},"content":{"rendered":"<h4>Astralpool Ocean Dreams -sarjan poreallas Evolution 70<\/h4>\n<p class=\"p1\">AstralPool Evolution 70 on ihanteellinen malli perheille, jotka etsiv\u00e4t ylimitoitettua henkil\u00f6kohtaista kylpyl\u00e4, jossa on rajattomasti ominaisuuksia. Suurien mittojensa ansiosta Evolution 70:een mahtuu mukavasti 5 henkil\u00f6\u00e4, ja siin\u00e4 on 2 ylellist\u00e4 lepotuolia ja 3 istuinta. Malli on varustettu 52 vesiterapiasuutimella ja 16 kuumailmasuuttimella, jotka luovat rentouttavia kuplia koko keholle. Evolution 70 on ep\u00e4ilem\u00e4tt\u00e4 suunniteltu perheille, jotka haluavat t\u00e4ysin varustetun porealtaan ilman tilarajoituksia, jotka tarjoavat tilaa rentoutumiseen ja mukavien hetkien jakamiseen perheen ja yst\u00e4vien kanssa.   <\/p>\n<p>Creek on vankka ja moderni poreallas luonnonv\u00e4risell\u00e4 puuvaikutteisella viimeistelyll\u00e4.<\/p>\n<p>Kaikissa Evolution 70 -porealtailla on vakiona:<\/p>\n<ul>\n<li>3 istuinta + 2 lepotuolia<\/li>\n<li>56 ruostumattomasta ter\u00e4ksest\u00e4 valmistettua vesisuutinta<\/li>\n<li>12 ilmasuutinta<\/li>\n<li>3 p\u00e4\u00e4tukea<\/li>\n<li>Aromaterapiapaketti<\/li>\n<li>LumiPlus 5 x LED-valoterapiapaketti ja lis\u00e4valoelementtej\u00e4<\/li>\n<li>Ruostumattomasta ter\u00e4ksest\u00e4 valmistetut kaiteet<\/li>\n<li>T\u00e4ydellinen ratkaisu veden suodatukseen ja UV-desinfiointiin<\/li>\n<li>Suodatinpumppu 200W<\/li>\n<li>Hierontapumput 2&#215;2,2kW<\/li>\n<li>Ilmapumppu 400W<\/li>\n<li>Vedenl\u00e4mmitin 3kw<\/li>\n<li>Eristetyll\u00e4 kannella<\/li>\n<li>Ohjauspaneelit painikkeilla<\/li>\n<li>Koko 233x233x91cm<\/li>\n<li>Kylpyammeen tilavuus 1610L<\/li>\n<li>Paino tyhj\u00e4n\u00e4 378kg ja vedell\u00e4 t\u00e4ytettyn\u00e4 1988kg.<\/li>\n<\/ul>\n<p>Lis\u00e4varusteet:<\/p>\n<ul>\n<li>Bluetooth 4.1 kunnollinen vedenpit\u00e4v\u00e4 \u00e4\u00e4nij\u00e4rjestelm\u00e4. 4x kaiuttimet + subwoofer. <\/li>\n<li>Kosketusherkk\u00e4 v\u00e4rillinen intuitiivinen ohjauspaneeli<\/li>\n<li>Wifi Spa Control -porealtaan online-ohjaus<\/li>\n<li>ECOSpa kaksinkertainen l\u00e4mp\u00f6eristys altaan kuoressa<\/li>\n<li>Nordic Insulation System lis\u00e4eristysj\u00e4rjestelm\u00e4<\/li>\n<\/ul>\n<p>Evolution 70 -kylpytynnyrit ovat saatavilla pyynn\u00f6st\u00e4. Saatavuus ja toimitusaika riippuvat vuodenajasta. Mik\u00e4li kiinnostuit, ota rohkeasti yhteytt\u00e4 <a href=\"mailto:info@basseinimeistrid.ee\">info@basseinimeistrid.ee<\/a>  <\/p>\n<p>Eurooppalaisessa tehtaassa valmistetut porealtaat, ABS-muovista ja laadukkaalla akryylipinnoitteella, upeilla lis\u00e4varusteilla porealtaat allasalan lippulaivalta AstralPoolilta.<\/p>\n<ul>\n<li>Yksityiskohtainen Evolution 70:n komponenttipiirros l\u00f6ytyy <a href=\"https:\/\/basseinimeistrid.ee\/wp-content\/uploads\/2025\/02\/evolution-70-joonis.pdf\" target=\"_blank\" rel=\"noopener\">T\u00c4\u00c4LT\u00c4<\/a><\/li>\n<li>Evolution 70 -esite <a href=\"https:\/\/basseinimeistrid.ee\/wp-content\/uploads\/2025\/02\/astralpool-mullivannid.pdf\" target=\"_blank\" rel=\"noopener\">T\u00c4\u00c4LL\u00c4<\/a><\/li>\n<li>Evolution 70 valmistajan kotisivut <a href=\"https:\/\/www.astralpool.com\/en\/en\/wellness--spas-and-saunas\/spa-zone\/ocean-dreams-range\/evolution-70.html\" target=\"_blank\" rel=\"noopener\">T\u00c4ST\u00c4<\/a><\/li>\n<\/ul>\n<p>2 vuoden takuu komponenteille. Akryylipinnoitteella on 10 vuoden takuu. Rakenteella on 15 vuoden takuu.  <\/p>\n<p>Saatavana pyynn\u00f6st\u00e4 my\u00f6s ilman ulkokuorta. upotettava\/sis\u00e4\u00e4nrakennettava EVOLUTION 70 -poreallasratkaisu hierontatoiminnoilla. <\/p>\n","protected":false},"excerpt":{"rendered":"<p>Astralpool Ocean Dreams -sarjan poreallas Evolution 70 AstralPool Evolution 70 on ihanteellinen malli perheille, jotka etsiv\u00e4t ylimitoitettua henkil\u00f6kohtaista kylpyl\u00e4, jossa on rajattomasti ominaisuuksia. Suurien mittojensa ansiosta Evolution 70:een mahtuu mukavasti 5 henkil\u00f6\u00e4, ja siin\u00e4 on 2 ylellist\u00e4 lepotuolia ja 3 istuinta. Malli on varustettu 52 vesiterapiasuutimella ja 16 kuumailmasuuttimella, jotka luovat rentouttavia kuplia koko keholle. [&hellip;]<\/p>\n","protected":false},"featured_media":104636,"template":"","meta":{"_et_pb_use_builder":"","_et_pb_old_content":"","_et_gb_content_width":""},"product_brand":[],"product_cat":[130],"product_tag":[],"class_list":{"0":"post-108463","1":"product","2":"type-product","3":"status-publish","4":"has-post-thumbnail","6":"product_cat-porealtaat","7":"product_shipping_class-erikokkulepe-fi","9":"first","10":"onbackorder","11":"taxable","12":"shipping-taxable","13":"purchasable","14":"product-type-variable"},"jetpack_sharing_enabled":true,"_links":{"self":[{"href":"https:\/\/basseinimeistrid.ee\/fi\/wp-json\/wp\/v2\/product\/108463","targetHints":{"allow":["GET"]}}],"collection":[{"href":"https:\/\/basseinimeistrid.ee\/fi\/wp-json\/wp\/v2\/product"}],"about":[{"href":"https:\/\/basseinimeistrid.ee\/fi\/wp-json\/wp\/v2\/types\/product"}],"wp:featuredmedia":[{"embeddable":true,"href":"https:\/\/basseinimeistrid.ee\/fi\/wp-json\/wp\/v2\/media\/104636"}],"wp:attachment":[{"href":"https:\/\/basseinimeistrid.ee\/fi\/wp-json\/wp\/v2\/media?parent=108463"}],"wp:term":[{"taxonomy":"product_brand","embeddable":true,"href":"https:\/\/basseinimeistrid.ee\/fi\/wp-json\/wp\/v2\/product_brand?post=108463"},{"taxonomy":"product_cat","embeddable":true,"href":"https:\/\/basseinimeistrid.ee\/fi\/wp-json\/wp\/v2\/product_cat?post=108463"},{"taxonomy":"product_tag","embeddable":true,"href":"https:\/\/basseinimeistrid.ee\/fi\/wp-json\/wp\/v2\/product_tag?post=108463"}],"curies":[{"name":"wp","href":"https:\/\/api.w.org\/{rel}","templated":true}]}}