{"id":108493,"date":"2025-02-05T18:14:36","date_gmt":"2025-02-05T16:14:36","guid":{"rendered":"https:\/\/basseinimeistrid.ee\/pood\/Ei-luokiteltu\/astralpool-new-art-sarja\/"},"modified":"2025-02-05T18:14:36","modified_gmt":"2025-02-05T16:14:36","slug":"astralpool-new-art-sarja","status":"publish","type":"product","link":"https:\/\/basseinimeistrid.ee\/fi\/pood\/astralpool-new-art-sarja\/","title":{"rendered":"Astralpool NEW ART -sarja"},"content":{"rendered":"<h4>AstralPool Ocean Dreams -sarjan poreallas NEW&#8217;ART<\/h4>\n<p class=\"p1\">New&#8217;Art-poreallas on t\u00e4ydellinen valinta muotoilun yst\u00e4ville, jotka etsiv\u00e4t kokonaisvaltaista tasapainoa terveyden, mukavuuden ja tunteiden v\u00e4lill\u00e4. Kahdella lepotuolilla ja kolmella istuimella on tilaa yhteens\u00e4 5 hengil\u00f6lle. T\u00e4m\u00e4 poreallas, jossa on 28 vesihierontasuutinta ja 14 kuumailmasuutinta, puhaltaa kuumaa ilmaa koko uima-altaassa ylitt\u00e4en huomattavasti muiden laatuaan toimivuuden ja keskittyen todellisiin tunteisiin. Viiden elementin LumiPlus LED -valaistusj\u00e4rjestelm\u00e4 ja valaistu esikansi tekev\u00e4t t\u00e4st\u00e4 kylpyl\u00e4st\u00e4 sensaatiomaisen henkil\u00f6kohtaisen kromoterapiakeskuksen. Lis\u00e4ksi aromaterapiaj\u00e4rjestelm\u00e4 t\u00e4ydent\u00e4\u00e4 t\u00e4t\u00e4 aistivoimalla: tuoksuilla, jotka vapautuvat ilmaan kuplien kautta. Mielen ja kehon rentoutumisen uusi ulottuvuus.     <\/p>\n<p class=\"p1\">Altaan jakaminen yhdist\u00e4\u00e4 ja l\u00e4hent\u00e4\u00e4 ihmisi\u00e4. T\u00e4ss\u00e4 intiimiss\u00e4 ilmapiiriss\u00e4 on t\u00e4rke\u00e4\u00e4, ett\u00e4 kaikki on aina hallinnassa. PURE-sarjan altaissa on sis\u00e4\u00e4nrakennettu Balboa-ohjausj\u00e4rjestelm\u00e4, joka valvoo jatkuvasti kaikkia suodatus-, l\u00e4mp\u00f6tila- ja hierontatason toimintoja. Porealtaassa on patruunasuodatin mekaanista suodatusta varten ja edistynyt desinfiointij\u00e4rjestelm\u00e4, joka k\u00e4ytt\u00e4\u00e4 ultraviolettivaloa (UV) varmistaakseen, ett\u00e4 vesi pysyy aina puhtaana ja raikkaana, mik\u00e4 v\u00e4hent\u00e4\u00e4 desinfiointiaineiden ja kemikaalien tarvetta l\u00e4hes 80 %. Ymp\u00e4rist\u00f6yst\u00e4v\u00e4llinen ja k\u00e4ytt\u00e4j\u00e4yst\u00e4v\u00e4llinen vedenpuhdistusratkaisu.    <\/p>\n<p>Vesihieronta koko vartalolle ja kaikille kehon osille, mukaan lukien erityinen paikallinen painehieronta ja anti-stress-hieronta py\u00f6rivill\u00e4 hierontasuihkuilla. Erityist\u00e4 huomiota kiinnitet\u00e4\u00e4n lis\u00e4ksi niskaan, hartioihin ja sel\u00e4n alueelle. Vesihieronta parantaa verenkiertoa ja rentouttaa lihaksia. T\u00e4m\u00e4 parantaa merkitt\u00e4v\u00e4sti my\u00f6s unesi laatua.   <\/p>\n<p>NEW&#8217;ART vakiovarusteet:<\/p>\n<ul>\n<li>2 lepoistuinta + 3 istuinta<\/li>\n<li>Valkoinen sis\u00e4lt\u00e4 ja valkoinen ulkopuolelta<\/li>\n<li>28 ruostumattomasta ter\u00e4ksest\u00e4 valmistettua vesisuutinta<\/li>\n<li>14 ilmasuutinta<\/li>\n<li>3 p\u00e4\u00e4tukea<\/li>\n<li>Sile\u00e4pintainen PureLine valkoinen viimeistely<\/li>\n<li>Aromaterapiapaketti<\/li>\n<li>LumiPlus 5 x LED-valoterapiapaketti ja lis\u00e4valoelementtej\u00e4<\/li>\n<li>ECOSpa kaksinkertainen l\u00e4mp\u00f6eristys altaan kuoressa<\/li>\n<li>T\u00e4ydellinen ratkaisu veden suodatukseen ja UV-desinfiointiin<\/li>\n<li>Suodatinpumppu 200W<\/li>\n<li>Hierontapumppu 1,8 kW<\/li>\n<li>Ilmapumppu 1,15 kW<\/li>\n<li>Vedenl\u00e4mmitin 3kw<\/li>\n<li>Eristetyll\u00e4 kannella<\/li>\n<li>Ohjauspaneelit painikkeilla<\/li>\n<li>Koko 220x220x78cm<\/li>\n<li>Kylpyammeen tilavuus 975L<\/li>\n<li>Paino 450kg tyhj\u00e4n\u00e4 ja 1425kg vedell\u00e4 t\u00e4ytettyn\u00e4.<\/li>\n<\/ul>\n<p>Saatavana lis\u00e4varusteina:<\/p>\n<ul>\n<li>Bluetooth 4.1 kunnollinen vedenpit\u00e4v\u00e4 \u00e4\u00e4nij\u00e4rjestelm\u00e4. 4x kaiuttimet + subwoofer. <\/li>\n<li>Kosketusherkk\u00e4 v\u00e4rillinen intuitiivinen ohjauspaneeli<\/li>\n<li>Wifi Spa Control -porealtaan online-ohjaus<\/li>\n<li>Nordic Insulation System lis\u00e4eristysj\u00e4rjestelm\u00e4<\/li>\n<\/ul>\n<p>NEW&#8217;ART-kylpytynnyrit ovat saatavilla pyynn\u00f6st\u00e4. Saatavuus ja toimitusaika riippuvat vuodenajasta. Mik\u00e4li kiinnostuit, ota rohkeasti yhteytt\u00e4 <a href=\"mailto:info@basseinimeistrid.ee\">info@basseinimeistrid.ee<\/a>  <\/p>\n<p>Eurooppalaisessa tehtaassa valmistetut porealtaat, ABS-muovista ja laadukkaalla akryylipinnoitteella, upeilla lis\u00e4varusteilla porealtaat allasalan lippulaivalta AstralPoolilta.<\/p>\n<ul>\n<li>Astralpoolin ammen esite <a href=\"https:\/\/basseinimeistrid.ee\/wp-content\/uploads\/2025\/02\/astralpool-mullivannid.pdf\" target=\"_blank\" rel=\"noopener\">T\u00c4ST\u00c4<\/a><\/li>\n<li>NEW&#8217;ART-piirustus <a href=\"https:\/\/basseinimeistrid.ee\/wp-content\/uploads\/2025\/02\/newart.pdf\" target=\"_blank\" rel=\"noopener\">T\u00c4\u00c4LL\u00c4<\/a><\/li>\n<li>NEW&#8217;ART valmistajan <a href=\"https:\/\/www.astralpool.com\/en\/en\/wellness--spas-and-saunas\/spa-zone\/ocean-dreams-range\/new-art.html\" target=\"_blank\" rel=\"noopener\">kotisivut T\u00c4ST\u00c4<\/a><\/li>\n<li style=\"list-style-type: none;\">\n<\/li>\n<\/ul>\n<p>2 vuoden takuu komponenteille. Akryylipinnoitteella on 10 vuoden takuu. Rakenteella on 15 vuoden takuu.  <\/p>\n","protected":false},"excerpt":{"rendered":"<p>AstralPool Ocean Dreams -sarjan poreallas NEW&#8217;ART New&#8217;Art-poreallas on t\u00e4ydellinen valinta muotoilun yst\u00e4ville, jotka etsiv\u00e4t kokonaisvaltaista tasapainoa terveyden, mukavuuden ja tunteiden v\u00e4lill\u00e4. Kahdella lepotuolilla ja kolmella istuimella on tilaa yhteens\u00e4 5 hengil\u00f6lle. T\u00e4m\u00e4 poreallas, jossa on 28 vesihierontasuutinta ja 14 kuumailmasuutinta, puhaltaa kuumaa ilmaa koko uima-altaassa ylitt\u00e4en huomattavasti muiden laatuaan toimivuuden ja keskittyen todellisiin tunteisiin. Viiden [&hellip;]<\/p>\n","protected":false},"featured_media":104591,"template":"","meta":{"_et_pb_use_builder":"","_et_pb_old_content":"","_et_gb_content_width":""},"product_brand":[],"product_cat":[130],"product_tag":[],"class_list":{"0":"post-108493","1":"product","2":"type-product","3":"status-publish","4":"has-post-thumbnail","6":"product_cat-porealtaat","7":"product_shipping_class-erikokkulepe-fi","9":"first","10":"onbackorder","11":"taxable","12":"shipping-taxable","13":"purchasable","14":"product-type-variable"},"jetpack_sharing_enabled":true,"_links":{"self":[{"href":"https:\/\/basseinimeistrid.ee\/fi\/wp-json\/wp\/v2\/product\/108493","targetHints":{"allow":["GET"]}}],"collection":[{"href":"https:\/\/basseinimeistrid.ee\/fi\/wp-json\/wp\/v2\/product"}],"about":[{"href":"https:\/\/basseinimeistrid.ee\/fi\/wp-json\/wp\/v2\/types\/product"}],"wp:featuredmedia":[{"embeddable":true,"href":"https:\/\/basseinimeistrid.ee\/fi\/wp-json\/wp\/v2\/media\/104591"}],"wp:attachment":[{"href":"https:\/\/basseinimeistrid.ee\/fi\/wp-json\/wp\/v2\/media?parent=108493"}],"wp:term":[{"taxonomy":"product_brand","embeddable":true,"href":"https:\/\/basseinimeistrid.ee\/fi\/wp-json\/wp\/v2\/product_brand?post=108493"},{"taxonomy":"product_cat","embeddable":true,"href":"https:\/\/basseinimeistrid.ee\/fi\/wp-json\/wp\/v2\/product_cat?post=108493"},{"taxonomy":"product_tag","embeddable":true,"href":"https:\/\/basseinimeistrid.ee\/fi\/wp-json\/wp\/v2\/product_tag?post=108493"}],"curies":[{"name":"wp","href":"https:\/\/api.w.org\/{rel}","templated":true}]}}