{"id":108507,"date":"2025-02-04T20:22:57","date_gmt":"2025-02-04T18:22:57","guid":{"rendered":"https:\/\/basseinimeistrid.ee\/pood\/Ei-luokiteltu\/kloori-ja-bromi-annostelija-dossi-3-astralpool\/"},"modified":"2025-02-04T20:22:57","modified_gmt":"2025-02-04T18:22:57","slug":"kloori-ja-bromi-annostelija-dossi-3-astralpool","status":"publish","type":"product","link":"https:\/\/basseinimeistrid.ee\/fi\/pood\/kloori-ja-bromi-annostelija-dossi-3-astralpool\/","title":{"rendered":"Kloori- ja bromi-annostelija Dossi-3 Astralpool"},"content":{"rendered":"<p class=\"p1\">DOSSI-3 Mekaaniset l\u00e4pivirtausannostelijat, jotka sopivat kloorille ja bromille. Valmistettu rikkoutumattomasta muovista (ABS). Arvioitu kapasiteetti: 3,5 kg tabletteja. Kannen sulkeminen kaksoisturvaj\u00e4rjestelm\u00e4ll\u00e4. Helppok\u00e4ytt\u00f6iset ohjausventtiilit. Altaille, joiden tilavuus on enint\u00e4\u00e4n 60 m\u00b3 kloorilla ja enint\u00e4\u00e4n 30 m\u00b3 bromilla. Korkeus: 405 mm. Soveltuu vain hitaasti liukeneville tableteille.       <\/p>\n<p class=\"p1\">1\u00bd&#8221; naaraspuoliset kierrep\u00e4\u00e4t suoraa liitt\u00e4mist\u00e4 varten putkistoon.<\/p>\n<p>Sarja sis\u00e4lt\u00e4\u00e4 1 annostelijan.<\/p>\n","protected":false},"excerpt":{"rendered":"<p>DOSSI-3 Mekaaniset l\u00e4pivirtausannostelijat, jotka sopivat kloorille ja bromille. Valmistettu rikkoutumattomasta muovista (ABS). Arvioitu kapasiteetti: 3,5 kg tabletteja. Kannen sulkeminen kaksoisturvaj\u00e4rjestelm\u00e4ll\u00e4. Helppok\u00e4ytt\u00f6iset ohjausventtiilit. Altaille, joiden tilavuus on enint\u00e4\u00e4n 60 m\u00b3 kloorilla ja enint\u00e4\u00e4n 30 m\u00b3 bromilla. Korkeus: 405 mm. Soveltuu vain hitaasti liukeneville tableteille. 1\u00bd&#8221; naaraspuoliset kierrep\u00e4\u00e4t suoraa liitt\u00e4mist\u00e4 varten putkistoon. Sarja sis\u00e4lt\u00e4\u00e4 1 annostelijan.<\/p>\n","protected":false},"featured_media":104550,"template":"","meta":{"_et_pb_use_builder":"","_et_pb_old_content":"","_et_gb_content_width":""},"product_brand":[],"product_cat":[175],"product_tag":[],"class_list":{"0":"post-108507","1":"product","2":"type-product","3":"status-publish","4":"has-post-thumbnail","6":"product_cat-annostelu-laitteet","7":"product_shipping_class-pakiautomaat-fi","9":"first","10":"instock","11":"taxable","12":"shipping-taxable","13":"purchasable","14":"product-type-simple"},"jetpack_sharing_enabled":true,"_links":{"self":[{"href":"https:\/\/basseinimeistrid.ee\/fi\/wp-json\/wp\/v2\/product\/108507","targetHints":{"allow":["GET"]}}],"collection":[{"href":"https:\/\/basseinimeistrid.ee\/fi\/wp-json\/wp\/v2\/product"}],"about":[{"href":"https:\/\/basseinimeistrid.ee\/fi\/wp-json\/wp\/v2\/types\/product"}],"wp:featuredmedia":[{"embeddable":true,"href":"https:\/\/basseinimeistrid.ee\/fi\/wp-json\/wp\/v2\/media\/104550"}],"wp:attachment":[{"href":"https:\/\/basseinimeistrid.ee\/fi\/wp-json\/wp\/v2\/media?parent=108507"}],"wp:term":[{"taxonomy":"product_brand","embeddable":true,"href":"https:\/\/basseinimeistrid.ee\/fi\/wp-json\/wp\/v2\/product_brand?post=108507"},{"taxonomy":"product_cat","embeddable":true,"href":"https:\/\/basseinimeistrid.ee\/fi\/wp-json\/wp\/v2\/product_cat?post=108507"},{"taxonomy":"product_tag","embeddable":true,"href":"https:\/\/basseinimeistrid.ee\/fi\/wp-json\/wp\/v2\/product_tag?post=108507"}],"curies":[{"name":"wp","href":"https:\/\/api.w.org\/{rel}","templated":true}]}}