{"id":108508,"date":"2025-02-04T20:17:59","date_gmt":"2025-02-04T18:17:59","guid":{"rendered":"https:\/\/basseinimeistrid.ee\/pood\/Ei-luokiteltu\/annostelupumppu-aquaforte-dosatech\/"},"modified":"2025-02-04T20:17:59","modified_gmt":"2025-02-04T18:17:59","slug":"annostelupumppu-aquaforte-dosatech","status":"publish","type":"product","link":"https:\/\/basseinimeistrid.ee\/fi\/pood\/annostelupumppu-aquaforte-dosatech\/","title":{"rendered":"Annostelupumppu Aquaforte Dosatech"},"content":{"rendered":"<p>Uusi ja parannettu versio eritt\u00e4in suositusta annostelupumpusta! Nyt eritt\u00e4in k\u00e4ytt\u00e4j\u00e4yst\u00e4v\u00e4llisell\u00e4 3-painikkeisella ohjausyksik\u00f6ll\u00e4. Eritt\u00e4in helppo ohjelmoida. Ulkoisen ohjaustoiminnon ansiosta sit\u00e4 voidaan nyt k\u00e4ytt\u00e4\u00e4 my\u00f6s &#8221;normaalina&#8221; annostelupumppuna. Annostelupumppu annostelee t\u00e4ll\u00f6in jatkuvasti, esimerkiksi kun se on kytkettyn\u00e4 virtal\u00e4hteeseen. T\u00e4m\u00e4n ansiosta Dosatechia voidaan k\u00e4ytt\u00e4\u00e4 my\u00f6s pH-annostelupumppuna esimerkiksi uima-allasohjaimien kanssa.     <\/p>\n<p>El\u00e4vien bakteerituotteiden pienten p\u00e4ivitt\u00e4isten annosten (kuten Microbe-Lift Clean &amp; Clear) suuri etu suurempiin kuukausiannoksiin verrattuna on niin kutsuttu &#8221;Yakult\/Actimel-efekti&#8221;. Suuremmilla kuukausiannoksilla bakteerit, jotka eiv\u00e4t l\u00f6yd\u00e4 ruokaa, kuolevat. Pieniss\u00e4 p\u00e4ivitt\u00e4isiss\u00e4 annoksissa yli 30 erilaista el\u00e4v\u00e4\u00e4 bakteerilajia tulee vesist\u00f6ihin etsim\u00e4\u00e4n ruokaa. Dosatechia voidaan k\u00e4ytt\u00e4\u00e4 kaikkien nestem\u00e4isten tuotteiden, kuten lev\u00e4myrkkyjen, fosfaatin sitojien, Ph+\/Ph-tuotteiden jne. annosteluun (ei suositella eritt\u00e4in suurille suolahapon prosenttiosuuksille).   <\/p>\n<p>Neopreeniletkun avulla voit lis\u00e4t\u00e4 erilaisia \u200b\u200bratkaisuja.<\/p>\n<ul>\n<li>3-painikkeen ohjaus ja ohjelmointi<\/li>\n<li>Annostus jopa 24 kertaa p\u00e4iv\u00e4ss\u00e4 (max. 7,2 litraa p\u00e4iv\u00e4ss\u00e4)<\/li>\n<li>Annostelu 0-600 sekuntia annosta kohden (0,5 ml\/s)<\/li>\n<li>Jatkuva annostelu mahdollista ulkoisella ohjaustoiminnolla<\/li>\n<li>Helppo asentaa ja huoltaa<\/li>\n<li>Kompakti muotoilu<\/li>\n<li>Helppo yhdist\u00e4\u00e4 muihin laitteisiin<\/li>\n<li>Mukana imu- ja ruiskutusnipat (3\/8\u2033 ulkokierre).<\/li>\n<\/ul>\n","protected":false},"excerpt":{"rendered":"<p>Uusi ja parannettu versio eritt\u00e4in suositusta annostelupumpusta! Nyt eritt\u00e4in k\u00e4ytt\u00e4j\u00e4yst\u00e4v\u00e4llisell\u00e4 3-painikkeisella ohjausyksik\u00f6ll\u00e4. Eritt\u00e4in helppo ohjelmoida. Ulkoisen ohjaustoiminnon ansiosta sit\u00e4 voidaan nyt k\u00e4ytt\u00e4\u00e4 my\u00f6s &#8221;normaalina&#8221; annostelupumppuna. Annostelupumppu annostelee t\u00e4ll\u00f6in jatkuvasti, esimerkiksi kun se on kytkettyn\u00e4 virtal\u00e4hteeseen. T\u00e4m\u00e4n ansiosta Dosatechia voidaan k\u00e4ytt\u00e4\u00e4 my\u00f6s pH-annostelupumppuna esimerkiksi uima-allasohjaimien kanssa. El\u00e4vien bakteerituotteiden pienten p\u00e4ivitt\u00e4isten annosten (kuten Microbe-Lift Clean &amp; Clear) [&hellip;]<\/p>\n","protected":false},"featured_media":104534,"template":"","meta":{"_et_pb_use_builder":"","_et_pb_old_content":"","_et_gb_content_width":""},"product_brand":[],"product_cat":[175,216],"product_tag":[],"class_list":{"0":"post-108508","1":"product","2":"type-product","3":"status-publish","4":"has-post-thumbnail","6":"product_cat-annostelu-laitteet","7":"product_cat-vedenkasittelylaitteiden-tarvikkeet","8":"product_shipping_class-pakiautomaat-fi","10":"first","11":"instock","12":"taxable","13":"shipping-taxable","14":"purchasable","15":"product-type-variable"},"jetpack_sharing_enabled":true,"_links":{"self":[{"href":"https:\/\/basseinimeistrid.ee\/fi\/wp-json\/wp\/v2\/product\/108508","targetHints":{"allow":["GET"]}}],"collection":[{"href":"https:\/\/basseinimeistrid.ee\/fi\/wp-json\/wp\/v2\/product"}],"about":[{"href":"https:\/\/basseinimeistrid.ee\/fi\/wp-json\/wp\/v2\/types\/product"}],"wp:featuredmedia":[{"embeddable":true,"href":"https:\/\/basseinimeistrid.ee\/fi\/wp-json\/wp\/v2\/media\/104534"}],"wp:attachment":[{"href":"https:\/\/basseinimeistrid.ee\/fi\/wp-json\/wp\/v2\/media?parent=108508"}],"wp:term":[{"taxonomy":"product_brand","embeddable":true,"href":"https:\/\/basseinimeistrid.ee\/fi\/wp-json\/wp\/v2\/product_brand?post=108508"},{"taxonomy":"product_cat","embeddable":true,"href":"https:\/\/basseinimeistrid.ee\/fi\/wp-json\/wp\/v2\/product_cat?post=108508"},{"taxonomy":"product_tag","embeddable":true,"href":"https:\/\/basseinimeistrid.ee\/fi\/wp-json\/wp\/v2\/product_tag?post=108508"}],"curies":[{"name":"wp","href":"https:\/\/api.w.org\/{rel}","templated":true}]}}