{"id":108514,"date":"2025-02-04T20:09:41","date_gmt":"2025-02-04T18:09:41","guid":{"rendered":"https:\/\/basseinimeistrid.ee\/pood\/Ei-luokiteltu\/annostelupumppu-simpool-14l-h\/"},"modified":"2025-02-04T20:09:41","modified_gmt":"2025-02-04T18:09:41","slug":"annostelupumppu-simpool-14l-h","status":"publish","type":"product","link":"https:\/\/basseinimeistrid.ee\/fi\/pood\/annostelupumppu-simpool-14l-h\/","title":{"rendered":"Annostelupumppu Simpool 1,4l\/h"},"content":{"rendered":"<p class=\"p1\">Annostelupumppu ajastimella, jonka avulla voit my\u00f6s ohjelmoida ohjelmia p\u00e4iv\u00e4kohtaisesti. Ohjelmat ovat minuuttien mukaisia. Annostelupumppua voidaan laajentaa tasoanturilla, joka laukaisee h\u00e4lytyksen, kun annostelunestes\u00e4ili\u00f6 on tyhj\u00e4. Se on helppo liitt\u00e4\u00e4 annostelupumppuun BNC-liittimen kautta. Ihanteellinen esimerkiksi flokkulantin tai Phosfreen annosteluun.    <\/p>\n<ul>\n<li class=\"p1\">Ohjelmat ovat s\u00e4\u00e4dett\u00e4viss\u00e4 minuuteissa<\/li>\n<li class=\"p1\">Kapasiteetti 1,4 l\/h<\/li>\n<li class=\"p1\">Sis\u00e4lt\u00e4\u00e4 imu-\/paineletkun, imusuuttimen ja ruiskutusventtiilin<\/li>\n<\/ul>\n","protected":false},"excerpt":{"rendered":"<p>Annostelupumppu ajastimella, jonka avulla voit my\u00f6s ohjelmoida ohjelmia p\u00e4iv\u00e4kohtaisesti. Ohjelmat ovat minuuttien mukaisia. Annostelupumppua voidaan laajentaa tasoanturilla, joka laukaisee h\u00e4lytyksen, kun annostelunestes\u00e4ili\u00f6 on tyhj\u00e4. Se on helppo liitt\u00e4\u00e4 annostelupumppuun BNC-liittimen kautta. Ihanteellinen esimerkiksi flokkulantin tai Phosfreen annosteluun. Ohjelmat ovat s\u00e4\u00e4dett\u00e4viss\u00e4 minuuteissa Kapasiteetti 1,4 l\/h Sis\u00e4lt\u00e4\u00e4 imu-\/paineletkun, imusuuttimen ja ruiskutusventtiilin<\/p>\n","protected":false},"featured_media":104521,"template":"","meta":{"_et_pb_use_builder":"","_et_pb_old_content":"","_et_gb_content_width":""},"product_brand":[],"product_cat":[175],"product_tag":[],"class_list":{"0":"post-108514","1":"product","2":"type-product","3":"status-publish","4":"has-post-thumbnail","6":"product_cat-annostelu-laitteet","7":"product_shipping_class-pakiautomaat-fi","9":"first","10":"instock","11":"taxable","12":"shipping-taxable","13":"purchasable","14":"product-type-variable"},"jetpack_sharing_enabled":true,"_links":{"self":[{"href":"https:\/\/basseinimeistrid.ee\/fi\/wp-json\/wp\/v2\/product\/108514","targetHints":{"allow":["GET"]}}],"collection":[{"href":"https:\/\/basseinimeistrid.ee\/fi\/wp-json\/wp\/v2\/product"}],"about":[{"href":"https:\/\/basseinimeistrid.ee\/fi\/wp-json\/wp\/v2\/types\/product"}],"wp:featuredmedia":[{"embeddable":true,"href":"https:\/\/basseinimeistrid.ee\/fi\/wp-json\/wp\/v2\/media\/104521"}],"wp:attachment":[{"href":"https:\/\/basseinimeistrid.ee\/fi\/wp-json\/wp\/v2\/media?parent=108514"}],"wp:term":[{"taxonomy":"product_brand","embeddable":true,"href":"https:\/\/basseinimeistrid.ee\/fi\/wp-json\/wp\/v2\/product_brand?post=108514"},{"taxonomy":"product_cat","embeddable":true,"href":"https:\/\/basseinimeistrid.ee\/fi\/wp-json\/wp\/v2\/product_cat?post=108514"},{"taxonomy":"product_tag","embeddable":true,"href":"https:\/\/basseinimeistrid.ee\/fi\/wp-json\/wp\/v2\/product_tag?post=108514"}],"curies":[{"name":"wp","href":"https:\/\/api.w.org\/{rel}","templated":true}]}}