{"id":108517,"date":"2025-02-04T20:03:46","date_gmt":"2025-02-04T18:03:46","guid":{"rendered":"https:\/\/basseinimeistrid.ee\/pood\/Ei-luokiteltu\/annostelupumppu-astralpool-15l-h\/"},"modified":"2025-02-04T20:03:46","modified_gmt":"2025-02-04T18:03:46","slug":"annostelupumppu-astralpool-15l-h","status":"publish","type":"product","link":"https:\/\/basseinimeistrid.ee\/fi\/pood\/annostelupumppu-astralpool-15l-h\/","title":{"rendered":"Annostelupumppu Astralpool 1,5l\/h"},"content":{"rendered":"<h4>Astral annostelupumppu<\/h4>\n<p>Annostelupumppu altaan puhdistusj\u00e4rjestelmiin ja my\u00f6s muiden nesteiden annosteluun. Kapasiteetti jopa 1,5 l\/h. Ohjaukseen esimerkiksi Astral Control -altaan ohjausj\u00e4rjestelm\u00e4ll\u00e4 tai Sugar Valley -ohjauslaitteilla. J\u00e4rjestelm\u00e4 jopa 1,5 bar. Pumpun letku Santoprene-materiaalista.    <\/p>\n","protected":false},"excerpt":{"rendered":"<p>Astral annostelupumppu Annostelupumppu altaan puhdistusj\u00e4rjestelmiin ja my\u00f6s muiden nesteiden annosteluun. Kapasiteetti jopa 1,5 l\/h. Ohjaukseen esimerkiksi Astral Control -altaan ohjausj\u00e4rjestelm\u00e4ll\u00e4 tai Sugar Valley -ohjauslaitteilla. J\u00e4rjestelm\u00e4 jopa 1,5 bar. Pumpun letku Santoprene-materiaalista.<\/p>\n","protected":false},"featured_media":104516,"template":"","meta":{"_et_pb_use_builder":"","_et_pb_old_content":"","_et_gb_content_width":""},"product_brand":[],"product_cat":[175],"product_tag":[],"class_list":{"0":"post-108517","1":"product","2":"type-product","3":"status-publish","4":"has-post-thumbnail","6":"product_cat-annostelu-laitteet","7":"product_shipping_class-pakiautomaat-fi","9":"first","10":"instock","11":"taxable","12":"shipping-taxable","13":"purchasable","14":"product-type-simple"},"jetpack_sharing_enabled":true,"_links":{"self":[{"href":"https:\/\/basseinimeistrid.ee\/fi\/wp-json\/wp\/v2\/product\/108517","targetHints":{"allow":["GET"]}}],"collection":[{"href":"https:\/\/basseinimeistrid.ee\/fi\/wp-json\/wp\/v2\/product"}],"about":[{"href":"https:\/\/basseinimeistrid.ee\/fi\/wp-json\/wp\/v2\/types\/product"}],"wp:featuredmedia":[{"embeddable":true,"href":"https:\/\/basseinimeistrid.ee\/fi\/wp-json\/wp\/v2\/media\/104516"}],"wp:attachment":[{"href":"https:\/\/basseinimeistrid.ee\/fi\/wp-json\/wp\/v2\/media?parent=108517"}],"wp:term":[{"taxonomy":"product_brand","embeddable":true,"href":"https:\/\/basseinimeistrid.ee\/fi\/wp-json\/wp\/v2\/product_brand?post=108517"},{"taxonomy":"product_cat","embeddable":true,"href":"https:\/\/basseinimeistrid.ee\/fi\/wp-json\/wp\/v2\/product_cat?post=108517"},{"taxonomy":"product_tag","embeddable":true,"href":"https:\/\/basseinimeistrid.ee\/fi\/wp-json\/wp\/v2\/product_tag?post=108517"}],"curies":[{"name":"wp","href":"https:\/\/api.w.org\/{rel}","templated":true}]}}