{"id":108518,"date":"2025-02-04T20:01:02","date_gmt":"2025-02-04T18:01:02","guid":{"rendered":"https:\/\/basseinimeistrid.ee\/pood\/Ei-luokiteltu\/peristaattinen-annostelupumppu-sugar-valley\/"},"modified":"2025-03-15T15:22:50","modified_gmt":"2025-03-15T13:22:50","slug":"peristaattinen-annostelupumppu-sugar-valley","status":"publish","type":"product","link":"https:\/\/basseinimeistrid.ee\/fi\/pood\/peristaattinen-annostelupumppu-sugar-valley\/","title":{"rendered":"Peristaattinen annostelupumppu Sugar Valley"},"content":{"rendered":"<div>Tehokas ja tarkka nesteen annostelu Sugar Valleyn peristalttisella annostelupumpulla.<\/div>\n<div>\n<p class=\"p1\">Nesteiden p\u00e4ivitt\u00e4inen manuaalinen annostelu voi olla aikaa viev\u00e4 ja vaikea teht\u00e4v\u00e4, varsinkin kun tarkkuus on v\u00e4ltt\u00e4m\u00e4t\u00f6nt\u00e4. Sugar Valleyn perstaattinen annostelupumppu tarjoaa \u00e4lykk\u00e4\u00e4n ja luotettavan ratkaisun. T\u00e4m\u00e4 edistyksellinen annostelupumppu on suunniteltu annostelemaan jatkuvasti ja tarkasti erilaisia \u200b\u200bnesteit\u00e4 (esim. pH:n s\u00e4\u00e4t\u00f6aineita, Microbe-Lift -tuotteita ja jopa klooria) lampiisi, uima-altaaseen tai akvaarioosi.  <\/p>\n<p class=\"p1\">Miksi valita Sugar Valleyn annostelupumppu?<\/p>\n<p class=\"p1\">Maksimaalinen tarkkuus: pumppu varmistaa aina oikean m\u00e4\u00e4r\u00e4n nestett\u00e4 sy\u00f6tt\u00e4misen, mik\u00e4 on ratkaisevan t\u00e4rke\u00e4\u00e4 t\u00e4ydellisen vedenlaatutasapainon yll\u00e4pit\u00e4miseksi.<\/p>\n<p class=\"p1\">S\u00e4\u00e4dett\u00e4v\u00e4 tuottavuus: S\u00e4\u00e4dett\u00e4v\u00e4ll\u00e4 annostusnopeudella 0,6-6 litraa tunnissa voit hienos\u00e4\u00e4t\u00e4\u00e4 pumpun tarpeidesi mukaan.<\/p>\n<p class=\"p1\">Ajans\u00e4\u00e4st\u00f6: S\u00e4\u00e4st\u00e4 aikaa ja v\u00e4henn\u00e4 manuaalisten annosteluvirheiden riski\u00e4 automaattisella annostelulla.<\/p>\n<p class=\"p1\">Saumaton integrointi: T\u00e4m\u00e4 annostelupumppu toimii t\u00e4ydellisesti Sugar Valleyn ja Astral Elite Connect -ohjausj\u00e4rjestelmien kanssa, mik\u00e4 varmistaa automatisoidun ja vaivattoman vedenlaadun hallinnan.<\/p>\n<p class=\"p1\">Sugar Valleyn peristalttinen annostelupumppu on ihanteellinen valinta niille, jotka haluavat nesteen annostelun yksinkertaisuutta, luotettavuutta ja tarkkuutta.<\/p>\n<\/div>\n","protected":false},"excerpt":{"rendered":"<p>Tehokas ja tarkka nesteen annostelu Sugar Valleyn peristalttisella annostelupumpulla. Nesteiden p\u00e4ivitt\u00e4inen manuaalinen annostelu voi olla aikaa viev\u00e4 ja vaikea teht\u00e4v\u00e4, varsinkin kun tarkkuus on v\u00e4ltt\u00e4m\u00e4t\u00f6nt\u00e4. Sugar Valleyn perstaattinen annostelupumppu tarjoaa \u00e4lykk\u00e4\u00e4n ja luotettavan ratkaisun. T\u00e4m\u00e4 edistyksellinen annostelupumppu on suunniteltu annostelemaan jatkuvasti ja tarkasti erilaisia \u200b\u200bnesteit\u00e4 (esim. pH:n s\u00e4\u00e4t\u00f6aineita, Microbe-Lift -tuotteita ja jopa klooria) lampiisi, uima-altaaseen [&hellip;]<\/p>\n","protected":false},"featured_media":104511,"template":"","meta":{"_et_pb_use_builder":"","_et_pb_old_content":"","_et_gb_content_width":""},"product_brand":[],"product_cat":[175],"product_tag":[],"class_list":{"0":"post-108518","1":"product","2":"type-product","3":"status-publish","4":"has-post-thumbnail","6":"product_cat-annostelu-laitteet","7":"product_shipping_class-pakiautomaat-fi","9":"first","10":"instock","11":"taxable","12":"shipping-taxable","13":"purchasable","14":"product-type-simple"},"jetpack_sharing_enabled":true,"_links":{"self":[{"href":"https:\/\/basseinimeistrid.ee\/fi\/wp-json\/wp\/v2\/product\/108518","targetHints":{"allow":["GET"]}}],"collection":[{"href":"https:\/\/basseinimeistrid.ee\/fi\/wp-json\/wp\/v2\/product"}],"about":[{"href":"https:\/\/basseinimeistrid.ee\/fi\/wp-json\/wp\/v2\/types\/product"}],"wp:featuredmedia":[{"embeddable":true,"href":"https:\/\/basseinimeistrid.ee\/fi\/wp-json\/wp\/v2\/media\/104511"}],"wp:attachment":[{"href":"https:\/\/basseinimeistrid.ee\/fi\/wp-json\/wp\/v2\/media?parent=108518"}],"wp:term":[{"taxonomy":"product_brand","embeddable":true,"href":"https:\/\/basseinimeistrid.ee\/fi\/wp-json\/wp\/v2\/product_brand?post=108518"},{"taxonomy":"product_cat","embeddable":true,"href":"https:\/\/basseinimeistrid.ee\/fi\/wp-json\/wp\/v2\/product_cat?post=108518"},{"taxonomy":"product_tag","embeddable":true,"href":"https:\/\/basseinimeistrid.ee\/fi\/wp-json\/wp\/v2\/product_tag?post=108518"}],"curies":[{"name":"wp","href":"https:\/\/api.w.org\/{rel}","templated":true}]}}