{"id":108519,"date":"2025-02-04T19:56:17","date_gmt":"2025-02-04T17:56:17","guid":{"rendered":"https:\/\/basseinimeistrid.ee\/pood\/Ei-luokiteltu\/mittaus-ja-annosteluratkaisu-technopool-ph-rx\/"},"modified":"2025-02-04T19:56:17","modified_gmt":"2025-02-04T17:56:17","slug":"mittaus-ja-annosteluratkaisu-technopool-ph-rx","status":"publish","type":"product","link":"https:\/\/basseinimeistrid.ee\/fi\/pood\/mittaus-ja-annosteluratkaisu-technopool-ph-rx\/","title":{"rendered":"Mittaus- ja annosteluratkaisu Technopool PH\/RX"},"content":{"rendered":"<h4 class=\"text-xl mb-1 md:text-3xl text-primary title-font\">TECHNOPOOL PH\/RX MITTAUS- JA ANNOSTUSJ\u00c4RJESTELM\u00c4<\/h4>\n<div>\n<p class=\"p1\">Yksinkertainen sein\u00e4\u00e4n kiinnitett\u00e4v\u00e4 j\u00e4rjestelm\u00e4, jonka avulla voit valvoa ja ohjata uima-allasveden desinfiointiratkaisuasi. Sis\u00e4lt\u00e4\u00e4 pH- ja redox-anturin (BNC-liitin) ja 2 annostelupumppua pH- ja kloorinesteiden lis\u00e4\u00e4miseen. Sis\u00e4lt\u00e4\u00e4 anturielektrodien pidikkeet, asennussatulat ja kalibrointinesteet. Ihanteellinen j\u00e4rjestelm\u00e4 altaille, joiden koko on 80 m\u00b3.   <\/p>\n<ul>\n<li class=\"p1\">Nopea ja helppo sein\u00e4asennus mukana tulevilla ruuveilla ja tapilla.<\/li>\n<li class=\"p1\">Helppo huolto.<\/li>\n<li class=\"p1\">Digitaalinen ohjausyksikk\u00f6.<\/li>\n<li class=\"p1\">Peristalttiset pumput.<\/li>\n<li class=\"p1\">Mittausalue: 0 &#8211; 14,00 pH ja 0 &#8211; 1000 mV (redox).<\/li>\n<li class=\"p1\">2-rivinen aakkosnumeerinen LCD-n\u00e4ytt\u00f6 taustavalolla.<\/li>\n<li class=\"p1\">pH- ja redox-elektrodit muovikotelolla, 5 m kaapelilla ja BNC-liittimell\u00e4.<\/li>\n<li class=\"p1\">2 konfigurointitasoa (loppuk\u00e4ytt\u00e4j\u00e4 ja ammattilainen\/asentaja).<\/li>\n<li class=\"p1\">2 erillist\u00e4 tuloa pH\/klooritason antureille.<\/li>\n<li class=\"p1\">1 tulo virtausanturille.<\/li>\n<li class=\"p1\">1 tulo l\u00e4mp\u00f6tila-anturille.<\/li>\n<li class=\"p1\">230 VAC vakiovirtal\u00e4hde.<\/li>\n<li class=\"p1\">Valinnainen l\u00e4ht\u00f6: h\u00e4lytysrele.<\/li>\n<\/ul>\n<\/div>\n","protected":false},"excerpt":{"rendered":"<p>TECHNOPOOL PH\/RX MITTAUS- JA ANNOSTUSJ\u00c4RJESTELM\u00c4 Yksinkertainen sein\u00e4\u00e4n kiinnitett\u00e4v\u00e4 j\u00e4rjestelm\u00e4, jonka avulla voit valvoa ja ohjata uima-allasveden desinfiointiratkaisuasi. Sis\u00e4lt\u00e4\u00e4 pH- ja redox-anturin (BNC-liitin) ja 2 annostelupumppua pH- ja kloorinesteiden lis\u00e4\u00e4miseen. Sis\u00e4lt\u00e4\u00e4 anturielektrodien pidikkeet, asennussatulat ja kalibrointinesteet. Ihanteellinen j\u00e4rjestelm\u00e4 altaille, joiden koko on 80 m\u00b3. Nopea ja helppo sein\u00e4asennus mukana tulevilla ruuveilla ja tapilla. Helppo huolto. Digitaalinen [&hellip;]<\/p>\n","protected":false},"featured_media":104501,"template":"","meta":{"_et_pb_use_builder":"","_et_pb_old_content":"","_et_gb_content_width":""},"product_brand":[],"product_cat":[175],"product_tag":[],"class_list":{"0":"post-108519","1":"product","2":"type-product","3":"status-publish","4":"has-post-thumbnail","6":"product_cat-annostelu-laitteet","7":"product_shipping_class-pakiautomaat-fi","9":"first","10":"instock","11":"taxable","12":"shipping-taxable","13":"purchasable","14":"product-type-variable"},"jetpack_sharing_enabled":true,"_links":{"self":[{"href":"https:\/\/basseinimeistrid.ee\/fi\/wp-json\/wp\/v2\/product\/108519","targetHints":{"allow":["GET"]}}],"collection":[{"href":"https:\/\/basseinimeistrid.ee\/fi\/wp-json\/wp\/v2\/product"}],"about":[{"href":"https:\/\/basseinimeistrid.ee\/fi\/wp-json\/wp\/v2\/types\/product"}],"wp:featuredmedia":[{"embeddable":true,"href":"https:\/\/basseinimeistrid.ee\/fi\/wp-json\/wp\/v2\/media\/104501"}],"wp:attachment":[{"href":"https:\/\/basseinimeistrid.ee\/fi\/wp-json\/wp\/v2\/media?parent=108519"}],"wp:term":[{"taxonomy":"product_brand","embeddable":true,"href":"https:\/\/basseinimeistrid.ee\/fi\/wp-json\/wp\/v2\/product_brand?post=108519"},{"taxonomy":"product_cat","embeddable":true,"href":"https:\/\/basseinimeistrid.ee\/fi\/wp-json\/wp\/v2\/product_cat?post=108519"},{"taxonomy":"product_tag","embeddable":true,"href":"https:\/\/basseinimeistrid.ee\/fi\/wp-json\/wp\/v2\/product_tag?post=108519"}],"curies":[{"name":"wp","href":"https:\/\/api.w.org\/{rel}","templated":true}]}}