{"id":108529,"date":"2025-02-04T18:32:28","date_gmt":"2025-02-04T16:32:28","guid":{"rendered":"https:\/\/basseinimeistrid.ee\/pood\/Ei-luokiteltu\/aquaforte-ai-wireless-uima-allasrobotti\/"},"modified":"2025-02-04T18:32:28","modified_gmt":"2025-02-04T16:32:28","slug":"aquaforte-ai-wireless-uima-allasrobotti","status":"publish","type":"product","link":"https:\/\/basseinimeistrid.ee\/fi\/pood\/aquaforte-ai-wireless-uima-allasrobotti\/","title":{"rendered":"Aquaforte AI-Wireless uima-allasrobotti"},"content":{"rendered":"<h3>AquaForte AI M30 ja AI M60 altaanpuhdistusrobotit<\/h3>\n<p class=\"p1\">AquaForte M30 ja M60 ovat ammattitason \u00e4lykk\u00e4it\u00e4 uima-allasrobotteja, jotka voivat puhdistaa jatkuvasti jopa 3\u20136 tuntia. \u00c4lykk\u00e4\u00e4n AI Inverter -tekniikan ansiosta moottorit toimivat vaihtelevalla teholla 20 % &#8211; 100 % tarpeen mukaan (tyypillisesti&lt; 50 %), jolloin akkut kest\u00e4v\u00e4t pidemp\u00e4\u00e4n. Ennen puhdistusohjelman aloittamista robotti skannaa ensin uima-altaan m\u00e4\u00e4ritt\u00e4\u00e4kseen tehokkaimman puhdistusradan.  <\/p>\n<p class=\"p1\">\u00c4LYK\u00c4S NAVIGOINTIJ\u00c4RJESTELM\u00c4<\/p>\n<p class=\"p1\">Edistynyt ty\u00f6tilanhallinta useilla antureilla ja infrapunaohjausj\u00e4rjestelm\u00e4ll\u00e4. Patentoitu &#8221;S-pattern&#8221; -liike s\u00e4\u00e4st\u00e4\u00e4 aikaa ja akkua, koska robotti ei liiku satunnaisesti altaan l\u00e4pi, vaan seuraa tiukkaa &#8221;S-kuviota&#8221;. T\u00e4m\u00e4 puhdistaa altaan tehokkaasti ja perusteellisesti! Pystyy puhdistamaan altaat jopa 6 x 20 metri\u00e4. T\u00e4m\u00e4 robotti on luokkansa nopein, mik\u00e4 puolestaan \u200b\u200bs\u00e4\u00e4st\u00e4\u00e4 paljon aikaa. \u00c4\u00e4rimm\u00e4isen tehokas moottori tarjoaa erinomaisen imuvoiman, jolloin robotti voi puhdistaa sein\u00e4t hyvin.     <\/p>\n<p class=\"p1\">AKTIIVINEN OHJAUSPANEELI<\/p>\n<p class=\"p1\">Joustava ty\u00f6- ja kiertoaikojen asettaminen. Toimintojen hallinta ja laitteen toiminnan n\u00e4ytt\u00e4minen. \u00c4lykk\u00e4\u00e4n &#8221;AI-Bot&#8221; -sovelluksen ansiosta robottia on helppo ohjata ja ohjelmoida. APP:n kautta voit esimerkiksi valita 1, 2 tai 3 p\u00e4iv\u00e4n puhdistusv\u00e4lin, asettaa siivouksen keston (10 minuutin v\u00e4lein) ja valita, puhdistetaanko vain altaan pohja vai pohja ja sein\u00e4t. Sovelluksen kautta robottisi on aina varustettu uusimmalla ohjelmistolla. N\u00e4m\u00e4 robotit on lis\u00e4ksi varustettu erikoistoiminnolla, joka sammuttaa akun pidemm\u00e4ksi ajaksi talvikaudella akun k\u00e4ytt\u00f6i\u00e4n pident\u00e4miseksi.     <\/p>\n<ul>\n<li>\u00c4lyk\u00e4s ohjaus<\/li>\n<li class=\"p1\">Pitk\u00e4 akunkesto<\/li>\n<li class=\"p1\">Nopea puhdistus<\/li>\n<li class=\"p1\">Soveltuu jopa 6 x 20 metrin altaisiin<\/li>\n<li class=\"p1\">Tehokas &#8221;S-kuvioinen&#8221; puhdistus<\/li>\n<li class=\"p1\">Korkea imuteho<\/li>\n<li class=\"p1\">K\u00e4tev\u00e4 hallinta ja puhdistusohjelmien vaihto APP:ssa<\/li>\n<\/ul>\n<p>M30- ja M60-mallien ero on laitteen akun kapasiteetissa. M30-robotissa on 5Ah akku (jopa 3h k\u00e4ytt\u00f6aikaa) ja M60-robotissa 10.4Ah akku (jopa 6h k\u00e4ytt\u00f6aikaa). <\/p>\n","protected":false},"excerpt":{"rendered":"<p>AquaForte AI M30 ja AI M60 altaanpuhdistusrobotit AquaForte M30 ja M60 ovat ammattitason \u00e4lykk\u00e4it\u00e4 uima-allasrobotteja, jotka voivat puhdistaa jatkuvasti jopa 3\u20136 tuntia. \u00c4lykk\u00e4\u00e4n AI Inverter -tekniikan ansiosta moottorit toimivat vaihtelevalla teholla 20 % &#8211; 100 % tarpeen mukaan (tyypillisesti&lt; 50 %), jolloin akkut kest\u00e4v\u00e4t pidemp\u00e4\u00e4n. Ennen puhdistusohjelman aloittamista robotti skannaa ensin uima-altaan m\u00e4\u00e4ritt\u00e4\u00e4kseen tehokkaimman puhdistusradan. [&hellip;]<\/p>\n","protected":false},"featured_media":104471,"template":"","meta":{"_et_pb_use_builder":"","_et_pb_old_content":"","_et_gb_content_width":""},"product_brand":[],"product_cat":[110],"product_tag":[],"class_list":{"0":"post-108529","1":"product","2":"type-product","3":"status-publish","4":"has-post-thumbnail","6":"product_cat-allasrobotit","7":"product_shipping_class-kuller-fi","9":"first","10":"instock","11":"taxable","12":"shipping-taxable","13":"purchasable","14":"product-type-variable"},"jetpack_sharing_enabled":true,"_links":{"self":[{"href":"https:\/\/basseinimeistrid.ee\/fi\/wp-json\/wp\/v2\/product\/108529","targetHints":{"allow":["GET"]}}],"collection":[{"href":"https:\/\/basseinimeistrid.ee\/fi\/wp-json\/wp\/v2\/product"}],"about":[{"href":"https:\/\/basseinimeistrid.ee\/fi\/wp-json\/wp\/v2\/types\/product"}],"wp:featuredmedia":[{"embeddable":true,"href":"https:\/\/basseinimeistrid.ee\/fi\/wp-json\/wp\/v2\/media\/104471"}],"wp:attachment":[{"href":"https:\/\/basseinimeistrid.ee\/fi\/wp-json\/wp\/v2\/media?parent=108529"}],"wp:term":[{"taxonomy":"product_brand","embeddable":true,"href":"https:\/\/basseinimeistrid.ee\/fi\/wp-json\/wp\/v2\/product_brand?post=108529"},{"taxonomy":"product_cat","embeddable":true,"href":"https:\/\/basseinimeistrid.ee\/fi\/wp-json\/wp\/v2\/product_cat?post=108529"},{"taxonomy":"product_tag","embeddable":true,"href":"https:\/\/basseinimeistrid.ee\/fi\/wp-json\/wp\/v2\/product_tag?post=108529"}],"curies":[{"name":"wp","href":"https:\/\/api.w.org\/{rel}","templated":true}]}}