{"id":108532,"date":"2025-02-02T18:29:50","date_gmt":"2025-02-02T16:29:50","guid":{"rendered":"https:\/\/basseinimeistrid.ee\/pood\/Ei-luokiteltu\/sugar-valley-aquascenic-vedenkasittelysarja\/"},"modified":"2025-02-02T18:29:50","modified_gmt":"2025-02-02T16:29:50","slug":"sugar-valley-aquascenic-vedenkasittelysarja","status":"publish","type":"product","link":"https:\/\/basseinimeistrid.ee\/fi\/pood\/sugar-valley-aquascenic-vedenkasittelysarja\/","title":{"rendered":"Sugar Valley Aquascenic vedenk\u00e4sittelysarja"},"content":{"rendered":"<h3>PREMIUM-LUOKAN VEDENK\u00c4SITTELYJ\u00c4RJESTELM\u00c4 SUGAR VALLEY AQUASCENIC<\/h3>\n<h4 class=\"p1\">AQUASCENIC, HYDROLYYSI YHDISTETTY KUPARIN IONISAATIOON<\/h4>\n<h5 class=\"p1\">T\u00c4YDELLINEN JA T\u00c4YSIN LUONNOLLINEN VEDENK\u00c4SITTELYRATKAISU<\/h5>\n<p class=\"p1\">Paras ja kattavin desinfiointij\u00e4rjestelm\u00e4 allasalan kloorivaihtoehdoista t\u00e4h\u00e4n menness\u00e4. Hydrolyysi yhdistettyn\u00e4 kuparin ionisaatioon. T\u00e4ydellinen ja t\u00e4ysin luonnollinen vedenk\u00e4sittelyratkaisu. J\u00e4rjestelm\u00e4 on eritt\u00e4in joustava. Voidaan k\u00e4ytt\u00e4\u00e4 <strong>ilman suolaa<\/strong> ja my\u00f6s suolaisen allasveden kanssa 0 &#8211; 100 gr NaCl\/l. Lis\u00e4\u00e4m\u00e4ll\u00e4 vain 1 gramma suolaa litraan allasvett\u00e4, pieni m\u00e4\u00e4r\u00e4 klooria alkaa muodostua ja vapautua j\u00e4rjestelm\u00e4n reaktioiden seurauksena.     <\/p>\n<ul>\n<li class=\"p1\">Puhdistaa vett\u00e4 (H\u2082O) omilla komponenteillaan H ja O, muodostaen happea, otsonia, vetyperoksidia<\/li>\n<li class=\"p1\">Ainoa j\u00e4rjestelm\u00e4 markkinoilla, joka toimii t\u00e4ydellisesti makean veden kanssa ja my\u00f6s ilman kloorin tuotantoa.<\/li>\n<li class=\"p1\">Kuparin (Cu) antibakteeriset ja algisidiset vaikutukset tehostavat entisest\u00e4\u00e4n desinfiointia ja flokkuloivat hiukkasia<\/li>\n<li class=\"p1\">Pit\u00e4\u00e4 uima-allasveden puhtaana vuosia.<\/li>\n<li>Toimii my\u00f6s alhaisella johtavuudella (alkaen 500 mS) vedell\u00e4.<\/li>\n<\/ul>\n<p>Mukana:<\/p>\n<ul>\n<li>Aquascenic ohjausyksikk\u00f6<\/li>\n<li>Itsepuhdistuva elektrolyysielementti<\/li>\n<li>Kupari-ionisaattori erillisell\u00e4 l\u00e4pivirtauskammiolla<\/li>\n<li>Veden virtauskammio<\/li>\n<li>pH\/rX-anturit, maadoitus ja ruiskutusventtiili<\/li>\n<li>pH-annostelupumppu 1x<\/li>\n<li>Sirut pH- ja rX-toimintojen aktivoimiseen ohjausyksik\u00f6ss\u00e4<\/li>\n<li>redox- ja pH-kalibrointinesteet<\/li>\n<\/ul>\n<p>Hydrolyysielementiss\u00e4 on \u00d863mm liittimet, ionisaattorikammiossa 2&#8243; ulkokierteet.<\/p>\n<p class=\"p1\">(Ei sovellu k\u00e4ytett\u00e4v\u00e4ksi vesist\u00f6iss\u00e4, jotka on eristetty EPDM-geokalvolla)<\/p>\n<p class=\"p1\">Desinfioinnin periaate on vesimolekyylin (H2O) H- ja O-atomien erottaminen toisistaan, jotta saadaan aikaan tehokkaita ainesosia, joilla on vahvat desinfiointiominaisuudet. Jopa vahvempi kuin kloori, mutta oikeat m\u00e4\u00e4r\u00e4t, t\u00e4ysin turvallinen uima-altaan k\u00e4ytt\u00e4jille.  J\u00e4rjestelm\u00e4 on lis\u00e4ksi varustettu kupari-ionisaattorilla, joka toimii h\u00f6yt\u00e4l\u00f6iv\u00e4n\u00e4, antibakteerisena ja lev\u00e4nvastaisena aineena. Yhdess\u00e4 AquaScenic-j\u00e4rjestelm\u00e4 voi tuottaa hapettumis- ja flokkulaatioprosesseja olemassa olevasta kemikaalittomasta allasvedest\u00e4 kattavien s\u00e4hk\u00f6kemiallisten prosessien avulla, kaikki ilman <strong>kemikaalien lis\u00e4\u00e4mist\u00e4<\/strong> uima-altaaseen. <\/p>\n<p class=\"p1\">Hydrolyysi: Vesi (H2O) koostuu kahdesta osasta vety\u00e4 (H2) ja yhdest\u00e4 osasta happea (O). Hydrolyysi tarkoittaa &#8221;veden halkeamista&#8221;. Kun veden l\u00e4pi johdetaan t\u00e4sm\u00e4lleen oikean suuruinen s\u00e4hk\u00f6j\u00e4nnite, vesimolekyylien v\u00e4linen kemiallinen sidos katkeaa. Negatiivisesti varautunut happi (tai ionit) siirtyy positiiviselle elektrodille (anodille). Tapahtuu seuraava s\u00e4hk\u00f6kemiallinen reaktio: S\u00e4hk\u00f6j\u00e4nnite + 2 H2O = 2 H2 + O2. Hydrolyysin yhteydess\u00e4 tapahtuu my\u00f6s muita kemiallisia reaktioita. Se tuottaa my\u00f6s erityisi\u00e4 ioneja, jotka hapettavat ja tekev\u00e4t siten lis\u00e4desinfiointity\u00f6t\u00e4.      <\/p>\n<p>Kuparin ionisaatio: Aquascenic kupari-ionisaattori lis\u00e4\u00e4 vedenk\u00e4sittelyn tehokkuutta hydrolyysin yhteydess\u00e4, jolloin ionisaatioj\u00e4rjestelm\u00e4 voi lis\u00e4t\u00e4 antibakteerisia ja lev\u00e4vastaisia \u200b\u200bominaisuuksiaan luonnollisessa ymp\u00e4rist\u00f6ss\u00e4 ilman lis\u00e4ttyj\u00e4 kemikaaleja. Aquascenic-liuosta voidaan k\u00e4ytt\u00e4\u00e4 Legionnaires-taudin torjuntaan. <\/p>\n<p>Sugar Valley Aquascenic -asennusohje englanniksi <a href=\"https:\/\/basseinimeistrid.ee\/wp-content\/uploads\/2025\/02\/AQUASCENIC-ENG-1.pdf\" target=\"_blank\" rel=\"noopener\">T\u00c4ST\u00c4<\/a><\/p>\n<p>Kuparin k\u00e4ytt\u00f6 veden desinfiointiin edellytt\u00e4\u00e4 ehdollista hyv\u00e4ksynt\u00e4\u00e4, kunnes EU-asetus tai kansallinen m\u00e4\u00e4r\u00e4ys on voimassa. N\u00e4iss\u00e4 laitteissa k\u00e4ytetty kupari on REACH-rekister\u00f6innin mukaista. Ostajan\/asentajan\/j\u00e4lleenmyyj\u00e4n vastuulla on lis\u00e4ksi olla tietoinen paikallisista m\u00e4\u00e4r\u00e4yksist\u00e4, jotka koskevat kuparin k\u00e4ytt\u00f6\u00e4 (ja kauppaa) veden desinfiointiin.  <\/p>\n","protected":false},"excerpt":{"rendered":"<p>PREMIUM-LUOKAN VEDENK\u00c4SITTELYJ\u00c4RJESTELM\u00c4, HYDROLYYSI YHDISTETTY KUPARIN IONISAATIOON<\/p>\n","protected":false},"featured_media":104392,"template":"","meta":{"_et_pb_use_builder":"","_et_pb_old_content":"","_et_gb_content_width":""},"product_brand":[],"product_cat":[176],"product_tag":[],"class_list":{"0":"post-108532","1":"product","2":"type-product","3":"status-publish","4":"has-post-thumbnail","6":"product_cat-kemikaalittomiin-uima-altaisiin","7":"product_shipping_class-kuller-fi","9":"first","10":"instock","11":"taxable","12":"shipping-taxable","13":"purchasable","14":"product-type-variable"},"jetpack_sharing_enabled":true,"_links":{"self":[{"href":"https:\/\/basseinimeistrid.ee\/fi\/wp-json\/wp\/v2\/product\/108532","targetHints":{"allow":["GET"]}}],"collection":[{"href":"https:\/\/basseinimeistrid.ee\/fi\/wp-json\/wp\/v2\/product"}],"about":[{"href":"https:\/\/basseinimeistrid.ee\/fi\/wp-json\/wp\/v2\/types\/product"}],"wp:featuredmedia":[{"embeddable":true,"href":"https:\/\/basseinimeistrid.ee\/fi\/wp-json\/wp\/v2\/media\/104392"}],"wp:attachment":[{"href":"https:\/\/basseinimeistrid.ee\/fi\/wp-json\/wp\/v2\/media?parent=108532"}],"wp:term":[{"taxonomy":"product_brand","embeddable":true,"href":"https:\/\/basseinimeistrid.ee\/fi\/wp-json\/wp\/v2\/product_brand?post=108532"},{"taxonomy":"product_cat","embeddable":true,"href":"https:\/\/basseinimeistrid.ee\/fi\/wp-json\/wp\/v2\/product_cat?post=108532"},{"taxonomy":"product_tag","embeddable":true,"href":"https:\/\/basseinimeistrid.ee\/fi\/wp-json\/wp\/v2\/product_tag?post=108532"}],"curies":[{"name":"wp","href":"https:\/\/api.w.org\/{rel}","templated":true}]}}