{"id":108537,"date":"2025-02-02T18:10:12","date_gmt":"2025-02-02T16:10:12","guid":{"rendered":"https:\/\/basseinimeistrid.ee\/pood\/Ei-luokiteltu\/sugar-valley-oxilife-veden-kasittely-sarja\/"},"modified":"2025-02-02T18:10:12","modified_gmt":"2025-02-02T16:10:12","slug":"sugar-valley-oxilife-veden-kasittely-sarja","status":"publish","type":"product","link":"https:\/\/basseinimeistrid.ee\/fi\/pood\/sugar-valley-oxilife-veden-kasittely-sarja\/","title":{"rendered":"Sugar Valley Oxilife veden k\u00e4sittely sarja"},"content":{"rendered":"<p class=\"p1\">VEDENK\u00c4SITTELY, JOKA MUKAUTUU T\u00c4YSIN TARPEISI MUKAAN<\/p>\n<ul>\n<li class=\"p1\">Yhdistetty matalasuolainen hydrolyysi- ja elektrolyysiyksikk\u00f6 tarjoaa optimaalisen vedenpuhdistuksen ja eritt\u00e4in v\u00e4h\u00e4isen kloorin tuotannon.<\/li>\n<li class=\"p1\">J\u00e4rjestelm\u00e4n toiminta takaa t\u00e4ydellisen veden desinfioinnin allasvedess\u00e4, jossa on minimaalinen suolapitoisuus.<\/li>\n<li class=\"p1\">Laite k\u00e4sittelee hydroksidia, otsonia, vetyperoksidia ja happea allasvedest\u00e4 alhaisella johtavuudella (alkaen 500 mS).<\/li>\n<li class=\"p1\">Tarvitaan vain 1,5 g suolaa*\/litra allasvett\u00e4 (*NaCl).<\/li>\n<\/ul>\n<p>Mukana:<\/p>\n<ul>\n<li>Oxylife ohjausyksikk\u00f6<\/li>\n<li>Elektrolyysikenno<\/li>\n<li>Veden virtauskammio<\/li>\n<li>pH\/rX-anturit, maadoitus ja ruiskutusventtiili<\/li>\n<li>pH-annostelupumppu 1x<\/li>\n<li>Sirut pH- ja rX-toimintojen aktivoimiseen ohjausyksik\u00f6ss\u00e4<\/li>\n<li>redox- ja pH-kalibrointinesteet<\/li>\n<\/ul>\n<p>Hydrolyysiyksik\u00f6n liit\u00e4nn\u00e4t \u00d863mm.<\/p>\n<p style=\"padding-bottom: 0px;\">(Ei sovellu k\u00e4ytett\u00e4v\u00e4ksi vesist\u00f6iss\u00e4, jotka on eristetty EPDM-geokalvolla)<\/p>\n<p>&nbsp;<\/p>\n<p class=\"p1\">Desinfioinnin periaate on vesimolekyylin (H2O) H- ja O-atomien erottaminen toisistaan, jotta saadaan aikaan tehokkaita ainesosia, joilla on vahvat desinfiointiominaisuudet. Jopa vahvempi kuin kloori, mutta oikeat m\u00e4\u00e4r\u00e4t, t\u00e4ysin turvallinen uima-altaan k\u00e4ytt\u00e4jille. <\/p>\n<p class=\"p1\">Hydrolyysi: Vesi (H2O) koostuu kahdesta osasta vety\u00e4 (H2) ja yhdest\u00e4 osasta happea (O). Hydrolyysi tarkoittaa &#8221;veden halkeamista&#8221;. Kun veden l\u00e4pi johdetaan t\u00e4sm\u00e4lleen oikean suuruinen s\u00e4hk\u00f6j\u00e4nnite, vesimolekyylien v\u00e4linen kemiallinen sidos katkeaa. Negatiivisesti varautunut happi (tai ionit) siirtyy positiiviselle elektrodille (anodille). Tapahtuu seuraava s\u00e4hk\u00f6kemiallinen reaktio: S\u00e4hk\u00f6j\u00e4nnite + 2 H2O = 2 H2 + O2. Hydrolyysin yhteydess\u00e4 tapahtuu my\u00f6s muita kemiallisia reaktioita. Se tuottaa my\u00f6s erityisi\u00e4 ioneja, jotka hapettavat ja tekev\u00e4t siten lis\u00e4desinfiointity\u00f6t\u00e4.      <\/p>\n<p>Sugar Valley Oxilife -asennusopas englanniksi <a href=\"https:\/\/basseinimeistrid.ee\/wp-content\/uploads\/2025\/02\/OXILIFE-ENG-1.pdf\" target=\"_blank\" rel=\"noopener\">T\u00c4ST\u00c4<\/a><\/p>\n","protected":false},"excerpt":{"rendered":"<p>ELEKTROLYYTTISET VEDENK\u00c4SITTELYJ\u00c4RJESTELM\u00c4T MATTAILLE SALI-ALLAILLE<\/p>\n","protected":false},"featured_media":104381,"template":"","meta":{"_et_pb_use_builder":"","_et_pb_old_content":"","_et_gb_content_width":""},"product_brand":[],"product_cat":[176],"product_tag":[],"class_list":{"0":"post-108537","1":"product","2":"type-product","3":"status-publish","4":"has-post-thumbnail","6":"product_cat-kemikaalittomiin-uima-altaisiin","7":"product_shipping_class-kuller-fi","9":"first","10":"instock","11":"taxable","12":"shipping-taxable","13":"purchasable","14":"product-type-variable"},"jetpack_sharing_enabled":true,"_links":{"self":[{"href":"https:\/\/basseinimeistrid.ee\/fi\/wp-json\/wp\/v2\/product\/108537","targetHints":{"allow":["GET"]}}],"collection":[{"href":"https:\/\/basseinimeistrid.ee\/fi\/wp-json\/wp\/v2\/product"}],"about":[{"href":"https:\/\/basseinimeistrid.ee\/fi\/wp-json\/wp\/v2\/types\/product"}],"wp:featuredmedia":[{"embeddable":true,"href":"https:\/\/basseinimeistrid.ee\/fi\/wp-json\/wp\/v2\/media\/104381"}],"wp:attachment":[{"href":"https:\/\/basseinimeistrid.ee\/fi\/wp-json\/wp\/v2\/media?parent=108537"}],"wp:term":[{"taxonomy":"product_brand","embeddable":true,"href":"https:\/\/basseinimeistrid.ee\/fi\/wp-json\/wp\/v2\/product_brand?post=108537"},{"taxonomy":"product_cat","embeddable":true,"href":"https:\/\/basseinimeistrid.ee\/fi\/wp-json\/wp\/v2\/product_cat?post=108537"},{"taxonomy":"product_tag","embeddable":true,"href":"https:\/\/basseinimeistrid.ee\/fi\/wp-json\/wp\/v2\/product_tag?post=108537"}],"curies":[{"name":"wp","href":"https:\/\/api.w.org\/{rel}","templated":true}]}}