{"id":108541,"date":"2025-02-02T18:04:14","date_gmt":"2025-02-02T16:04:14","guid":{"rendered":"https:\/\/basseinimeistrid.ee\/pood\/Ei-luokiteltu\/sugar-valley-hidrolife-vedenkasittelysarja\/"},"modified":"2025-02-02T18:04:14","modified_gmt":"2025-02-02T16:04:14","slug":"sugar-valley-hidrolife-vedenkasittelysarja","status":"publish","type":"product","link":"https:\/\/basseinimeistrid.ee\/fi\/pood\/sugar-valley-hidrolife-vedenkasittelysarja\/","title":{"rendered":"Sugar Valley Hidrolife -vedenk\u00e4sittelysarja"},"content":{"rendered":"<h5>UUSI KONSEPTI VEDEN LAADUN PARANTAMISESSA<\/h5>\n<ul>\n<li>Laite tuottaa klooria veteen liuotetusta tavallisesta suolasta<\/li>\n<li>Voit v\u00e4ltt\u00e4\u00e4 kemikaalien ostamisen ja lis\u00e4\u00e4misen uima-altaan veteen<\/li>\n<li>Takaa terveellisemm\u00e4n ja nautinnollisemman kylpykokemuksen<\/li>\n<li>Helpottaa altaan huoltoa<\/li>\n<\/ul>\n<p>Setti sis\u00e4lt\u00e4\u00e4:<\/p>\n<ul>\n<li>Sugar Valley Hidrolife ohjausyksikk\u00f6<\/li>\n<li>Elektrolyysikenno<\/li>\n<li>L\u00e4pivirtausliitin anturin asennukseen<\/li>\n<li>Haponkest\u00e4v\u00e4 ruostumattomasta ter\u00e4ksest\u00e4 valmistettu maa-anturi<\/li>\n<li>Anturin kalibrointinesteet<\/li>\n<li>1x annostelupumppu (pH)<\/li>\n<li>Lasivaippaiset pH- ja Rx-anturit<\/li>\n<\/ul>\n<h5><span style=\"color: #666666; font-size: 14px;\">Elektrolyysikennossa ja l\u00e4pivirtauskammiossa on \u00d863mm liittimet.<\/span><\/h5>\n<p style=\"padding-bottom: 1em; color: #666666; font-size: 14px;\">(Ei sovellu k\u00e4ytett\u00e4v\u00e4ksi vesist\u00f6iss\u00e4, joissa on EPDM-geokalvo).<\/p>\n<h5>Suolan elektrolyysi<\/h5>\n<p style=\"padding-bottom: 1em;\">Hieman suolaisessa vedess\u00e4 (3-30 g NaCl\/litra) Hidrolife-laite tuottaa jatkuvasti ja automaattisesti natriumhypokloriittia veden desinfioimiseksi. Poistaa tarpeen lis\u00e4t\u00e4 klooria uima-altaan veden desinfiointiin 100 %. Poistaa kloramiineja ja trihalometaaneja. Ep\u00e4miellytt\u00e4vi\u00e4 kemiallisia hajuja. T\u00e4t\u00e4 laitetta k\u00e4ytett\u00e4ess\u00e4 altaan suolapitoisuus on mahdollinen 3g &#8211; 100g NaCl\/litra allasvett\u00e4.    <\/p>\n<p>Sugar Valley Hidrolife -asennusohje englanniksi <a href=\"https:\/\/basseinimeistrid.ee\/wp-content\/uploads\/2025\/02\/HIDROLIFE-ENG-1.pdf\" target=\"_blank\" rel=\"noopener\">T\u00c4ST\u00c4<\/a><\/p>\n","protected":false},"excerpt":{"rendered":"<p>ELEKTROLYYTTINEN VEDENK\u00c4SITTELYJ\u00c4RJESTELM\u00c4 SUOLAPITOISILLE UIMAILTAILLE<\/p>\n","protected":false},"featured_media":104373,"template":"","meta":{"_et_pb_use_builder":"","_et_pb_old_content":"","_et_gb_content_width":""},"product_brand":[],"product_cat":[176],"product_tag":[],"class_list":{"0":"post-108541","1":"product","2":"type-product","3":"status-publish","4":"has-post-thumbnail","6":"product_cat-kemikaalittomiin-uima-altaisiin","7":"product_shipping_class-kuller-fi","9":"first","10":"instock","11":"taxable","12":"shipping-taxable","13":"purchasable","14":"product-type-variable"},"jetpack_sharing_enabled":true,"_links":{"self":[{"href":"https:\/\/basseinimeistrid.ee\/fi\/wp-json\/wp\/v2\/product\/108541","targetHints":{"allow":["GET"]}}],"collection":[{"href":"https:\/\/basseinimeistrid.ee\/fi\/wp-json\/wp\/v2\/product"}],"about":[{"href":"https:\/\/basseinimeistrid.ee\/fi\/wp-json\/wp\/v2\/types\/product"}],"wp:featuredmedia":[{"embeddable":true,"href":"https:\/\/basseinimeistrid.ee\/fi\/wp-json\/wp\/v2\/media\/104373"}],"wp:attachment":[{"href":"https:\/\/basseinimeistrid.ee\/fi\/wp-json\/wp\/v2\/media?parent=108541"}],"wp:term":[{"taxonomy":"product_brand","embeddable":true,"href":"https:\/\/basseinimeistrid.ee\/fi\/wp-json\/wp\/v2\/product_brand?post=108541"},{"taxonomy":"product_cat","embeddable":true,"href":"https:\/\/basseinimeistrid.ee\/fi\/wp-json\/wp\/v2\/product_cat?post=108541"},{"taxonomy":"product_tag","embeddable":true,"href":"https:\/\/basseinimeistrid.ee\/fi\/wp-json\/wp\/v2\/product_tag?post=108541"}],"curies":[{"name":"wp","href":"https:\/\/api.w.org\/{rel}","templated":true}]}}