{"id":108545,"date":"2025-02-02T17:57:23","date_gmt":"2025-02-02T15:57:23","guid":{"rendered":"https:\/\/basseinimeistrid.ee\/pood\/Ei-luokiteltu\/sugar-valley-station-vedenpuhdistamosarja\/"},"modified":"2025-02-02T17:57:23","modified_gmt":"2025-02-02T15:57:23","slug":"sugar-valley-station-vedenpuhdistamosarja","status":"publish","type":"product","link":"https:\/\/basseinimeistrid.ee\/fi\/pood\/sugar-valley-station-vedenpuhdistamosarja\/","title":{"rendered":"Sugar Valley Station -vedenpuhdistamosarja"},"content":{"rendered":"<p class=\"p4\">Ohjausyksikk\u00f6 allasveden turvalliseen desinfiointiin kloorilla. Sinun ei tarvitse huolehtia oikeiden kloori- ja pH-m\u00e4\u00e4rien lis\u00e4\u00e4misest\u00e4. J\u00e4rjestelm\u00e4 mittaa ja lis\u00e4\u00e4 ne tarvittaessa automaattisesti. Sopii alle 80m\u00b3:iin.   <\/p>\n<p class=\"p4\">Varustettu:<\/p>\n<ul>\n<li class=\"p4\">Veden virtauskammio virtauskytkimell\u00e4, pH\/rX-anturit, maadoitus ja annosteluventtiilit.<\/li>\n<li class=\"p4\">Aseman allasohjainj\u00e4rjestelm\u00e4.<\/li>\n<li class=\"p4\">2x annostelupumppua pH:n s\u00e4\u00e4t\u00f6\u00f6n ja kloorin annosteluun. Pumput 0,6-6l\/h <\/li>\n<li>Liit\u00e4nn\u00e4t 63mm<\/li>\n<li class=\"p4\">Mukana redox- ja pH-kalibrointinesteet.<\/li>\n<\/ul>\n<p>Sugar Valley Stationin asennusopas englanniksi <a href=\"https:\/\/basseinimeistrid.ee\/wp-content\/uploads\/2025\/02\/STATION-ENG-3.pdf\" target=\"_blank\" rel=\"noopener\">T\u00c4ST\u00c4<\/a><\/p>\n","protected":false},"excerpt":{"rendered":"<p>VEDENK\u00c4SITTELYJ\u00c4RJESTELM\u00c4 KLOORIPITOISUUDEN ALTAILLE<\/p>\n","protected":false},"featured_media":104365,"template":"","meta":{"_et_pb_use_builder":"","_et_pb_old_content":"","_et_gb_content_width":""},"product_brand":[],"product_cat":[177],"product_tag":[],"class_list":{"0":"post-108545","1":"product","2":"type-product","3":"status-publish","4":"has-post-thumbnail","6":"product_cat-klooria-sisaltaville-uima-altaille","7":"product_shipping_class-kuller-fi","9":"first","10":"instock","11":"taxable","12":"shipping-taxable","13":"purchasable","14":"product-type-simple"},"jetpack_sharing_enabled":true,"_links":{"self":[{"href":"https:\/\/basseinimeistrid.ee\/fi\/wp-json\/wp\/v2\/product\/108545","targetHints":{"allow":["GET"]}}],"collection":[{"href":"https:\/\/basseinimeistrid.ee\/fi\/wp-json\/wp\/v2\/product"}],"about":[{"href":"https:\/\/basseinimeistrid.ee\/fi\/wp-json\/wp\/v2\/types\/product"}],"wp:featuredmedia":[{"embeddable":true,"href":"https:\/\/basseinimeistrid.ee\/fi\/wp-json\/wp\/v2\/media\/104365"}],"wp:attachment":[{"href":"https:\/\/basseinimeistrid.ee\/fi\/wp-json\/wp\/v2\/media?parent=108545"}],"wp:term":[{"taxonomy":"product_brand","embeddable":true,"href":"https:\/\/basseinimeistrid.ee\/fi\/wp-json\/wp\/v2\/product_brand?post=108545"},{"taxonomy":"product_cat","embeddable":true,"href":"https:\/\/basseinimeistrid.ee\/fi\/wp-json\/wp\/v2\/product_cat?post=108545"},{"taxonomy":"product_tag","embeddable":true,"href":"https:\/\/basseinimeistrid.ee\/fi\/wp-json\/wp\/v2\/product_tag?post=108545"}],"curies":[{"name":"wp","href":"https:\/\/api.w.org\/{rel}","templated":true}]}}