{"id":108546,"date":"2025-02-02T13:35:50","date_gmt":"2025-02-02T11:35:50","guid":{"rendered":"https:\/\/basseinimeistrid.ee\/pood\/Ei-luokiteltu\/uv-c-lamppu-aquaforte-prime-buster\/"},"modified":"2025-02-02T13:35:50","modified_gmt":"2025-02-02T11:35:50","slug":"uv-c-lamppu-aquaforte-prime-buster","status":"publish","type":"product","link":"https:\/\/basseinimeistrid.ee\/fi\/pood\/uv-c-lamppu-aquaforte-prime-buster\/","title":{"rendered":"UV-C-lamppu Aquaforte Prime Buster"},"content":{"rendered":"<p class=\"p1\">AQUAFORTE PRIME BUSTER UV-C. Tehokkaita ja nimens\u00e4 arvoisia UV-C-laitteita. Suurille uima-altaille.  <\/p>\n<ul>\n<li class=\"p1\">Ammattimaiset UV-C-laitteet suurille uima-altaille ja eristyneille uimalammille.<\/li>\n<li class=\"p1\">Optimaalinen veden virtaus \u00e4lykk\u00e4\u00e4n suunnittelun ansiosta.<\/li>\n<li class=\"p1\">Helppo asentaa.<\/li>\n<li class=\"p1\">L\u00e4pin\u00e4kyv\u00e4 lampun p\u00e4\u00e4 helpottaa visuaalista tarkastusta.<\/li>\n<li class=\"p1\">Korkealaatuinen 316L ruostumattomasta ter\u00e4ksest\u00e4 valmistettu kotelo.<\/li>\n<li class=\"p1\">Saatavana 1 x 80w uv-c-lampulla ja 1x140w tai 3x140w amalgaamilampulla.<\/li>\n<li class=\"p1\">Laitteen pohjassa on s\u00e4\u00e4t\u00f6ruuvit tasausta varten (pystyasennukseen)<\/li>\n<li class=\"p1\">S\u00e4\u00e4t\u00f6ruuvit voidaan asentaa my\u00f6s kotelon &#8221;takapuolelle&#8221; (vaaka-asennusta varten)<\/li>\n<\/ul>\n<p>TEKNISET TIEDOT:<\/p>\n<ul>\n<li class=\"p1\">P\u00e4ivitetyss\u00e4 elektronisessa liit\u00e4nt\u00e4laitteessa on merkkivalo, joka ilmaisee UV-C-lampun tilan: Vihre\u00e4: kaikki on kunnossa, vilkkuu vihre\u00e4n\u00e4: lamppu\/lamput ovat k\u00e4ytt\u00f6ik\u00e4ns\u00e4 lopussa. Punainen: Lamppu(t) k\u00e4ytt\u00f6i\u00e4n lopussa. <\/li>\n<li class=\"p1\">Lampun vaihdon j\u00e4lkeen ajastin voidaan nollata niin, ett\u00e4 k\u00e4ytt\u00f6tuntien laskenta alkaa uudelleen.<\/li>\n<li class=\"p1\">80w ja 140w versiot on varustettu virtakytkimell\u00e4, jossa on \u00d863 mm pistorasia; 420 watin versiossa on sis\u00e4\u00e4nrakennettu virtakytkin.<\/li>\n<li class=\"p1\">Liit\u00e4nn\u00e4t: Buster 80W: 2 x 2&#8243; ulkokierre, Buster 140W: 2 x 2\u00bd&#8221; ulkokierre ja Buster 420W: 2 x 3&#8243; ulkokierre.<\/li>\n<li class=\"p1\">Maksimipaine: 2,5 bar<\/li>\n<\/ul>\n<p>5 vuoden takuu<\/p>\n<p>Buster UV-C -tiedot englanniksi <a href=\"https:\/\/basseinimeistrid.ee\/wp-content\/uploads\/2025\/02\/blue-lagoon-buster-leaflet-2024-en.pdf\" target=\"_blank\" rel=\"noopener\">T\u00c4\u00c4LT\u00c4<\/a><\/p>\n","protected":false},"excerpt":{"rendered":"<p>Suurille uima-altaille ja ammattik\u00e4ytt\u00f6\u00f6n.<\/p>\n","protected":false},"featured_media":104341,"template":"","meta":{"_et_pb_use_builder":"","_et_pb_old_content":"","_et_gb_content_width":""},"product_brand":[],"product_cat":[115],"product_tag":[],"class_list":{"0":"post-108546","1":"product","2":"type-product","3":"status-publish","4":"has-post-thumbnail","6":"product_cat-uvc-laitteet","7":"product_shipping_class-kuller-fi","9":"first","10":"instock","11":"taxable","12":"shipping-taxable","13":"purchasable","14":"product-type-variable"},"jetpack_sharing_enabled":true,"_links":{"self":[{"href":"https:\/\/basseinimeistrid.ee\/fi\/wp-json\/wp\/v2\/product\/108546","targetHints":{"allow":["GET"]}}],"collection":[{"href":"https:\/\/basseinimeistrid.ee\/fi\/wp-json\/wp\/v2\/product"}],"about":[{"href":"https:\/\/basseinimeistrid.ee\/fi\/wp-json\/wp\/v2\/types\/product"}],"wp:featuredmedia":[{"embeddable":true,"href":"https:\/\/basseinimeistrid.ee\/fi\/wp-json\/wp\/v2\/media\/104341"}],"wp:attachment":[{"href":"https:\/\/basseinimeistrid.ee\/fi\/wp-json\/wp\/v2\/media?parent=108546"}],"wp:term":[{"taxonomy":"product_brand","embeddable":true,"href":"https:\/\/basseinimeistrid.ee\/fi\/wp-json\/wp\/v2\/product_brand?post=108546"},{"taxonomy":"product_cat","embeddable":true,"href":"https:\/\/basseinimeistrid.ee\/fi\/wp-json\/wp\/v2\/product_cat?post=108546"},{"taxonomy":"product_tag","embeddable":true,"href":"https:\/\/basseinimeistrid.ee\/fi\/wp-json\/wp\/v2\/product_tag?post=108546"}],"curies":[{"name":"wp","href":"https:\/\/api.w.org\/{rel}","templated":true}]}}