{"id":108550,"date":"2025-02-02T13:24:25","date_gmt":"2025-02-02T11:24:25","guid":{"rendered":"https:\/\/basseinimeistrid.ee\/pood\/Ei-luokiteltu\/kupari-ionisaattori-blue-lagoon\/"},"modified":"2025-02-02T13:24:25","modified_gmt":"2025-02-02T11:24:25","slug":"kupari-ionisaattori-blue-lagoon","status":"publish","type":"product","link":"https:\/\/basseinimeistrid.ee\/fi\/pood\/kupari-ionisaattori-blue-lagoon\/","title":{"rendered":"Kupari-ionisaattori Blue Lagoon"},"content":{"rendered":"<p class=\"p5\">T\u00e4m\u00e4 vallankumouksellinen UV-C-laitteen ja kuparielektrolyysilaitteen yhdistelm\u00e4 mahdollistaa kloorittoman uima-altaan! Blue Lagoon Ionizer UV-C:t\u00e4 k\u00e4ytett\u00e4ess\u00e4 allasvesi tulee testata kahden viikon v\u00e4lein. Sinun tarvitsee vain testata allasveden parametrit (erityisesti kuparipitoisuus) mukana tulevalla yksinkertaisella testiliuskalla. S\u00e4\u00e4d\u00e4 laitetta tarvittaessa. Muut ionisaatioj\u00e4rjestelm\u00e4t annostelevat noin 2 ppm kuparia allasveteen. Blue Lagoon Ionizer UV-C:n avulla 0,7 ppm:n annos riitt\u00e4\u00e4 desinfioimaan uima-altaan t\u00e4ydellisesti ja turvallisesti. Integroimalla t\u00e4m\u00e4n laitteen uima-altaan puhdistusj\u00e4rjestelm\u00e4\u00e4si voit v\u00e4hent\u00e4\u00e4 klooripitoisuutta 50-100 %! Maksimi kuparipitoisuus: 0,7 ppm. Kiinnit\u00e4 huomiota vesist\u00f6n\/veden maadoitukseen! 9000 k\u00e4ytt\u00f6tunnin j\u00e4lkeen UV-C-teho on edelleen v\u00e4hint\u00e4\u00e4n 80 %.         <\/p>\n<p class=\"p5\">Blue Lagoon -ionisaattorin UV-C edut:<\/p>\n<ul>\n<li class=\"p5\">Valmistettu Hollannissa.<\/li>\n<li class=\"p5\">Klooriton allas nykyisell\u00e4 suodatusj\u00e4rjestelm\u00e4ll\u00e4si.<\/li>\n<li class=\"p5\">Jopa 35 % enemm\u00e4n UV-C-tehoa laitteen sis\u00e4ll\u00e4 olevan heijastuksen ansiosta.<\/li>\n<li class=\"p5\">Helppo asentaa ja huoltaa.<\/li>\n<li class=\"p5\">Sarja sis\u00e4lt\u00e4\u00e4 liitoskappaleet \u00d863\/\u00d850 mm liimattavat, 1\u00bd&#8221; sis\u00e4kierre.<\/li>\n<li>Saatavana 40w ja 75w laitteilla. Altaat 40 m\u00b3 ja 75 m\u00b3 <\/li>\n<li>Maksimipaine 2 bar<\/li>\n<\/ul>\n<p>Englanninkieliset tiedot laitteesta l\u00f6ytyv\u00e4t <a href=\"https:\/\/basseinimeistrid.ee\/wp-content\/uploads\/2025\/02\/blue-lagoon-copper-ionizer-leaflet-2024-en.pdf\" target=\"_blank\" rel=\"noopener\">T\u00c4\u00c4LT\u00c4<\/a><\/p>\n<p class=\"p1\">Kuparin k\u00e4ytt\u00f6 veden desinfiointiin edellytt\u00e4\u00e4 ehdollista hyv\u00e4ksynt\u00e4\u00e4, kunnes EU-asetus tai kansallinen m\u00e4\u00e4r\u00e4ys on voimassa. N\u00e4iss\u00e4 laitteissa k\u00e4ytetty kupari on REACH-rekister\u00f6innin mukaista. Ostajan\/j\u00e4lleenmyyj\u00e4n vastuulla on lis\u00e4ksi saada tietoa paikallisista m\u00e4\u00e4r\u00e4yksist\u00e4, jotka koskevat kuparin k\u00e4ytt\u00f6\u00e4 (ja kauppaa) veden desinfiointiin.  <\/p>\n","protected":false},"excerpt":{"rendered":"<p>T\u00e4m\u00e4 vallankumouksellinen UV-C-laitteen ja kuparielektrolyysilaitteen yhdistelm\u00e4 mahdollistaa kloorittoman uima-altaan! Blue Lagoon Ionizer UV-C:t\u00e4 k\u00e4ytett\u00e4ess\u00e4 allasvesi tulee testata kahden viikon v\u00e4lein. Sinun tarvitsee vain testata allasveden parametrit (erityisesti kuparipitoisuus) mukana tulevalla yksinkertaisella testiliuskalla. S\u00e4\u00e4d\u00e4 laitetta tarvittaessa. Muut ionisaatioj\u00e4rjestelm\u00e4t annostelevat noin 2 ppm kuparia allasveteen. Blue Lagoon Ionizer UV-C:n avulla 0,7 ppm:n annos riitt\u00e4\u00e4 desinfioimaan uima-altaan t\u00e4ydellisesti [&hellip;]<\/p>\n","protected":false},"featured_media":104328,"template":"","meta":{"_et_pb_use_builder":"","_et_pb_old_content":"","_et_gb_content_width":""},"product_brand":[],"product_cat":[115],"product_tag":[],"class_list":{"0":"post-108550","1":"product","2":"type-product","3":"status-publish","4":"has-post-thumbnail","6":"product_cat-uvc-laitteet","7":"product_shipping_class-kuller-fi","9":"first","10":"instock","11":"taxable","12":"shipping-taxable","13":"purchasable","14":"product-type-variable"},"jetpack_sharing_enabled":true,"_links":{"self":[{"href":"https:\/\/basseinimeistrid.ee\/fi\/wp-json\/wp\/v2\/product\/108550","targetHints":{"allow":["GET"]}}],"collection":[{"href":"https:\/\/basseinimeistrid.ee\/fi\/wp-json\/wp\/v2\/product"}],"about":[{"href":"https:\/\/basseinimeistrid.ee\/fi\/wp-json\/wp\/v2\/types\/product"}],"wp:featuredmedia":[{"embeddable":true,"href":"https:\/\/basseinimeistrid.ee\/fi\/wp-json\/wp\/v2\/media\/104328"}],"wp:attachment":[{"href":"https:\/\/basseinimeistrid.ee\/fi\/wp-json\/wp\/v2\/media?parent=108550"}],"wp:term":[{"taxonomy":"product_brand","embeddable":true,"href":"https:\/\/basseinimeistrid.ee\/fi\/wp-json\/wp\/v2\/product_brand?post=108550"},{"taxonomy":"product_cat","embeddable":true,"href":"https:\/\/basseinimeistrid.ee\/fi\/wp-json\/wp\/v2\/product_cat?post=108550"},{"taxonomy":"product_tag","embeddable":true,"href":"https:\/\/basseinimeistrid.ee\/fi\/wp-json\/wp\/v2\/product_tag?post=108550"}],"curies":[{"name":"wp","href":"https:\/\/api.w.org\/{rel}","templated":true}]}}