{"id":108553,"date":"2025-02-02T13:18:54","date_gmt":"2025-02-02T11:18:54","guid":{"rendered":"https:\/\/basseinimeistrid.ee\/pood\/Ei-luokiteltu\/uv-c-laite-blue-lagoon-tech-16w\/"},"modified":"2025-02-02T13:18:54","modified_gmt":"2025-02-02T11:18:54","slug":"uv-c-laite-blue-lagoon-tech-16w","status":"publish","type":"product","link":"https:\/\/basseinimeistrid.ee\/fi\/pood\/uv-c-laite-blue-lagoon-tech-16w\/","title":{"rendered":"UV-C laite Blue Lagoon Tech 16w"},"content":{"rendered":"<p class=\"p1\">Blue Lagoon Tech UV-C 16W varmistaa uima-allasveden desinfioinnin tehokkaalla ja ymp\u00e4rist\u00f6yst\u00e4v\u00e4llisell\u00e4 tavalla. UV-C-s\u00e4teily inaktivoi bakteereja, viruksia ja muita mikro-organismeja ja est\u00e4\u00e4 niiden lis\u00e4\u00e4ntymisen. T\u00e4m\u00e4 laite pystyy v\u00e4hent\u00e4m\u00e4\u00e4n klooripitoisuutta 50-80 %! Lis\u00e4ksi ruostumattomasta ter\u00e4ksest\u00e4 valmistettu reaktori varmistaa UV-C-s\u00e4teiden heijastuksen, mik\u00e4 lis\u00e4\u00e4 tehokkuutta jopa 35 %. Blue Lagoon Tech UV-C 16W on varustettu erityisell\u00e4 T5 UV-lampulla (TA226), jossa on ainutlaatuinen kanta. Maksimipaine: 2 bar. Huomioi laitteen maadoitus! 9000 tunnin palamisen j\u00e4lkeen UV-C-teho on edelleen v\u00e4hint\u00e4\u00e4n 80 %. Mukana adapterit \u00d8 63mm\/\u00d8 50mm liimattava, 1\u00bd&#8221; sis\u00e4kierre. Pienen kokonsa ansiosta laite soveltuu kylpytynnyriin, porealtaisiin ja kapeisiin allasv\u00e4linetiloihin.         <\/p>\n<ul>\n<li>Optimaalinen virtausnopeus 3m\u00b3\/h<\/li>\n<li>Suurin virtausnopeus 12m\u00b3\/h<\/li>\n<li>Maksimipaine 2 bar<\/li>\n<\/ul>\n","protected":false},"excerpt":{"rendered":"<p>Blue Lagoon Tech UV-C 16W varmistaa uima-allasveden desinfioinnin tehokkaalla ja ymp\u00e4rist\u00f6yst\u00e4v\u00e4llisell\u00e4 tavalla. UV-C-s\u00e4teily inaktivoi bakteereja, viruksia ja muita mikro-organismeja ja est\u00e4\u00e4 niiden lis\u00e4\u00e4ntymisen. T\u00e4m\u00e4 laite pystyy v\u00e4hent\u00e4m\u00e4\u00e4n klooripitoisuutta 50-80 %! Lis\u00e4ksi ruostumattomasta ter\u00e4ksest\u00e4 valmistettu reaktori varmistaa UV-C-s\u00e4teiden heijastuksen, mik\u00e4 lis\u00e4\u00e4 tehokkuutta jopa 35 %. Blue Lagoon Tech UV-C 16W on varustettu erityisell\u00e4 T5 UV-lampulla (TA226), [&hellip;]<\/p>\n","protected":false},"featured_media":104308,"template":"","meta":{"_et_pb_use_builder":"","_et_pb_old_content":"","_et_gb_content_width":""},"product_brand":[],"product_cat":[129,115],"product_tag":[],"class_list":{"0":"post-108553","1":"product","2":"type-product","3":"status-publish","4":"has-post-thumbnail","6":"product_cat-tynnyreille-ja-ammeille","7":"product_cat-uvc-laitteet","8":"product_shipping_class-pakiautomaat-fi","10":"first","11":"instock","12":"taxable","13":"shipping-taxable","14":"purchasable","15":"product-type-simple"},"jetpack_sharing_enabled":true,"_links":{"self":[{"href":"https:\/\/basseinimeistrid.ee\/fi\/wp-json\/wp\/v2\/product\/108553","targetHints":{"allow":["GET"]}}],"collection":[{"href":"https:\/\/basseinimeistrid.ee\/fi\/wp-json\/wp\/v2\/product"}],"about":[{"href":"https:\/\/basseinimeistrid.ee\/fi\/wp-json\/wp\/v2\/types\/product"}],"wp:featuredmedia":[{"embeddable":true,"href":"https:\/\/basseinimeistrid.ee\/fi\/wp-json\/wp\/v2\/media\/104308"}],"wp:attachment":[{"href":"https:\/\/basseinimeistrid.ee\/fi\/wp-json\/wp\/v2\/media?parent=108553"}],"wp:term":[{"taxonomy":"product_brand","embeddable":true,"href":"https:\/\/basseinimeistrid.ee\/fi\/wp-json\/wp\/v2\/product_brand?post=108553"},{"taxonomy":"product_cat","embeddable":true,"href":"https:\/\/basseinimeistrid.ee\/fi\/wp-json\/wp\/v2\/product_cat?post=108553"},{"taxonomy":"product_tag","embeddable":true,"href":"https:\/\/basseinimeistrid.ee\/fi\/wp-json\/wp\/v2\/product_tag?post=108553"}],"curies":[{"name":"wp","href":"https:\/\/api.w.org\/{rel}","templated":true}]}}