{"id":108554,"date":"2025-02-02T13:15:02","date_gmt":"2025-02-02T11:15:02","guid":{"rendered":"https:\/\/basseinimeistrid.ee\/pood\/Ei-luokiteltu\/spa-uv-c-blue-lagoon-21w\/"},"modified":"2025-02-02T13:15:02","modified_gmt":"2025-02-02T11:15:02","slug":"spa-uv-c-blue-lagoon-21w","status":"publish","type":"product","link":"https:\/\/basseinimeistrid.ee\/fi\/pood\/spa-uv-c-blue-lagoon-21w\/","title":{"rendered":"Spa UV-C Blue Lagoon 21W"},"content":{"rendered":"<p class=\"p1\">Blue Lagoon Spa on suunniteltu erityisesti l\u00e4mpim\u00e4mpiin vesij\u00e4rjestelmiin (jopa \u00b140 \u00b0C\/\u00b1104 \u00b0F), kuten kylpyl\u00f6ihin, kylpytynnyreihin ja porealtaisiin. Laite sopii erinomaisesti my\u00f6s suodatusj\u00e4rjestelmiin, joissa on rajoitetusti tilaa ja joissa tarvitaan korkeaa desinfiointitehokkuutta. Liit\u00e4nt\u00e4laite testaa itse\u00e4\u00e4n p\u00e4\u00e4lle kytkett\u00e4ess\u00e4. Soveltuu jopa 10m\u00b3 altaisiin, riippuen veden l\u00e4mp\u00f6tilasta. Sovelluksissa, joissa vesi on keskim\u00e4\u00e4r\u00e4ist\u00e4 l\u00e4mpim\u00e4mp\u00e4\u00e4, vesist\u00f6t jopa 3m\u00b3.    <\/p>\n<p class=\"p1\">LED-n\u00e4yt\u00f6ll\u00e4: vihre\u00e4 LED tarkoittaa, ett\u00e4 lamppu palaa, punainen LED tarkoittaa, ett\u00e4 lamppu on vaihdettava.<\/p>\n<ul>\n<li>Optimaalinen virtausnopeus 3m\u00b3\/h<\/li>\n<li>Suurin virtausnopeus 13m\u00b3\/h<\/li>\n<li>Maksimipaine 1bar<\/li>\n<li>Liittimet 50mm liimaus \/ 1 \u00bd&#8221; ulkokierre<\/li>\n<li>Laite on kooltaan pieni, vain 35 cm pitk\u00e4<\/li>\n<li>T5 21w elementti<\/li>\n<\/ul>\n","protected":false},"excerpt":{"rendered":"<p>Blue Lagoon Spa on suunniteltu erityisesti l\u00e4mpim\u00e4mpiin vesij\u00e4rjestelmiin (jopa \u00b140 \u00b0C\/\u00b1104 \u00b0F), kuten kylpyl\u00f6ihin, kylpytynnyreihin ja porealtaisiin. Laite sopii erinomaisesti my\u00f6s suodatusj\u00e4rjestelmiin, joissa on rajoitetusti tilaa ja joissa tarvitaan korkeaa desinfiointitehokkuutta. Liit\u00e4nt\u00e4laite testaa itse\u00e4\u00e4n p\u00e4\u00e4lle kytkett\u00e4ess\u00e4. Soveltuu jopa 10m\u00b3 altaisiin, riippuen veden l\u00e4mp\u00f6tilasta. Sovelluksissa, joissa vesi on keskim\u00e4\u00e4r\u00e4ist\u00e4 l\u00e4mpim\u00e4mp\u00e4\u00e4, vesist\u00f6t jopa 3m\u00b3. LED-n\u00e4yt\u00f6ll\u00e4: vihre\u00e4 LED [&hellip;]<\/p>\n","protected":false},"featured_media":104300,"template":"","meta":{"_et_pb_use_builder":"","_et_pb_old_content":"","_et_gb_content_width":""},"product_brand":[],"product_cat":[129,115],"product_tag":[],"class_list":{"0":"post-108554","1":"product","2":"type-product","3":"status-publish","4":"has-post-thumbnail","6":"product_cat-tynnyreille-ja-ammeille","7":"product_cat-uvc-laitteet","8":"product_shipping_class-pakiautomaat-fi","10":"first","11":"instock","12":"taxable","13":"shipping-taxable","14":"purchasable","15":"product-type-simple"},"jetpack_sharing_enabled":true,"_links":{"self":[{"href":"https:\/\/basseinimeistrid.ee\/fi\/wp-json\/wp\/v2\/product\/108554","targetHints":{"allow":["GET"]}}],"collection":[{"href":"https:\/\/basseinimeistrid.ee\/fi\/wp-json\/wp\/v2\/product"}],"about":[{"href":"https:\/\/basseinimeistrid.ee\/fi\/wp-json\/wp\/v2\/types\/product"}],"wp:featuredmedia":[{"embeddable":true,"href":"https:\/\/basseinimeistrid.ee\/fi\/wp-json\/wp\/v2\/media\/104300"}],"wp:attachment":[{"href":"https:\/\/basseinimeistrid.ee\/fi\/wp-json\/wp\/v2\/media?parent=108554"}],"wp:term":[{"taxonomy":"product_brand","embeddable":true,"href":"https:\/\/basseinimeistrid.ee\/fi\/wp-json\/wp\/v2\/product_brand?post=108554"},{"taxonomy":"product_cat","embeddable":true,"href":"https:\/\/basseinimeistrid.ee\/fi\/wp-json\/wp\/v2\/product_cat?post=108554"},{"taxonomy":"product_tag","embeddable":true,"href":"https:\/\/basseinimeistrid.ee\/fi\/wp-json\/wp\/v2\/product_tag?post=108554"}],"curies":[{"name":"wp","href":"https:\/\/api.w.org\/{rel}","templated":true}]}}