{"id":108555,"date":"2025-02-02T12:54:44","date_gmt":"2025-02-02T10:54:44","guid":{"rendered":"https:\/\/basseinimeistrid.ee\/pood\/Ei-luokiteltu\/uv-c-lamp-blue-lagoon-xpert-140w-duplex\/"},"modified":"2025-02-02T12:54:44","modified_gmt":"2025-02-02T10:54:44","slug":"uv-c-lamp-blue-lagoon-xpert-140w-duplex","status":"publish","type":"product","link":"https:\/\/basseinimeistrid.ee\/fi\/pood\/uv-c-lamp-blue-lagoon-xpert-140w-duplex\/","title":{"rendered":"UV-C lamp Blue Lagoon Xpert 140W Duplex"},"content":{"rendered":"<p>Blue Lagoon Xpert<\/p>\n<p class=\"p1\">Uusi sarja UV-C-laitteita, jotka on suunniteltu erityisesti ammattilaisille! UV-C-laitteet on varustettu k\u00e4yt\u00e4nn\u00f6llisell\u00e4 ja ammattimaisesti suunnitellulla ajastimella, jossa on integroitu liit\u00e4nt\u00e4laite ja LED-ajastin, joka tarkkailee ja visualisoi lampun k\u00e4ytt\u00f6ik\u00e4\u00e4 tarkasti. Duplex UV-C -kotelo on valmistettu Duplex ruostumattomasta ter\u00e4ksest\u00e4. T\u00e4m\u00e4 tekee n\u00e4ist\u00e4 laitteista sopivia k\u00e4ytett\u00e4v\u00e4ksi kloorattujen altaiden ja suolaisen veden elektrolyysialtaiden kanssa. Blue Lagoon Xpert -sarja on ihanteellinen uima-altaiden desinfiointiratkaisu.    <\/p>\n<p class=\"p1\">BLUE LAGOON XPERT-sarjan UV-C edut:<\/p>\n<ul>\n<li class=\"p1\">Ajastinrasia, jossa on k\u00e4yt\u00e4nn\u00f6llinen muotoilu ja integroitu liit\u00e4nt\u00e4laite.<\/li>\n<li class=\"p1\">Varustettu puristusliittimell\u00e4 25 mm kvartsilasilla.<\/li>\n<li class=\"p1\">Erikoispitk\u00e4 kaapeli ajastinkotelon ja laitteen v\u00e4lill\u00e4 varmistaa optimaalisen asennuksen joustavuuden.<\/li>\n<li class=\"p1\">Jos vett\u00e4 ei virtaa riitt\u00e4v\u00e4sti, s\u00e4\u00e4din sammuttaa lampun.<\/li>\n<li class=\"p1\">LED-merkkivalo, joka antaa tietoa lampun k\u00e4ytt\u00f6i\u00e4st\u00e4.<\/li>\n<li class=\"p1\">L\u00e4pin\u00e4kyv\u00e4 lampun p\u00e4\u00e4 helpottaa lampun silm\u00e4m\u00e4\u00e4r\u00e4ist\u00e4 tarkastusta.<\/li>\n<li class=\"p1\">140 watin UV-C lampun k\u00e4ytt\u00f6ik\u00e4 on jopa 16 000 tuntia!<\/li>\n<li class=\"p1\">Asennuskannattimet mahdollistavat helpon asennuksen vaaka- ja pystysuoraan.<\/li>\n<li class=\"p1\">Helppo asennus ja huolto.<\/li>\n<li>Suurin k\u00e4ytt\u00f6paine 2,5 bar<\/li>\n<li>Optimaalinen virtaus 23m\u00b3\/h<\/li>\n<li>Suurin virtausnopeus 25m\u00b3\/h<\/li>\n<li>Laitteen pituus 1m<\/li>\n<li>Sis\u00e4lt\u00e4\u00e4 liittimet 50mm\/63mm liimaus, 1 \u00bd&#8221; sis\u00e4kierre<\/li>\n<li>VGE LightTech T6 140w amalgaamielementti<\/li>\n<li>Valmistettu Hollannissa.<\/li>\n<\/ul>\n","protected":false},"excerpt":{"rendered":"<p>Blue Lagoon Xpert Uusi sarja UV-C-laitteita, jotka on suunniteltu erityisesti ammattilaisille! UV-C-laitteet on varustettu k\u00e4yt\u00e4nn\u00f6llisell\u00e4 ja ammattimaisesti suunnitellulla ajastimella, jossa on integroitu liit\u00e4nt\u00e4laite ja LED-ajastin, joka tarkkailee ja visualisoi lampun k\u00e4ytt\u00f6ik\u00e4\u00e4 tarkasti. Duplex UV-C -kotelo on valmistettu Duplex ruostumattomasta ter\u00e4ksest\u00e4. T\u00e4m\u00e4 tekee n\u00e4ist\u00e4 laitteista sopivia k\u00e4ytett\u00e4v\u00e4ksi kloorattujen altaiden ja suolaisen veden elektrolyysialtaiden kanssa. Blue Lagoon [&hellip;]<\/p>\n","protected":false},"featured_media":104294,"template":"","meta":{"_et_pb_use_builder":"","_et_pb_old_content":"","_et_gb_content_width":""},"product_brand":[],"product_cat":[115],"product_tag":[],"class_list":{"0":"post-108555","1":"product","2":"type-product","3":"status-publish","4":"has-post-thumbnail","6":"product_cat-uvc-laitteet","7":"product_shipping_class-kuller-fi","9":"first","10":"instock","11":"taxable","12":"shipping-taxable","13":"purchasable","14":"product-type-simple"},"jetpack_sharing_enabled":true,"_links":{"self":[{"href":"https:\/\/basseinimeistrid.ee\/fi\/wp-json\/wp\/v2\/product\/108555","targetHints":{"allow":["GET"]}}],"collection":[{"href":"https:\/\/basseinimeistrid.ee\/fi\/wp-json\/wp\/v2\/product"}],"about":[{"href":"https:\/\/basseinimeistrid.ee\/fi\/wp-json\/wp\/v2\/types\/product"}],"wp:featuredmedia":[{"embeddable":true,"href":"https:\/\/basseinimeistrid.ee\/fi\/wp-json\/wp\/v2\/media\/104294"}],"wp:attachment":[{"href":"https:\/\/basseinimeistrid.ee\/fi\/wp-json\/wp\/v2\/media?parent=108555"}],"wp:term":[{"taxonomy":"product_brand","embeddable":true,"href":"https:\/\/basseinimeistrid.ee\/fi\/wp-json\/wp\/v2\/product_brand?post=108555"},{"taxonomy":"product_cat","embeddable":true,"href":"https:\/\/basseinimeistrid.ee\/fi\/wp-json\/wp\/v2\/product_cat?post=108555"},{"taxonomy":"product_tag","embeddable":true,"href":"https:\/\/basseinimeistrid.ee\/fi\/wp-json\/wp\/v2\/product_tag?post=108555"}],"curies":[{"name":"wp","href":"https:\/\/api.w.org\/{rel}","templated":true}]}}