{"id":108556,"date":"2025-02-02T12:39:31","date_gmt":"2025-02-02T10:39:31","guid":{"rendered":"https:\/\/basseinimeistrid.ee\/pood\/Ei-luokiteltu\/uv-c-laite-aquasphere-signal\/"},"modified":"2025-02-02T12:39:31","modified_gmt":"2025-02-02T10:39:31","slug":"uv-c-laite-aquasphere-signal","status":"publish","type":"product","link":"https:\/\/basseinimeistrid.ee\/fi\/pood\/uv-c-laite-aquasphere-signal\/","title":{"rendered":"UV-C laite Aquasphere Signal"},"content":{"rendered":"<p>AquaSphere Signal UV-C k\u00e4ytt\u00e4j\u00e4yst\u00e4v\u00e4llinen laite pit\u00e4\u00e4 kirjaa lampun k\u00e4ytt\u00f6tunnista ja antaa my\u00f6s tarvittavat ilmoitukset LED-valoilla. Jos valo on vihre\u00e4, lamppu toimii. Kun lamppuelementti l\u00e4hestyy tehollista toiminta-aikaansa, vihre\u00e4 LED alkaa vilkkua. Jos LED on punainen, lamppu jatkaa palamista, mutta se on vaihdettava, koska lampun hy\u00f6tysuhde on melko alhainen. Yksinkertainen ja tavallinen UV-C-laite. Ymp\u00e4rist\u00f6yst\u00e4v\u00e4lliseen vedenpuhdistukseen.     <\/p>\n<ul>\n<li>Haponkest\u00e4v\u00e4 ruostumattomasta ter\u00e4ksest\u00e4 valmistettu kotelo<\/li>\n<li>Mukana liittimet 50 ja 63mm<\/li>\n<li>T5 elementti 40 \/ 75 \/ 130 w<\/li>\n<li>Valoelementin k\u00e4ytt\u00f6ik\u00e4 9000h (12000h 130w amalgaamielementill\u00e4)<\/li>\n<li>Lampun vaihdon j\u00e4lkeen on mahdollista nollata ajastin.<\/li>\n<li>Maksimi k\u00e4ytt\u00f6paine 2 bar<\/li>\n<li>130w laite sis\u00e4lt\u00e4\u00e4 my\u00f6s veden virtausanturin<\/li>\n<\/ul>\n","protected":false},"excerpt":{"rendered":"<p>AquaSphere Signal UV-C k\u00e4ytt\u00e4j\u00e4yst\u00e4v\u00e4llinen laite pit\u00e4\u00e4 kirjaa lampun k\u00e4ytt\u00f6tunnista ja antaa my\u00f6s tarvittavat ilmoitukset LED-valoilla. Jos valo on vihre\u00e4, lamppu toimii. Kun lamppuelementti l\u00e4hestyy tehollista toiminta-aikaansa, vihre\u00e4 LED alkaa vilkkua. Jos LED on punainen, lamppu jatkaa palamista, mutta se on vaihdettava, koska lampun hy\u00f6tysuhde on melko alhainen. Yksinkertainen ja tavallinen UV-C-laite. Ymp\u00e4rist\u00f6yst\u00e4v\u00e4lliseen vedenpuhdistukseen. Haponkest\u00e4v\u00e4 ruostumattomasta [&hellip;]<\/p>\n","protected":false},"featured_media":104286,"template":"","meta":{"_et_pb_use_builder":"","_et_pb_old_content":"","_et_gb_content_width":""},"product_brand":[],"product_cat":[115],"product_tag":[],"class_list":{"0":"post-108556","1":"product","2":"type-product","3":"status-publish","4":"has-post-thumbnail","6":"product_cat-uvc-laitteet","7":"product_shipping_class-kuller-fi","9":"first","10":"instock","11":"taxable","12":"shipping-taxable","13":"purchasable","14":"product-type-variable"},"jetpack_sharing_enabled":true,"_links":{"self":[{"href":"https:\/\/basseinimeistrid.ee\/fi\/wp-json\/wp\/v2\/product\/108556","targetHints":{"allow":["GET"]}}],"collection":[{"href":"https:\/\/basseinimeistrid.ee\/fi\/wp-json\/wp\/v2\/product"}],"about":[{"href":"https:\/\/basseinimeistrid.ee\/fi\/wp-json\/wp\/v2\/types\/product"}],"wp:featuredmedia":[{"embeddable":true,"href":"https:\/\/basseinimeistrid.ee\/fi\/wp-json\/wp\/v2\/media\/104286"}],"wp:attachment":[{"href":"https:\/\/basseinimeistrid.ee\/fi\/wp-json\/wp\/v2\/media?parent=108556"}],"wp:term":[{"taxonomy":"product_brand","embeddable":true,"href":"https:\/\/basseinimeistrid.ee\/fi\/wp-json\/wp\/v2\/product_brand?post=108556"},{"taxonomy":"product_cat","embeddable":true,"href":"https:\/\/basseinimeistrid.ee\/fi\/wp-json\/wp\/v2\/product_cat?post=108556"},{"taxonomy":"product_tag","embeddable":true,"href":"https:\/\/basseinimeistrid.ee\/fi\/wp-json\/wp\/v2\/product_tag?post=108556"}],"curies":[{"name":"wp","href":"https:\/\/api.w.org\/{rel}","templated":true}]}}