{"id":108560,"date":"2025-02-02T12:34:27","date_gmt":"2025-02-02T10:34:27","guid":{"rendered":"https:\/\/basseinimeistrid.ee\/pood\/Ei-luokiteltu\/uv-c-laite-aquasphere-tech\/"},"modified":"2025-02-02T12:34:27","modified_gmt":"2025-02-02T10:34:27","slug":"uv-c-laite-aquasphere-tech","status":"publish","type":"product","link":"https:\/\/basseinimeistrid.ee\/fi\/pood\/uv-c-laite-aquasphere-tech\/","title":{"rendered":"UV-C laite Aquasphere Tech"},"content":{"rendered":"<p>Yksinkertainen ja tavallinen UV-C-kirkastuslaite. Ymp\u00e4rist\u00f6yst\u00e4v\u00e4lliseen vedenpuhdistukseen. <\/p>\n<ul>\n<li>Haponkest\u00e4v\u00e4 ruostumattomasta ter\u00e4ksest\u00e4 valmistettu kotelo<\/li>\n<li>Erikseen virtal\u00e4hde<\/li>\n<li>Mukana liittimet 50 ja 63mm<\/li>\n<li>T5 elementti 40 \/ 75 \/ 130 w<\/li>\n<li>Valoelementin k\u00e4ytt\u00f6ik\u00e4 9000h (12000h 130w amalgaamielementill\u00e4)<\/li>\n<li>Maksimi k\u00e4ytt\u00f6paine 2 bar<\/li>\n<li>130w laite sis\u00e4lt\u00e4\u00e4 my\u00f6s virtausanturin<\/li>\n<\/ul>\n","protected":false},"excerpt":{"rendered":"<p>Yksinkertainen ja tavallinen UV-C-kirkastuslaite. Ymp\u00e4rist\u00f6yst\u00e4v\u00e4lliseen vedenpuhdistukseen. Haponkest\u00e4v\u00e4 ruostumattomasta ter\u00e4ksest\u00e4 valmistettu kotelo Erikseen virtal\u00e4hde Mukana liittimet 50 ja 63mm T5 elementti 40 \/ 75 \/ 130 w Valoelementin k\u00e4ytt\u00f6ik\u00e4 9000h (12000h 130w amalgaamielementill\u00e4) Maksimi k\u00e4ytt\u00f6paine 2 bar 130w laite sis\u00e4lt\u00e4\u00e4 my\u00f6s virtausanturin<\/p>\n","protected":false},"featured_media":104272,"template":"","meta":{"_et_pb_use_builder":"","_et_pb_old_content":"","_et_gb_content_width":""},"product_brand":[],"product_cat":[115],"product_tag":[],"class_list":{"0":"post-108560","1":"product","2":"type-product","3":"status-publish","4":"has-post-thumbnail","6":"product_cat-uvc-laitteet","7":"product_shipping_class-kuller-fi","9":"first","10":"instock","11":"taxable","12":"shipping-taxable","13":"purchasable","14":"product-type-variable"},"jetpack_sharing_enabled":true,"_links":{"self":[{"href":"https:\/\/basseinimeistrid.ee\/fi\/wp-json\/wp\/v2\/product\/108560","targetHints":{"allow":["GET"]}}],"collection":[{"href":"https:\/\/basseinimeistrid.ee\/fi\/wp-json\/wp\/v2\/product"}],"about":[{"href":"https:\/\/basseinimeistrid.ee\/fi\/wp-json\/wp\/v2\/types\/product"}],"wp:featuredmedia":[{"embeddable":true,"href":"https:\/\/basseinimeistrid.ee\/fi\/wp-json\/wp\/v2\/media\/104272"}],"wp:attachment":[{"href":"https:\/\/basseinimeistrid.ee\/fi\/wp-json\/wp\/v2\/media?parent=108560"}],"wp:term":[{"taxonomy":"product_brand","embeddable":true,"href":"https:\/\/basseinimeistrid.ee\/fi\/wp-json\/wp\/v2\/product_brand?post=108560"},{"taxonomy":"product_cat","embeddable":true,"href":"https:\/\/basseinimeistrid.ee\/fi\/wp-json\/wp\/v2\/product_cat?post=108560"},{"taxonomy":"product_tag","embeddable":true,"href":"https:\/\/basseinimeistrid.ee\/fi\/wp-json\/wp\/v2\/product_tag?post=108560"}],"curies":[{"name":"wp","href":"https:\/\/api.w.org\/{rel}","templated":true}]}}