{"id":108564,"date":"2025-02-02T11:07:09","date_gmt":"2025-02-02T09:07:09","guid":{"rendered":"https:\/\/basseinimeistrid.ee\/pood\/Ei-luokiteltu\/fluidra-pool-iq-bridge-zb\/"},"modified":"2025-03-15T15:22:52","modified_gmt":"2025-03-15T13:22:52","slug":"fluidra-pool-iq-bridge-zb","status":"publish","type":"product","link":"https:\/\/basseinimeistrid.ee\/fi\/pood\/fluidra-pool-iq-bridge-zb\/","title":{"rendered":"Fluidra Pool IQ Bridge ZB"},"content":{"rendered":"<p>iQBridge ZB on Wi-Fi-silta, jonka avulla voit yhdist\u00e4\u00e4 ja ohjata uima-allaslaitteita \u00e4lypuhelimesta miss\u00e4 ja milloin tahansa. Laitteessa vaaditaan Wi-Fi-yhteys. iQBridge ZB toimii ilmaisen Fluidra Pool -sovelluksen kanssa, joka on saatavilla Apple Storesta\u00ae ja Google Playsta\u00ae.  <\/p>\n<p class=\"p2\"><span class=\"Apple-converted-space\"> <\/span>iQBridge ZB on suunniteltu k\u00e4ytett\u00e4v\u00e4ksi ja sijoitettavaksi sis\u00e4tiloihin riitt\u00e4v\u00e4n l\u00e4helle reititint\u00e4, jotta se voi k\u00e4ytt\u00e4\u00e4 Wi-Fi-signaalia. Kun sopiva paikka on l\u00f6ydetty, kytke iQBridge ZB pistorasiaan virtajohdolla ja pistokkeella (mukana). IQBridge ZB:t\u00e4 on k\u00e4ytett\u00e4v\u00e4 Fluidra Smart Plugin kanssa. Voit ohjata laitteita, jotka voidaan kytke\u00e4 p\u00e4\u00e4lle\/pois p\u00e4\u00e4lt\u00e4 liitt\u00e4m\u00e4ll\u00e4 virtajohdon pistokkeeseen.   <\/p>\n<p class=\"p1\">Tekniset tiedot:<\/p>\n<ul>\n<li class=\"p1\">Mitat: 80mm x 83mm x 20mm<\/li>\n<li class=\"p1\">Teho: Tulo: 100-240 Vac &#8211; 50\/60 Hz &#8211; 0,3A Max \/ L\u00e4ht\u00f6: 5,0 Vdc &#8211; 1,0A<\/li>\n<li class=\"p1\">Paino: 76g<\/li>\n<li class=\"p1\">Wi-Fi: 802.11 b\/g\/n, enimm\u00e4isteho: 100 mW<\/li>\n<li class=\"p1\">Bluetooth\u00ae: BLE V4.2, 2,4 GHz, maksimiteho 100 mW<\/li>\n<li class=\"p1\">Radio: taajuus 2,4 GHz, radion enimm\u00e4isteho &#8211; Wi-Fi, +20dBm \/ BLE +9dBm<\/li>\n<\/ul>\n","protected":false},"excerpt":{"rendered":"<p>iQBridge ZB on Wi-Fi-silta, jonka avulla voit yhdist\u00e4\u00e4 ja ohjata uima-allaslaitteita \u00e4lypuhelimesta miss\u00e4 ja milloin tahansa. Laitteessa vaaditaan Wi-Fi-yhteys. iQBridge ZB toimii ilmaisen Fluidra Pool -sovelluksen kanssa, joka on saatavilla Apple Storesta\u00ae ja Google Playsta\u00ae. iQBridge ZB on suunniteltu k\u00e4ytett\u00e4v\u00e4ksi ja sijoitettavaksi sis\u00e4tiloihin riitt\u00e4v\u00e4n l\u00e4helle reititint\u00e4, jotta se voi k\u00e4ytt\u00e4\u00e4 Wi-Fi-signaalia. Kun sopiva paikka on [&hellip;]<\/p>\n","protected":false},"featured_media":104243,"template":"","meta":{"_et_pb_use_builder":"","_et_pb_old_content":"","_et_gb_content_width":""},"product_brand":[],"product_cat":[220,214],"product_tag":[],"class_list":{"0":"post-108564","1":"product","2":"type-product","3":"status-publish","4":"has-post-thumbnail","6":"product_cat-allaspumppujen-tarvikkeet","7":"product_cat-allasvalojen-tarvikkeet","8":"product_shipping_class-pakiautomaat-fi","10":"first","11":"instock","12":"taxable","13":"shipping-taxable","14":"purchasable","15":"product-type-simple"},"jetpack_sharing_enabled":true,"_links":{"self":[{"href":"https:\/\/basseinimeistrid.ee\/fi\/wp-json\/wp\/v2\/product\/108564","targetHints":{"allow":["GET"]}}],"collection":[{"href":"https:\/\/basseinimeistrid.ee\/fi\/wp-json\/wp\/v2\/product"}],"about":[{"href":"https:\/\/basseinimeistrid.ee\/fi\/wp-json\/wp\/v2\/types\/product"}],"wp:featuredmedia":[{"embeddable":true,"href":"https:\/\/basseinimeistrid.ee\/fi\/wp-json\/wp\/v2\/media\/104243"}],"wp:attachment":[{"href":"https:\/\/basseinimeistrid.ee\/fi\/wp-json\/wp\/v2\/media?parent=108564"}],"wp:term":[{"taxonomy":"product_brand","embeddable":true,"href":"https:\/\/basseinimeistrid.ee\/fi\/wp-json\/wp\/v2\/product_brand?post=108564"},{"taxonomy":"product_cat","embeddable":true,"href":"https:\/\/basseinimeistrid.ee\/fi\/wp-json\/wp\/v2\/product_cat?post=108564"},{"taxonomy":"product_tag","embeddable":true,"href":"https:\/\/basseinimeistrid.ee\/fi\/wp-json\/wp\/v2\/product_tag?post=108564"}],"curies":[{"name":"wp","href":"https:\/\/api.w.org\/{rel}","templated":true}]}}