{"id":108565,"date":"2025-02-02T11:03:56","date_gmt":"2025-02-02T09:03:56","guid":{"rendered":"https:\/\/basseinimeistrid.ee\/pood\/Ei-luokiteltu\/fluidra-pool-smart-plug\/"},"modified":"2025-03-15T15:22:51","modified_gmt":"2025-03-15T13:22:51","slug":"fluidra-pool-smart-plug","status":"publish","type":"product","link":"https:\/\/basseinimeistrid.ee\/fi\/pood\/fluidra-pool-smart-plug\/","title":{"rendered":"Fluidra Pool Smart Plug"},"content":{"rendered":"<p class=\"p1\">FluidraPool-sovelluksen ohjaama vedenpit\u00e4v\u00e4 &#8221;\u00e4lypistoke&#8221; tarjoaa Plug &amp; Play -ohjauksen Bluetoothin kautta ja on erityisesti suunniteltu ohjaamaan suodatinpumppuja, valaistusta tai muita allaslaitteita.<\/p>\n","protected":false},"excerpt":{"rendered":"<p>FluidraPool-sovelluksen ohjaama vedenpit\u00e4v\u00e4 &#8221;\u00e4lypistoke&#8221; tarjoaa Plug &amp; Play -ohjauksen Bluetoothin kautta ja on erityisesti suunniteltu ohjaamaan suodatinpumppuja, valaistusta tai muita allaslaitteita.<\/p>\n","protected":false},"featured_media":104235,"template":"","meta":{"_et_pb_use_builder":"","_et_pb_old_content":"","_et_gb_content_width":""},"product_brand":[],"product_cat":[220,214],"product_tag":[],"class_list":{"0":"post-108565","1":"product","2":"type-product","3":"status-publish","4":"has-post-thumbnail","6":"product_cat-allaspumppujen-tarvikkeet","7":"product_cat-allasvalojen-tarvikkeet","8":"product_shipping_class-pakiautomaat-fi","10":"first","11":"instock","12":"taxable","13":"shipping-taxable","14":"purchasable","15":"product-type-simple"},"jetpack_sharing_enabled":true,"_links":{"self":[{"href":"https:\/\/basseinimeistrid.ee\/fi\/wp-json\/wp\/v2\/product\/108565","targetHints":{"allow":["GET"]}}],"collection":[{"href":"https:\/\/basseinimeistrid.ee\/fi\/wp-json\/wp\/v2\/product"}],"about":[{"href":"https:\/\/basseinimeistrid.ee\/fi\/wp-json\/wp\/v2\/types\/product"}],"wp:featuredmedia":[{"embeddable":true,"href":"https:\/\/basseinimeistrid.ee\/fi\/wp-json\/wp\/v2\/media\/104235"}],"wp:attachment":[{"href":"https:\/\/basseinimeistrid.ee\/fi\/wp-json\/wp\/v2\/media?parent=108565"}],"wp:term":[{"taxonomy":"product_brand","embeddable":true,"href":"https:\/\/basseinimeistrid.ee\/fi\/wp-json\/wp\/v2\/product_brand?post=108565"},{"taxonomy":"product_cat","embeddable":true,"href":"https:\/\/basseinimeistrid.ee\/fi\/wp-json\/wp\/v2\/product_cat?post=108565"},{"taxonomy":"product_tag","embeddable":true,"href":"https:\/\/basseinimeistrid.ee\/fi\/wp-json\/wp\/v2\/product_tag?post=108565"}],"curies":[{"name":"wp","href":"https:\/\/api.w.org\/{rel}","templated":true}]}}