{"id":108566,"date":"2025-02-02T10:43:46","date_gmt":"2025-02-02T08:43:46","guid":{"rendered":"https:\/\/basseinimeistrid.ee\/pood\/Ei-luokiteltu\/plug-play-hanasarja-vedenkasittelylaitteille\/"},"modified":"2025-02-02T10:43:46","modified_gmt":"2025-02-02T08:43:46","slug":"plug-play-hanasarja-vedenkasittelylaitteille","status":"publish","type":"product","link":"https:\/\/basseinimeistrid.ee\/fi\/pood\/plug-play-hanasarja-vedenkasittelylaitteille\/","title":{"rendered":"Plug &amp; Play hanasarja vedenk\u00e4sittelylaitteille"},"content":{"rendered":"<p class=\"p1\">Ihanteellinen ratkaisu mihin tahansa uima-altaan puhdistusj\u00e4rjestelm\u00e4\u00e4n! S\u00e4\u00e4st\u00e4\u00e4 paljon putkien asennusaikaa! T\u00e4ysin esiasennettu paneeli, jossa kaikki tarvittavat j\u00e4lkisuodatinputket. Tulo-\/paluuputket palloventtiileill\u00e4 ja ohituksella. Sopii kaikentyyppisille altaille, joiden tilavuus on enint\u00e4\u00e4n 80m\u00b3. 3 x tuluaukkoa \u00d863mm palloventtiileill\u00e4 (ker\u00e4\u00e4j\u00e4 \/ pohjaluukut jne.). 2 x paluuaukkoa palloventtiilill\u00e4 \u00d863mm ja erillisell\u00e4 ohitusputkella l\u00e4mmitysj\u00e4rjestelm\u00e4\u00e4n lis\u00e4\u00e4mist\u00e4 varten. Varustettu my\u00f6s &#8221;talvi&#8221;-ohjauksella, joka palauttaa veden suoraan altaaseen suodattimen j\u00e4lkeen ilman vesik\u00e4sittely\u00e4. T\u00e4ysin liimattu ja esiasennettu putkikiinnittimill\u00e4 18 mm paksulle PP-muovipaneelille 100 x 83 cm. Sopii t\u00e4ydellisesti verkkokaupastamme saatavien valmiiksi asennettujen desinfiointipaneelien kanssa.         <\/p>\n","protected":false},"excerpt":{"rendered":"<p>Ihanteellinen ratkaisu mihin tahansa uima-altaan puhdistusj\u00e4rjestelm\u00e4\u00e4n! S\u00e4\u00e4st\u00e4\u00e4 paljon putkien asennusaikaa! T\u00e4ysin esiasennettu paneeli, jossa kaikki tarvittavat j\u00e4lkisuodatinputket. Tulo-\/paluuputket palloventtiileill\u00e4 ja ohituksella. Sopii kaikentyyppisille altaille, joiden tilavuus on enint\u00e4\u00e4n 80m\u00b3. 3 x tuluaukkoa \u00d863mm palloventtiileill\u00e4 (ker\u00e4\u00e4j\u00e4 \/ pohjaluukut jne.). 2 x paluuaukkoa palloventtiilill\u00e4 \u00d863mm ja erillisell\u00e4 ohitusputkella l\u00e4mmitysj\u00e4rjestelm\u00e4\u00e4n lis\u00e4\u00e4mist\u00e4 varten. Varustettu my\u00f6s &#8221;talvi&#8221;-ohjauksella, joka palauttaa veden [&hellip;]<\/p>\n","protected":false},"featured_media":104230,"template":"","meta":{"_et_pb_use_builder":"","_et_pb_old_content":"","_et_gb_content_width":""},"product_brand":[],"product_cat":[176,177],"product_tag":[],"class_list":{"0":"post-108566","1":"product","2":"type-product","3":"status-publish","4":"has-post-thumbnail","6":"product_cat-kemikaalittomiin-uima-altaisiin","7":"product_cat-klooria-sisaltaville-uima-altaille","8":"product_shipping_class-kuller-fi","10":"first","11":"instock","12":"taxable","13":"shipping-taxable","14":"purchasable","15":"product-type-simple"},"jetpack_sharing_enabled":true,"_links":{"self":[{"href":"https:\/\/basseinimeistrid.ee\/fi\/wp-json\/wp\/v2\/product\/108566","targetHints":{"allow":["GET"]}}],"collection":[{"href":"https:\/\/basseinimeistrid.ee\/fi\/wp-json\/wp\/v2\/product"}],"about":[{"href":"https:\/\/basseinimeistrid.ee\/fi\/wp-json\/wp\/v2\/types\/product"}],"wp:featuredmedia":[{"embeddable":true,"href":"https:\/\/basseinimeistrid.ee\/fi\/wp-json\/wp\/v2\/media\/104230"}],"wp:attachment":[{"href":"https:\/\/basseinimeistrid.ee\/fi\/wp-json\/wp\/v2\/media?parent=108566"}],"wp:term":[{"taxonomy":"product_brand","embeddable":true,"href":"https:\/\/basseinimeistrid.ee\/fi\/wp-json\/wp\/v2\/product_brand?post=108566"},{"taxonomy":"product_cat","embeddable":true,"href":"https:\/\/basseinimeistrid.ee\/fi\/wp-json\/wp\/v2\/product_cat?post=108566"},{"taxonomy":"product_tag","embeddable":true,"href":"https:\/\/basseinimeistrid.ee\/fi\/wp-json\/wp\/v2\/product_tag?post=108566"}],"curies":[{"name":"wp","href":"https:\/\/api.w.org\/{rel}","templated":true}]}}