{"id":108567,"date":"2025-02-02T10:36:28","date_gmt":"2025-02-02T08:36:28","guid":{"rendered":"https:\/\/basseinimeistrid.ee\/pood\/Ei-luokiteltu\/sugar-valley-station-vedenkasittelyratkaisu-kloorialtaisiin\/"},"modified":"2025-02-02T10:36:28","modified_gmt":"2025-02-02T08:36:28","slug":"sugar-valley-station-vedenkasittelyratkaisu-kloorialtaisiin","status":"publish","type":"product","link":"https:\/\/basseinimeistrid.ee\/fi\/pood\/sugar-valley-station-vedenkasittelyratkaisu-kloorialtaisiin\/","title":{"rendered":"Sugar Valley Station, vedenk\u00e4sittelyratkaisu kloorialtaisiin"},"content":{"rendered":"<p class=\"p4\">T\u00e4ydelliset esiasennetut desinfiointipaneelit uima-altaan veden t\u00e4ydelliseen puhdistukseen. Integroidun UV-C-laitteen ansiosta klooria voidaan k\u00e4ytt\u00e4\u00e4 jopa puolet tavallisesta. Plug &amp; Play PVC -paneelit muodostavat t\u00e4ydellisen vedenk\u00e4sittelyj\u00e4rjestelm\u00e4n! T\u00e4ysin automatisoitu. Turvallinen ratkaisu kloorialtaisiin. Sinun ei tarvitse huolehtia oikeiden kloori- ja pH-m\u00e4\u00e4rien lis\u00e4\u00e4misest\u00e4. J\u00e4rjestelm\u00e4 mittaa ja lis\u00e4\u00e4 ne tarvittaessa automaattisesti. Sopii alle 80m\u00b3:iin.       <\/p>\n<p class=\"p4\">Varustettu:<\/p>\n<ul>\n<li class=\"p4\">Veden virtauskammio virtauskytkimell\u00e4, pH\/rX-anturit, maadoitus ja annosteluventtiilit.<\/li>\n<li class=\"p4\">Aseman allasohjainj\u00e4rjestelm\u00e4.<\/li>\n<li class=\"p4\">2x annostelupumppua pH:n s\u00e4\u00e4t\u00f6\u00f6n ja kloorin annosteluun<\/li>\n<li class=\"p4\">75 watin AquaSphere Midi UV-C yksikk\u00f6 ett\u00e4 saisitte k\u00e4ytt\u00e4\u00e4 v\u00e4hemm\u00e4n klooria<\/li>\n<li class=\"p4\">Kytkent\u00e4rasia 6 pistokkeelle 16A sulakkeella ja 30mA vikavirtasuojalla.<\/li>\n<li class=\"p4\">18 mm paksu PP-takapaneeli (100 x 83 cm).<\/li>\n<li>Putki 63mm pvc-u<\/li>\n<li class=\"p4\">Mukana redox- ja pH-kalibrointinesteet.<\/li>\n<\/ul>\n","protected":false},"excerpt":{"rendered":"<p>Altaille 80m\u00b3 asti<\/p>\n","protected":false},"featured_media":104223,"template":"","meta":{"_et_pb_use_builder":"","_et_pb_old_content":"","_et_gb_content_width":""},"product_brand":[],"product_cat":[177],"product_tag":[],"class_list":{"0":"post-108567","1":"product","2":"type-product","3":"status-publish","4":"has-post-thumbnail","6":"product_cat-klooria-sisaltaville-uima-altaille","7":"product_shipping_class-kuller-fi","9":"first","10":"instock","11":"taxable","12":"shipping-taxable","13":"purchasable","14":"product-type-simple"},"jetpack_sharing_enabled":true,"_links":{"self":[{"href":"https:\/\/basseinimeistrid.ee\/fi\/wp-json\/wp\/v2\/product\/108567","targetHints":{"allow":["GET"]}}],"collection":[{"href":"https:\/\/basseinimeistrid.ee\/fi\/wp-json\/wp\/v2\/product"}],"about":[{"href":"https:\/\/basseinimeistrid.ee\/fi\/wp-json\/wp\/v2\/types\/product"}],"wp:featuredmedia":[{"embeddable":true,"href":"https:\/\/basseinimeistrid.ee\/fi\/wp-json\/wp\/v2\/media\/104223"}],"wp:attachment":[{"href":"https:\/\/basseinimeistrid.ee\/fi\/wp-json\/wp\/v2\/media?parent=108567"}],"wp:term":[{"taxonomy":"product_brand","embeddable":true,"href":"https:\/\/basseinimeistrid.ee\/fi\/wp-json\/wp\/v2\/product_brand?post=108567"},{"taxonomy":"product_cat","embeddable":true,"href":"https:\/\/basseinimeistrid.ee\/fi\/wp-json\/wp\/v2\/product_cat?post=108567"},{"taxonomy":"product_tag","embeddable":true,"href":"https:\/\/basseinimeistrid.ee\/fi\/wp-json\/wp\/v2\/product_tag?post=108567"}],"curies":[{"name":"wp","href":"https:\/\/api.w.org\/{rel}","templated":true}]}}