{"id":108568,"date":"2025-02-02T10:32:51","date_gmt":"2025-02-02T08:32:51","guid":{"rendered":"https:\/\/basseinimeistrid.ee\/pood\/Ei-luokiteltu\/kemikaaliton-suolaliuos-ratkaisu-elite-connect-uima-altaisiin\/"},"modified":"2025-02-02T10:32:51","modified_gmt":"2025-02-02T08:32:51","slug":"kemikaaliton-suolaliuos-ratkaisu-elite-connect-uima-altaisiin","status":"publish","type":"product","link":"https:\/\/basseinimeistrid.ee\/fi\/pood\/kemikaaliton-suolaliuos-ratkaisu-elite-connect-uima-altaisiin\/","title":{"rendered":"Kemikaaliton suolaliuos ratkaisu Elite Connect uima-altaisiin"},"content":{"rendered":"<p>ASTRALPOOL ELITE CONNECT OHJAUSLAITTEELLA<\/p>\n<p class=\"p1\">T\u00e4ydelliset esiasennetut suolaelektrolyysipohjaiset desinfiointipaneelit altaan veden t\u00e4ydelliseen puhdistamiseen. Plug &amp; Play PVC -paneelit muodostavat t\u00e4ydellisen vedenk\u00e4sittelyj\u00e4rjestelm\u00e4n! Saatavana Astral Elite Connect LS60- tai LS100-altaan ohjausj\u00e4rjestelm\u00e4ll\u00e4. J\u00e4rjestelm\u00e4 toimii suolavedell\u00e4. Tarvittava suolam\u00e4\u00e4r\u00e4 on 5-6 grammaa 1 litrassa allasvett\u00e4. Wifi-yhteys.     <\/p>\n<p>Edut:<\/p>\n<ul>\n<li class=\"p1\">T\u00e4ysv\u00e4rinen kosketusn\u00e4ytt\u00f6<\/li>\n<li class=\"p1\">Suolaisuuden ja l\u00e4mp\u00f6tilan seuranta<\/li>\n<li class=\"p1\">Skaalautuvat ohjaustoiminnot plug-in-moduuleilla pH:lle, ORP:lle, vapaalle kloorille (PPM) ja VSP-pumpulle<\/li>\n<li class=\"p1\">Sis\u00e4\u00e4nrakennettu Domotica-j\u00e4rjestelm\u00e4 ohjaukseen \u00e4lypuhelimella\/tabletilla\/tietokoneella<\/li>\n<li class=\"p1\">4 digitaalista tuloa \/ 4 digitaalista l\u00e4ht\u00f6\u00e4 (rele)<\/li>\n<li class=\"p1\">Kaksi tiedonsiirtoporttia (Ethernet ja Modbus)<\/li>\n<li class=\"p1\">Sis\u00e4\u00e4nrakennettu UV-C lampun ohjaus<\/li>\n<li class=\"p1\">Helppo laajentaa Astralpool Connect -releohjauskotelolla (art.72454) yhdell\u00e4 multikaapelilla.<\/li>\n<\/ul>\n<p class=\"p1\">Mukana:<\/p>\n<ul>\n<li class=\"p1\">Virtauskammio virtauskytkimell\u00e4, pH\/rX-anturit, maadoitus ja annosteluventtiili.<\/li>\n<li class=\"p1\">75 W AquaSphere Midi UV-C yksikk\u00f6 5 V:n ohjauksella Elite Connectille.<\/li>\n<li class=\"p1\">Astralpool Elite Connect LS60 tai LS100 ohjausyksikk\u00f6<\/li>\n<li class=\"p1\">VSP-ohjain s\u00e4\u00e4dett\u00e4v\u00e4nopeuksisten pumppujen ja automaattisten vastahuuhteluventtiilien ohjaamiseen.<\/li>\n<li class=\"p1\">pH-annostelupumppu<\/li>\n<li class=\"p1\">Kytkent\u00e4rasia 6 pistokkeelle 16A sulakkeella ja 30mA vikavirtasuojalla.<\/li>\n<li class=\"p1\">18 mm paksu PP-takapaneeli (100 x 83 cm).<\/li>\n<li class=\"p1\">Redox- ja pH-kalibrointinesteet.<\/li>\n<li>Putkisto 63mm liimattava PVC-u<\/li>\n<\/ul>\n<p class=\"p1\">(ei sovellu k\u00e4ytett\u00e4v\u00e4ksi vesist\u00f6iss\u00e4, jotka on eristetty EPDM-geokalvolla)<\/p>\n<p class=\"p1\">Takuu 3 vuotta<\/p>\n<p>Tietoja Elite Connect -ohjausyksik\u00f6st\u00e4 englanniksi l\u00f6yd\u00e4t t\u00e4\u00e4lt\u00e4  <a href=\"https:\/\/basseinimeistrid.ee\/wp-content\/uploads\/2025\/02\/ELITE-CONNECT-ENG.pdf\" target=\"_blank\" rel=\"noopener\">T\u00c4SS\u00c4<\/a><\/p>\n","protected":false},"excerpt":{"rendered":"<p>HYDROLYYTINEN VEDENK\u00c4SITTELYJ\u00c4RJESTELM\u00c4 SUOLAPITOISILLE UIMAILTAILLE<\/p>\n","protected":false},"featured_media":104213,"template":"","meta":{"_et_pb_use_builder":"","_et_pb_old_content":"","_et_gb_content_width":""},"product_brand":[],"product_cat":[176],"product_tag":[],"class_list":{"0":"post-108568","1":"product","2":"type-product","3":"status-publish","4":"has-post-thumbnail","6":"product_cat-kemikaalittomiin-uima-altaisiin","7":"product_shipping_class-kuller-fi","9":"first","10":"instock","11":"taxable","12":"shipping-taxable","13":"purchasable","14":"product-type-variable"},"jetpack_sharing_enabled":true,"_links":{"self":[{"href":"https:\/\/basseinimeistrid.ee\/fi\/wp-json\/wp\/v2\/product\/108568","targetHints":{"allow":["GET"]}}],"collection":[{"href":"https:\/\/basseinimeistrid.ee\/fi\/wp-json\/wp\/v2\/product"}],"about":[{"href":"https:\/\/basseinimeistrid.ee\/fi\/wp-json\/wp\/v2\/types\/product"}],"wp:featuredmedia":[{"embeddable":true,"href":"https:\/\/basseinimeistrid.ee\/fi\/wp-json\/wp\/v2\/media\/104213"}],"wp:attachment":[{"href":"https:\/\/basseinimeistrid.ee\/fi\/wp-json\/wp\/v2\/media?parent=108568"}],"wp:term":[{"taxonomy":"product_brand","embeddable":true,"href":"https:\/\/basseinimeistrid.ee\/fi\/wp-json\/wp\/v2\/product_brand?post=108568"},{"taxonomy":"product_cat","embeddable":true,"href":"https:\/\/basseinimeistrid.ee\/fi\/wp-json\/wp\/v2\/product_cat?post=108568"},{"taxonomy":"product_tag","embeddable":true,"href":"https:\/\/basseinimeistrid.ee\/fi\/wp-json\/wp\/v2\/product_tag?post=108568"}],"curies":[{"name":"wp","href":"https:\/\/api.w.org\/{rel}","templated":true}]}}