{"id":108571,"date":"2025-01-30T14:48:39","date_gmt":"2025-01-30T12:48:39","guid":{"rendered":"https:\/\/basseinimeistrid.ee\/pood\/Ei-luokiteltu\/allaspumppu-astralpool-victoria-plus-silent\/"},"modified":"2025-01-30T14:48:39","modified_gmt":"2025-01-30T12:48:39","slug":"allaspumppu-astralpool-victoria-plus-silent","status":"publish","type":"product","link":"https:\/\/basseinimeistrid.ee\/fi\/pood\/allaspumppu-astralpool-victoria-plus-silent\/","title":{"rendered":"Allaspumppu Astralpool Victoria Plus Silent"},"content":{"rendered":"<p>Astralpool Victoria Plus Silent VS<\/p>\n<p class=\"p1\">Legendaariset itseimev\u00e4t allaspumput yksi- ja kolmivaihemoottoreilla. Pumpun koteloon on asennettu esisuodatin, joka est\u00e4\u00e4 suurempien vieraiden esineiden p\u00e4\u00e4syn juoksupy\u00f6r\u00e4\u00e4n, mik\u00e4 voisi vaurioittaa pumpun hydraulikomponentteja. Pumppujen suojausluokka on IP-55, ja ne on suunniteltu kest\u00e4m\u00e4\u00e4n kuumia ymp\u00e4rist\u00f6j\u00e4 ja korkeaa kosteustasoa. GS-merkint\u00e4.   <\/p>\n<p class=\"p1\">Victoria Plus Silentin p\u00e4\u00e4ominaisuudet ovat:<\/p>\n<ul>\n<li class=\"p1\">Matala melutaso: 61 dB &#8211; 70 dB<\/li>\n<li class=\"p1\">Helppok\u00e4ytt\u00f6inen: 2-vipuinen esisuodattimen korkki (ei vaadi avainta)<\/li>\n<li class=\"p1\">Yhteensopivuus: T\u00e4ysin yhteensopiva Victoria Plus -allasohjaimella varustettujen uima-altaiden kanssa.<\/li>\n<li class=\"p1\">Isompi etulaakeri parantaa ja tukee aksiaalista ty\u00f6nt\u00f6voimaa.<\/li>\n<li class=\"p1\">Pumppusarjaan sis\u00e4ltyy PVC-liit\u00e4nt\u00e4tarvikesarja.<\/li>\n<li>Pumpussa on 2&#8243; ulkokierteet tuloa ja l\u00e4ht\u00f6\u00e4 varten.<\/li>\n<\/ul>\n<p>&nbsp;<\/p>\n<ul>\n<li>Ulkoista ohjausta varten sinun on ostettava kaapeli art.74805.<\/li>\n<li class=\"p1\">Kaikki 230 V ja 400 V pumput (paitsi muuttuvanopeuksiset pumput) on aina varustettava moottorinsuojakytkimell\u00e4, jolla on sopiva kuormitus (esim. Condor Motor Protection &#8211; RB157 &#8211; RB168).<\/li>\n<\/ul>\n<p>Tekniset tiedot ja mitat <a href=\"https:\/\/basseinimeistrid.ee\/wp-content\/uploads\/2025\/02\/Victoria-Silent-data.pdf\" target=\"_blank\" rel=\"noopener\">T\u00c4ST\u00c4<\/a><\/p>\n","protected":false},"excerpt":{"rendered":"<p>Astralpool Victoria Plus Silent VS Legendaariset itseimev\u00e4t allaspumput yksi- ja kolmivaihemoottoreilla. Pumpun koteloon on asennettu esisuodatin, joka est\u00e4\u00e4 suurempien vieraiden esineiden p\u00e4\u00e4syn juoksupy\u00f6r\u00e4\u00e4n, mik\u00e4 voisi vaurioittaa pumpun hydraulikomponentteja. Pumppujen suojausluokka on IP-55, ja ne on suunniteltu kest\u00e4m\u00e4\u00e4n kuumia ymp\u00e4rist\u00f6j\u00e4 ja korkeaa kosteustasoa. GS-merkint\u00e4. Victoria Plus Silentin p\u00e4\u00e4ominaisuudet ovat: Matala melutaso: 61 dB &#8211; 70 dB [&hellip;]<\/p>\n","protected":false},"featured_media":104088,"template":"","meta":{"_et_pb_use_builder":"","_et_pb_old_content":"","_et_gb_content_width":""},"product_brand":[],"product_cat":[108],"product_tag":[],"class_list":{"0":"post-108571","1":"product","2":"type-product","3":"status-publish","4":"has-post-thumbnail","6":"product_cat-uima-altaan-pumput","7":"product_shipping_class-pakiautomaat-fi","9":"first","10":"instock","11":"taxable","12":"shipping-taxable","13":"purchasable","14":"product-type-variable"},"jetpack_sharing_enabled":true,"_links":{"self":[{"href":"https:\/\/basseinimeistrid.ee\/fi\/wp-json\/wp\/v2\/product\/108571","targetHints":{"allow":["GET"]}}],"collection":[{"href":"https:\/\/basseinimeistrid.ee\/fi\/wp-json\/wp\/v2\/product"}],"about":[{"href":"https:\/\/basseinimeistrid.ee\/fi\/wp-json\/wp\/v2\/types\/product"}],"wp:featuredmedia":[{"embeddable":true,"href":"https:\/\/basseinimeistrid.ee\/fi\/wp-json\/wp\/v2\/media\/104088"}],"wp:attachment":[{"href":"https:\/\/basseinimeistrid.ee\/fi\/wp-json\/wp\/v2\/media?parent=108571"}],"wp:term":[{"taxonomy":"product_brand","embeddable":true,"href":"https:\/\/basseinimeistrid.ee\/fi\/wp-json\/wp\/v2\/product_brand?post=108571"},{"taxonomy":"product_cat","embeddable":true,"href":"https:\/\/basseinimeistrid.ee\/fi\/wp-json\/wp\/v2\/product_cat?post=108571"},{"taxonomy":"product_tag","embeddable":true,"href":"https:\/\/basseinimeistrid.ee\/fi\/wp-json\/wp\/v2\/product_tag?post=108571"}],"curies":[{"name":"wp","href":"https:\/\/api.w.org\/{rel}","templated":true}]}}