{"id":108580,"date":"2025-01-30T14:15:43","date_gmt":"2025-01-30T12:15:43","guid":{"rendered":"https:\/\/basseinimeistrid.ee\/pood\/Ei-luokiteltu\/allaspumppu-astralpool-verdon-vs\/"},"modified":"2025-01-30T14:15:43","modified_gmt":"2025-01-30T12:15:43","slug":"allaspumppu-astralpool-verdon-vs","status":"publish","type":"product","link":"https:\/\/basseinimeistrid.ee\/fi\/pood\/allaspumppu-astralpool-verdon-vs\/","title":{"rendered":"Allaspumppu Astralpool Verdon VS"},"content":{"rendered":"<p>AstralPool Verdon VS s\u00e4\u00e4dett\u00e4v\u00e4nopeuksiset pumput ovat eritt\u00e4in hiljaisia. Pumpussa on 3 ohjelmoitavaa nopeutta, jotka voidaan asettaa v\u00e4lille 40 % &#8211; 100 %. Se voidaan my\u00f6s ohjelmoida toimimaan eri tehotasoilla eri vuorokaudenaikoina. Asetusvaihtoehdon lis\u00e4ksi pumppua voidaan ohjata my\u00f6s Fluidra Pool App -sovelluksella. Ulkoinen ohjaus mahdollista, pumppua voidaan ohjata my\u00f6s ulkoisesti allasohjaimien kautta.    <\/p>\n<p>&#8211; 3 nopeutta %-100%<br \/>\n &#8211; Eritt\u00e4in hiljainen<br \/>\n &#8211; Ohjaus Fluidra Pool -sovelluksella<br \/>\n &#8211; Ulkoinen ohjaus<br \/>\n &#8211; 3 ohjelmoitavaa nopeutta<br \/>\n &#8211; 3 vuoden takuu<\/p>\n","protected":false},"excerpt":{"rendered":"<p>AstralPool Verdon VS s\u00e4\u00e4dett\u00e4v\u00e4nopeuksiset pumput ovat eritt\u00e4in hiljaisia. Pumpussa on 3 ohjelmoitavaa nopeutta, jotka voidaan asettaa v\u00e4lille 40 % &#8211; 100 %. Se voidaan my\u00f6s ohjelmoida toimimaan eri tehotasoilla eri vuorokaudenaikoina. Asetusvaihtoehdon lis\u00e4ksi pumppua voidaan ohjata my\u00f6s Fluidra Pool App -sovelluksella. Ulkoinen ohjaus mahdollista, pumppua voidaan ohjata my\u00f6s ulkoisesti allasohjaimien kautta. &#8211; 3 nopeutta %-100% [&hellip;]<\/p>\n","protected":false},"featured_media":104066,"template":"","meta":{"_et_pb_use_builder":"","_et_pb_old_content":"","_et_gb_content_width":""},"product_brand":[],"product_cat":[108],"product_tag":[],"class_list":{"0":"post-108580","1":"product","2":"type-product","3":"status-publish","4":"has-post-thumbnail","6":"product_cat-uima-altaan-pumput","7":"product_shipping_class-pakiautomaat-fi","9":"first","10":"instock","11":"taxable","12":"shipping-taxable","13":"purchasable","14":"product-type-variable"},"jetpack_sharing_enabled":true,"_links":{"self":[{"href":"https:\/\/basseinimeistrid.ee\/fi\/wp-json\/wp\/v2\/product\/108580","targetHints":{"allow":["GET"]}}],"collection":[{"href":"https:\/\/basseinimeistrid.ee\/fi\/wp-json\/wp\/v2\/product"}],"about":[{"href":"https:\/\/basseinimeistrid.ee\/fi\/wp-json\/wp\/v2\/types\/product"}],"wp:featuredmedia":[{"embeddable":true,"href":"https:\/\/basseinimeistrid.ee\/fi\/wp-json\/wp\/v2\/media\/104066"}],"wp:attachment":[{"href":"https:\/\/basseinimeistrid.ee\/fi\/wp-json\/wp\/v2\/media?parent=108580"}],"wp:term":[{"taxonomy":"product_brand","embeddable":true,"href":"https:\/\/basseinimeistrid.ee\/fi\/wp-json\/wp\/v2\/product_brand?post=108580"},{"taxonomy":"product_cat","embeddable":true,"href":"https:\/\/basseinimeistrid.ee\/fi\/wp-json\/wp\/v2\/product_cat?post=108580"},{"taxonomy":"product_tag","embeddable":true,"href":"https:\/\/basseinimeistrid.ee\/fi\/wp-json\/wp\/v2\/product_tag?post=108580"}],"curies":[{"name":"wp","href":"https:\/\/api.w.org\/{rel}","templated":true}]}}