{"id":108583,"date":"2025-01-30T14:04:22","date_gmt":"2025-01-30T12:04:22","guid":{"rendered":"https:\/\/basseinimeistrid.ee\/pood\/Ei-luokiteltu\/allaspumppu-perform-max-eco-vs\/"},"modified":"2025-01-30T14:04:22","modified_gmt":"2025-01-30T12:04:22","slug":"allaspumppu-perform-max-eco-vs","status":"publish","type":"product","link":"https:\/\/basseinimeistrid.ee\/fi\/pood\/allaspumppu-perform-max-eco-vs\/","title":{"rendered":"Allaspumppu Perform Max Eco VS"},"content":{"rendered":"<p>Speck Perform Max -sarjan s\u00e4\u00e4dett\u00e4v\u00e4nopeuksinen versio. Pumppu on eritt\u00e4in hiljainen ja tehokas. Pienell\u00e4 energiankulutuksella. T\u00e4ll\u00e4 pumpulla on eritt\u00e4in alhainen melutaso parannetun j\u00e4\u00e4hdytystuulettimen rakenteen ja j\u00e4\u00e4hdytyspuhaltimen meluvaimennetun kotelon ansiosta. Esisuodattimen kannessa on LED-valaistus, jonka avulla voit helposti seurata suodatinkorin tilaa! T\u00e4m\u00e4n itseimev\u00e4n allaspumpun maksimikapasiteetti on 39 m\u00b3\/h, nostokyky 16 metri\u00e4 ja se soveltuu 30\u2013150 m\u00b3 altaisiin. Pumppu on varustettu 63 mm liittimill\u00e4. Sarja sis\u00e4lt\u00e4\u00e4 my\u00f6s tiedonsiirtokaapelin, jonka avulla pumppua voidaan ohjata ulkoisen ohjaimen kautta.       <\/p>\n<p>Tehons\u00e4\u00e4t\u00f6mahdollisuus 0,01-1,1kw.<\/p>\n","protected":false},"excerpt":{"rendered":"<p>Speck Perform Max -sarjan s\u00e4\u00e4dett\u00e4v\u00e4nopeuksinen versio. Pumppu on eritt\u00e4in hiljainen ja tehokas. Pienell\u00e4 energiankulutuksella. T\u00e4ll\u00e4 pumpulla on eritt\u00e4in alhainen melutaso parannetun j\u00e4\u00e4hdytystuulettimen rakenteen ja j\u00e4\u00e4hdytyspuhaltimen meluvaimennetun kotelon ansiosta. Esisuodattimen kannessa on LED-valaistus, jonka avulla voit helposti seurata suodatinkorin tilaa! T\u00e4m\u00e4n itseimev\u00e4n allaspumpun maksimikapasiteetti on 39 m\u00b3\/h, nostokyky 16 metri\u00e4 ja se soveltuu 30\u2013150 m\u00b3 altaisiin. [&hellip;]<\/p>\n","protected":false},"featured_media":104058,"template":"","meta":{"_et_pb_use_builder":"","_et_pb_old_content":"","_et_gb_content_width":""},"product_brand":[],"product_cat":[108],"product_tag":[],"class_list":{"0":"post-108583","1":"product","2":"type-product","3":"status-publish","4":"has-post-thumbnail","6":"product_cat-uima-altaan-pumput","7":"product_shipping_class-pakiautomaat-fi","9":"first","10":"instock","11":"taxable","12":"shipping-taxable","13":"purchasable","14":"product-type-simple"},"jetpack_sharing_enabled":true,"_links":{"self":[{"href":"https:\/\/basseinimeistrid.ee\/fi\/wp-json\/wp\/v2\/product\/108583","targetHints":{"allow":["GET"]}}],"collection":[{"href":"https:\/\/basseinimeistrid.ee\/fi\/wp-json\/wp\/v2\/product"}],"about":[{"href":"https:\/\/basseinimeistrid.ee\/fi\/wp-json\/wp\/v2\/types\/product"}],"wp:featuredmedia":[{"embeddable":true,"href":"https:\/\/basseinimeistrid.ee\/fi\/wp-json\/wp\/v2\/media\/104058"}],"wp:attachment":[{"href":"https:\/\/basseinimeistrid.ee\/fi\/wp-json\/wp\/v2\/media?parent=108583"}],"wp:term":[{"taxonomy":"product_brand","embeddable":true,"href":"https:\/\/basseinimeistrid.ee\/fi\/wp-json\/wp\/v2\/product_brand?post=108583"},{"taxonomy":"product_cat","embeddable":true,"href":"https:\/\/basseinimeistrid.ee\/fi\/wp-json\/wp\/v2\/product_cat?post=108583"},{"taxonomy":"product_tag","embeddable":true,"href":"https:\/\/basseinimeistrid.ee\/fi\/wp-json\/wp\/v2\/product_tag?post=108583"}],"curies":[{"name":"wp","href":"https:\/\/api.w.org\/{rel}","templated":true}]}}