{"id":108589,"date":"2025-01-30T10:58:48","date_gmt":"2025-01-30T08:58:48","guid":{"rendered":"https:\/\/basseinimeistrid.ee\/pood\/Ei-luokiteltu\/automaattinen-venttiili-besgo-5-suuntainen\/"},"modified":"2025-01-30T10:58:48","modified_gmt":"2025-01-30T08:58:48","slug":"automaattinen-venttiili-besgo-5-suuntainen","status":"publish","type":"product","link":"https:\/\/basseinimeistrid.ee\/fi\/pood\/automaattinen-venttiili-besgo-5-suuntainen\/","title":{"rendered":"Automaattinen venttiili BESGO 5-suuntainen"},"content":{"rendered":"<p>Maailmankuulut BESGO pneumaattiset monisuuntaiset venttiilit. 6-suuntaisiin suodatinhanoihin verrattuna BESGO-hanoilla on huomattavasti (jopa 2x) pienempi vastus. J\u00e4lkimm\u00e4inen puolestaan \u200b\u200bmahdollistaa suodattimen takaisinpesun huomattavasti nopeammin ja tehokkaammin suuremman veden virtausnopeuden ansiosta. Nopeampi suodattimen vastahuuhtelu tarkoittaa my\u00f6s merkitt\u00e4vi\u00e4 s\u00e4\u00e4st\u00f6j\u00e4 vedenkulutuksessa. Nopea hanan liike: allaspumppua ei tarvitse sammuttaa suodattimen huuhtelemiseksi. Hana on valmistettu otsonia kest\u00e4v\u00e4st\u00e4 PVC-U-materiaalista. Sis\u00e4osat haponkest\u00e4v\u00e4st\u00e4 ruostumattomasta ter\u00e4ksest\u00e4 (AISI316). Teflon\/viton tiivisteet. Kiertoveteen kohdistuva maksimipaine on edelleen 3,5 bar. Meilt\u00e4 l\u00f6ytyy BESGO-hanat kokoina Dn40\/\u00d850mm &#8211; Dn125\/\u00d8140mm. Eritt\u00e4in joustava liit\u00e4nt\u00e4. Helmi\u00e4 voidaan k\u00e4\u00e4nt\u00e4\u00e4 haluttuun suuntaan. Helpottaa asennusta ja putkity\u00f6t\u00e4. V\u00e4h\u00e4n elektroniikkaa sis\u00e4lt\u00e4v\u00e4 hana sopii eritt\u00e4in hyvin kosteaan ymp\u00e4rist\u00f6\u00f6n.             <\/p>\n<p>Besgo-hanat ovat pneumaattisia. K\u00e4ytt\u00f6 joko vesijohtovedell\u00e4 tai paineilmalla. Toiminnassa tarvittava pneumaattinen ohjauspaine on 3 &#8211; 5 bar. Sarja sis\u00e4lt\u00e4\u00e4 solenoiditoimilaitteen. Solenoidia k\u00e4ytet\u00e4\u00e4n hanan siirt\u00e4miseen suodattimen pesuasentoon. Venttiili liikkuu takaisin jousivoimalla. Turvallinen ratkaisu: s\u00e4hk\u00f6katkon\/h\u00e4iri\u00f6n sattuessa hana siirtyy itsen\u00e4isesti takaisin ty\u00f6asentoon. Jos vedenpaine linjassa ei ole riitt\u00e4v\u00e4, l\u00f6yd\u00e4t t\u00e4st\u00e4 tuotevalikoimasta my\u00f6s sopivan ilmakompressorin.       <\/p>\n<p>Solenoidivirtal\u00e4hde 230V\/50Hz. Siksi solenoidin (NC) ohjaamiseen tarvitaan komento altaan ohjausyksik\u00f6st\u00e4 tai jopa pelkk\u00e4 ohjelmakello. <\/p>\n<p>Verkkokaupassamme olevat BESGO-hanat sopivat Astralpool-suodattimiin. Hanat mitoiltaan DN80-\u00d890 \/ DN100-\u00d8110 \/ DN125-\u00d8140 saatavilla pyynn\u00f6st\u00e4. <\/p>\n<p>BESGO 5-tiehanan valmistaja <a href=\"https:\/\/www.besgo.ch\/en\/products\/99-5-way-valves\" target=\"_blank\" rel=\"noopener\">LINKKI<\/a><\/p>\n<p>L\u00f6yd\u00e4t BESGO-kokotaulukon <a href=\"https:\/\/basseinimeistrid.ee\/wp-content\/uploads\/2025\/02\/BESGO-mootmete-tabelid.pdf\" target=\"_blank\" rel=\"noopener\">T\u00c4\u00c4LT\u00c4<\/a><\/p>\n","protected":false},"excerpt":{"rendered":"<p>Maailmankuulut BESGO-automaattiventtiilit uima-altaan suodattimiin.<\/p>\n","protected":false},"featured_media":104011,"template":"","meta":{"_et_pb_use_builder":"","_et_pb_old_content":"","_et_gb_content_width":""},"product_brand":[],"product_cat":[212],"product_tag":[],"class_list":{"0":"post-108589","1":"product","2":"type-product","3":"status-publish","4":"has-post-thumbnail","6":"product_cat-suodatintarvikkeet","7":"product_shipping_class-kuller-fi","9":"first","10":"instock","11":"taxable","12":"shipping-taxable","13":"purchasable","14":"product-type-variable"},"jetpack_sharing_enabled":true,"_links":{"self":[{"href":"https:\/\/basseinimeistrid.ee\/fi\/wp-json\/wp\/v2\/product\/108589","targetHints":{"allow":["GET"]}}],"collection":[{"href":"https:\/\/basseinimeistrid.ee\/fi\/wp-json\/wp\/v2\/product"}],"about":[{"href":"https:\/\/basseinimeistrid.ee\/fi\/wp-json\/wp\/v2\/types\/product"}],"wp:featuredmedia":[{"embeddable":true,"href":"https:\/\/basseinimeistrid.ee\/fi\/wp-json\/wp\/v2\/media\/104011"}],"wp:attachment":[{"href":"https:\/\/basseinimeistrid.ee\/fi\/wp-json\/wp\/v2\/media?parent=108589"}],"wp:term":[{"taxonomy":"product_brand","embeddable":true,"href":"https:\/\/basseinimeistrid.ee\/fi\/wp-json\/wp\/v2\/product_brand?post=108589"},{"taxonomy":"product_cat","embeddable":true,"href":"https:\/\/basseinimeistrid.ee\/fi\/wp-json\/wp\/v2\/product_cat?post=108589"},{"taxonomy":"product_tag","embeddable":true,"href":"https:\/\/basseinimeistrid.ee\/fi\/wp-json\/wp\/v2\/product_tag?post=108589"}],"curies":[{"name":"wp","href":"https:\/\/api.w.org\/{rel}","templated":true}]}}