{"id":108597,"date":"2025-01-30T10:04:38","date_gmt":"2025-01-30T08:04:38","guid":{"rendered":"https:\/\/basseinimeistrid.ee\/pood\/Ei-luokiteltu\/automaattinen-hana-vrac-iii-basic-2\/"},"modified":"2025-01-30T10:04:38","modified_gmt":"2025-01-30T08:04:38","slug":"automaattinen-hana-vrac-iii-basic-2","status":"publish","type":"product","link":"https:\/\/basseinimeistrid.ee\/fi\/pood\/automaattinen-hana-vrac-iii-basic-2\/","title":{"rendered":"Automaattinen hana VRAC III Basic 2&#8243;"},"content":{"rendered":"<p class=\"p1\">Automaattinen moniporttinen venttiili, jossa on toimilaite ja kosketusherkk\u00e4 painikeohjaus. Toiminnot: suodatus, vastapesu, huuhtelu ja tyhjennys. Voidaan k\u00e4ytt\u00e4\u00e4 vain altaan ohjausyksik\u00f6n\/ohjaimen kanssa, ei suorassa yhteydess\u00e4 suodatinpumppuun. Jos t\u00e4t\u00e4 automaattihanaa k\u00e4ytet\u00e4\u00e4n vedenpinnan alapuolella, on asennettava automaattiventtiili tai palloventtiili, joka sulkeutuu automaattisesti s\u00e4hk\u00f6katkoksen sattuessa, jotta vesi ei h\u00e4vi\u00e4 tyhjennysputken kautta. Toimii s\u00e4\u00e4telem\u00e4ll\u00e4 vedenpainetta putkissa. T\u00e4m\u00e4 tarkoittaa, ett\u00e4 paineen noustessa suodatin on pest\u00e4v\u00e4. Vaihtoehtoisesti voit asettaa sen my\u00f6s esimerkiksi viikoittaiseen automaattiseen puhdistukseen (suoritetaan vain, jos painepohjaista suodattimen puhdistusta ei ole suoritettu). Vastahuuhtelun ja huuhtelun kestoa voidaan muuttaa. Erillinen painike vain huuhtelun k\u00e4ynnist\u00e4miseen. Huomautus: On suositeltavaa asentaa hydraulinen varoventtiili (tuotenro 41899).         <\/p>\n<p>Hanassa on 2&#8243; sis\u00e4kierteet. Soveltuu sivuasennukseen. Suodattimille, joissa tulo\/poistoaukko sivulla.  <\/p>\n","protected":false},"excerpt":{"rendered":"<p>Automaattinen moniporttinen venttiili, jossa on toimilaite ja kosketusherkk\u00e4 painikeohjaus. Toiminnot: suodatus, vastapesu, huuhtelu ja tyhjennys. Voidaan k\u00e4ytt\u00e4\u00e4 vain altaan ohjausyksik\u00f6n\/ohjaimen kanssa, ei suorassa yhteydess\u00e4 suodatinpumppuun. Jos t\u00e4t\u00e4 automaattihanaa k\u00e4ytet\u00e4\u00e4n vedenpinnan alapuolella, on asennettava automaattiventtiili tai palloventtiili, joka sulkeutuu automaattisesti s\u00e4hk\u00f6katkoksen sattuessa, jotta vesi ei h\u00e4vi\u00e4 tyhjennysputken kautta. Toimii s\u00e4\u00e4telem\u00e4ll\u00e4 vedenpainetta putkissa. T\u00e4m\u00e4 tarkoittaa, ett\u00e4 paineen [&hellip;]<\/p>\n","protected":false},"featured_media":104000,"template":"","meta":{"_et_pb_use_builder":"","_et_pb_old_content":"","_et_gb_content_width":""},"product_brand":[],"product_cat":[212],"product_tag":[],"class_list":{"0":"post-108597","1":"product","2":"type-product","3":"status-publish","4":"has-post-thumbnail","6":"product_cat-suodatintarvikkeet","7":"product_shipping_class-pakiautomaat-fi","9":"first","10":"instock","11":"taxable","12":"shipping-taxable","13":"purchasable","14":"product-type-simple"},"jetpack_sharing_enabled":true,"_links":{"self":[{"href":"https:\/\/basseinimeistrid.ee\/fi\/wp-json\/wp\/v2\/product\/108597","targetHints":{"allow":["GET"]}}],"collection":[{"href":"https:\/\/basseinimeistrid.ee\/fi\/wp-json\/wp\/v2\/product"}],"about":[{"href":"https:\/\/basseinimeistrid.ee\/fi\/wp-json\/wp\/v2\/types\/product"}],"wp:featuredmedia":[{"embeddable":true,"href":"https:\/\/basseinimeistrid.ee\/fi\/wp-json\/wp\/v2\/media\/104000"}],"wp:attachment":[{"href":"https:\/\/basseinimeistrid.ee\/fi\/wp-json\/wp\/v2\/media?parent=108597"}],"wp:term":[{"taxonomy":"product_brand","embeddable":true,"href":"https:\/\/basseinimeistrid.ee\/fi\/wp-json\/wp\/v2\/product_brand?post=108597"},{"taxonomy":"product_cat","embeddable":true,"href":"https:\/\/basseinimeistrid.ee\/fi\/wp-json\/wp\/v2\/product_cat?post=108597"},{"taxonomy":"product_tag","embeddable":true,"href":"https:\/\/basseinimeistrid.ee\/fi\/wp-json\/wp\/v2\/product_tag?post=108597"}],"curies":[{"name":"wp","href":"https:\/\/api.w.org\/{rel}","templated":true}]}}