{"id":108602,"date":"2025-01-30T09:32:53","date_gmt":"2025-01-30T07:32:53","guid":{"rendered":"https:\/\/basseinimeistrid.ee\/pood\/Ei-luokiteltu\/astralpool-nanofiber-allassuodatin\/"},"modified":"2025-03-08T16:28:05","modified_gmt":"2025-03-08T14:28:05","slug":"astralpool-nanofiber-allassuodatin","status":"publish","type":"product","link":"https:\/\/basseinimeistrid.ee\/fi\/pood\/astralpool-nanofiber-allassuodatin\/","title":{"rendered":"Astralpool Nanofiber allassuodatin"},"content":{"rendered":"<p>AstralPool Nanofiber nanokuitu allas-suodattimet; maailman ensimm\u00e4inen takaisinpest\u00e4v\u00e4 patruunasuodatin. Uusin patentoitu patruunasuodatin soveltuu altaisiin, joiden tilavuus on enint\u00e4\u00e4n 90 m\u00b3. Virtausnopeus jopa 18m\u00b3\/h. <strong>Eritt\u00e4in hieno<\/strong> suodatus <strong>5-8 mikronia<\/strong> !! NanoFiber-suodatin on valmistettu innovatiivisesta kuitumateriaalista Pienten mittojensa ansiosta sit\u00e4 voidaan k\u00e4ytt\u00e4\u00e4 my\u00f6s ahtaissa tiloissa. L\u00e4pin\u00e4kyv\u00e4n suodatinkotelon avulla voit helposti tarkistaa suodattimen tilan. Max paine: 2,5 bar. Ihanteellinen ratkaisu eritt\u00e4in puhtaan allasveden saavuttamiseen.  <\/p>\n<ul>\n<li>Helppo asentaa ja k\u00e4ytt\u00e4\u00e4<\/li>\n<li>Luotettava<\/li>\n<li>Alhainen vedenkulutus<\/li>\n<li>Viel\u00e4 parempi veden puhtaus ja laatu<\/li>\n<li>Kompakti<\/li>\n<li>Helppo puhdistaa<\/li>\n<li>Suuri suodatinpinta, pitk\u00e4 k\u00e4ytt\u00f6ik\u00e4<\/li>\n<li>Voidaan lis\u00e4t\u00e4 sek\u00e4 uusiin ett\u00e4 olemassa oleviin suodatinj\u00e4rjestelmiin<\/li>\n<li>L\u00e4pin\u00e4kyv\u00e4 kotelo<\/li>\n<li>Mukana toimitettu 2&#8243; 6-suuntainen moniporttinen hana &#8221;Classic Plus&#8221; sopii suoraan suodattimeen.<\/li>\n<li>Suodattimessa on 2&#8243; ulkokierteet, moniporttihaaroissa 2&#8243; sis\u00e4kierteet<\/li>\n<li>Varustettu painemittarilla suodattimen kapasiteetin ja puhdistus-\/takaisinhuuhtelutarpeen arvioimiseksi<\/li>\n<li>Suodatinkulhon tyhjennystulppa<\/li>\n<\/ul>\n<p>NanoFiber-suodattimet t\u00e4ytt\u00e4v\u00e4t DIN EN 16713-1 vaatimukset<\/p>\n<p>Vaihtosuodattimet l\u00f6ytyv\u00e4t t\u00e4\u00e4lt\u00e4 <a href=\"https:\/\/basseinimeistrid.ee\/fi\/pood\/laitetarvikkeet\/suodatintarvikkeet\/astralpool-nanofiber-vaihtosuodattimet\/\">LINKKI<\/a><\/p>\n","protected":false},"excerpt":{"rendered":"<p>Huippuhieno nanokuituallasveden suodatus 5-8 mikronin hiukkasiin asti!<\/p>\n","protected":false},"featured_media":103981,"template":"","meta":{"_et_pb_use_builder":"","_et_pb_old_content":"","_et_gb_content_width":""},"product_brand":[],"product_cat":[112],"product_tag":[],"class_list":{"0":"post-108602","1":"product","2":"type-product","3":"status-publish","4":"has-post-thumbnail","6":"product_cat-altaan-suodattimet","7":"product_shipping_class-kuller_alus-fi","9":"first","10":"instock","11":"taxable","12":"shipping-taxable","13":"purchasable","14":"product-type-variable"},"jetpack_sharing_enabled":true,"_links":{"self":[{"href":"https:\/\/basseinimeistrid.ee\/fi\/wp-json\/wp\/v2\/product\/108602","targetHints":{"allow":["GET"]}}],"collection":[{"href":"https:\/\/basseinimeistrid.ee\/fi\/wp-json\/wp\/v2\/product"}],"about":[{"href":"https:\/\/basseinimeistrid.ee\/fi\/wp-json\/wp\/v2\/types\/product"}],"wp:featuredmedia":[{"embeddable":true,"href":"https:\/\/basseinimeistrid.ee\/fi\/wp-json\/wp\/v2\/media\/103981"}],"wp:attachment":[{"href":"https:\/\/basseinimeistrid.ee\/fi\/wp-json\/wp\/v2\/media?parent=108602"}],"wp:term":[{"taxonomy":"product_brand","embeddable":true,"href":"https:\/\/basseinimeistrid.ee\/fi\/wp-json\/wp\/v2\/product_brand?post=108602"},{"taxonomy":"product_cat","embeddable":true,"href":"https:\/\/basseinimeistrid.ee\/fi\/wp-json\/wp\/v2\/product_cat?post=108602"},{"taxonomy":"product_tag","embeddable":true,"href":"https:\/\/basseinimeistrid.ee\/fi\/wp-json\/wp\/v2\/product_tag?post=108602"}],"curies":[{"name":"wp","href":"https:\/\/api.w.org\/{rel}","templated":true}]}}