{"id":108606,"date":"2025-01-30T09:20:30","date_gmt":"2025-01-30T07:20:30","guid":{"rendered":"https:\/\/basseinimeistrid.ee\/pood\/Ei-luokiteltu\/galaxy-multi-element-patruunasuodatin\/"},"modified":"2025-03-08T16:28:04","modified_gmt":"2025-03-08T14:28:04","slug":"galaxy-multi-element-patruunasuodatin","status":"publish","type":"product","link":"https:\/\/basseinimeistrid.ee\/fi\/pood\/galaxy-multi-element-patruunasuodatin\/","title":{"rendered":"Galaxy Multi Element patruunasuodatin"},"content":{"rendered":"<p class=\"p1\">Galaxy-patruunasuodattimissa on suodatinelementit, jotka on helppo puhdistaa ja vaihtaa. Suodattimessa on tyhjennys helpon huollon vuoksi; Suodatin voidaan helposti tyhjent\u00e4\u00e4. Galaxy patruunasuodattimissa on sek\u00e4 50 ett\u00e4 63 mm liit\u00e4nn\u00e4t. K\u00e4ytt\u00e4m\u00e4ll\u00e4 asennuksessa 63 mm liitoksia, virtausvastus on pienempi, mik\u00e4 tekee allaspumpusta energiatehokkaamman. Koska tulo- ja poistoaukot sijaitsevat suodattimen samalla puolella, eritt\u00e4in kompakti asennus on mahdollista. Patruunasuodattimissa suosittelemme aina monisyklonisuodattimen k\u00e4ytt\u00f6\u00e4 esisuodattimena ja UV-C-desinfiointina.     <\/p>\n<p>Ominaisuudet:<\/p>\n<ul>\n<li class=\"p1\">Tuuletusaukko<\/li>\n<li>Suodatinelementit 15 mikronia<\/li>\n<li class=\"p1\">Painemittari<\/li>\n<li class=\"p1\">Varustettu kahvoilla kannen nostamista varten<\/li>\n<li class=\"p1\">Vahva kiinnitysrengas<\/li>\n<li>50\/63mm tulo ja l\u00e4ht\u00f6<\/li>\n<li>Veden l\u00e4mp\u00f6tila max 40\u00b0C<\/li>\n<li class=\"p1\">1 \u00bd&#8221; vedenpoistoaukko<\/li>\n<li class=\"p1\">UV-suojattu suodatinkotelo<\/li>\n<\/ul>\n<p>Suodattimen vaihtoelementit:<\/p>\n<ul>\n<li>ICF230-suodatin tuotenro 914100007 (4 elementti\u00e4 178x441mm)<\/li>\n<li>ICF530-suodatin tuotenro 914100010 (4 elementti\u00e4 178x835mm)<\/li>\n<li>ICF680-suodatin tuotenro 914100011 (8 elementti\u00e4 178x485mm)<\/li>\n<\/ul>\n","protected":false},"excerpt":{"rendered":"<p>Galaxy-patruunasuodattimissa on suodatinelementit, jotka on helppo puhdistaa ja vaihtaa. Suodattimessa on tyhjennys helpon huollon vuoksi; Suodatin voidaan helposti tyhjent\u00e4\u00e4. Galaxy patruunasuodattimissa on sek\u00e4 50 ett\u00e4 63 mm liit\u00e4nn\u00e4t. K\u00e4ytt\u00e4m\u00e4ll\u00e4 asennuksessa 63 mm liitoksia, virtausvastus on pienempi, mik\u00e4 tekee allaspumpusta energiatehokkaamman. Koska tulo- ja poistoaukot sijaitsevat suodattimen samalla puolella, eritt\u00e4in kompakti asennus on mahdollista. Patruunasuodattimissa suosittelemme [&hellip;]<\/p>\n","protected":false},"featured_media":103940,"template":"","meta":{"_et_pb_use_builder":"","_et_pb_old_content":"","_et_gb_content_width":""},"product_brand":[],"product_cat":[112],"product_tag":[],"class_list":{"0":"post-108606","1":"product","2":"type-product","3":"status-publish","4":"has-post-thumbnail","6":"product_cat-altaan-suodattimet","7":"product_shipping_class-kuller_alus-fi","9":"first","10":"instock","11":"taxable","12":"shipping-taxable","13":"purchasable","14":"product-type-variable"},"jetpack_sharing_enabled":true,"_links":{"self":[{"href":"https:\/\/basseinimeistrid.ee\/fi\/wp-json\/wp\/v2\/product\/108606","targetHints":{"allow":["GET"]}}],"collection":[{"href":"https:\/\/basseinimeistrid.ee\/fi\/wp-json\/wp\/v2\/product"}],"about":[{"href":"https:\/\/basseinimeistrid.ee\/fi\/wp-json\/wp\/v2\/types\/product"}],"wp:featuredmedia":[{"embeddable":true,"href":"https:\/\/basseinimeistrid.ee\/fi\/wp-json\/wp\/v2\/media\/103940"}],"wp:attachment":[{"href":"https:\/\/basseinimeistrid.ee\/fi\/wp-json\/wp\/v2\/media?parent=108606"}],"wp:term":[{"taxonomy":"product_brand","embeddable":true,"href":"https:\/\/basseinimeistrid.ee\/fi\/wp-json\/wp\/v2\/product_brand?post=108606"},{"taxonomy":"product_cat","embeddable":true,"href":"https:\/\/basseinimeistrid.ee\/fi\/wp-json\/wp\/v2\/product_cat?post=108606"},{"taxonomy":"product_tag","embeddable":true,"href":"https:\/\/basseinimeistrid.ee\/fi\/wp-json\/wp\/v2\/product_tag?post=108606"}],"curies":[{"name":"wp","href":"https:\/\/api.w.org\/{rel}","templated":true}]}}