{"id":108610,"date":"2025-01-29T14:27:43","date_gmt":"2025-01-29T12:27:43","guid":{"rendered":"https:\/\/basseinimeistrid.ee\/pood\/Ei-luokiteltu\/patruunasuodatin-astralpool-viron-multi\/"},"modified":"2025-03-08T16:28:02","modified_gmt":"2025-03-08T14:28:02","slug":"patruunasuodatin-astralpool-viron-multi","status":"publish","type":"product","link":"https:\/\/basseinimeistrid.ee\/fi\/pood\/patruunasuodatin-astralpool-viron-multi\/","title":{"rendered":"Patruunasuodatin Astralpool Viron Multi"},"content":{"rendered":"<p>VIRON MULTI QL-540 ALLASSUODATIN<\/p>\n<p class=\"p1\">Viron QL -patruunasuodatin on suunniteltu tarjoamaan erinomaista luotettavuutta ja suorituskyky\u00e4 uima-altaallesi, kylpytynnyrillesi tai kylpytynnyrillesi. Viron-suodatusj\u00e4rjestelm\u00e4 on hienompaa kuin perinteiset hiekka- ja lasihiekalla t\u00e4ytetyt allassuodattimet.  Helppo asennus ja huolto. Valmistettu ruiskupuristetusta muovista ja sopii korkeapainesovelluksiin.<\/p>\n<p class=\"p1\">Helposti vaihdettavan suodatinelementin suodatusala on ~50 m2, mik\u00e4 mahdollistaa pitki\u00e4 v\u00e4liajoja suodatinpatruunoiden vaihtojen v\u00e4lill\u00e4.<\/p>\n<ul>\n<li>Maksimipaine 2,5 bar<\/li>\n<li>Suurin virtausnopeus 20m\u00b3\/h<\/li>\n<li>Yksi sis\u00e4\u00e4ntulo 50mm ja kaksi l\u00e4ht\u00f6\u00e4 50mm. Yksi suodatins\u00e4ili\u00f6n tyhjennystulppa. <\/li>\n<li class=\"p1\">Sis\u00e4lt\u00e4\u00e4 painemittarin ja liit\u00e4nt\u00e4tarvikkeet.<\/li>\n<li class=\"p1\">Suodatins\u00e4ili\u00f6lle 5 vuoden takuu. 1 vuoden takuu tiivisteille. Suodatinelementti on kulutustavara.  <\/li>\n<li>Paino 40kg<\/li>\n<li>Suodattimen mitat 690x649x943 (k) mm<\/li>\n<li class=\"p1\">T\u00e4ytt\u00e4\u00e4 suodatusstandardin EN 16713-1 vaatimukset.<\/li>\n<\/ul>\n<p class=\"p1\">YMP\u00c4RIST\u00d6YST\u00c4V\u00c4LLINEN<\/p>\n<p class=\"p1\">Viron QL on suunniteltu v\u00e4hent\u00e4m\u00e4\u00e4n energiankulutusta ja s\u00e4\u00e4st\u00e4m\u00e4\u00e4n 8 000\u201320 000 litraa vett\u00e4 vuodessa. Se ei vaadi s\u00e4\u00e4nn\u00f6llist\u00e4 huuhtelua, kuten hiekka- tai lasisuodattimet, joten se s\u00e4\u00e4st\u00e4\u00e4 37 tuntia suihkussa k\u00e4ymist\u00e4 vuodessa. Ihanteellinen k\u00e4ytett\u00e4v\u00e4ksi alueilla, joilla on kalliita vesivaroja tai rajoitettu vedenkulutus.  <\/p>\n<p>&nbsp;<\/p>\n","protected":false},"excerpt":{"rendered":"<p>VIRON MULTI QL-540 ALLASSUODATIN Viron QL -patruunasuodatin on suunniteltu tarjoamaan erinomaista luotettavuutta ja suorituskyky\u00e4 uima-altaallesi, kylpytynnyrillesi tai kylpytynnyrillesi. Viron-suodatusj\u00e4rjestelm\u00e4 on hienompaa kuin perinteiset hiekka- ja lasihiekalla t\u00e4ytetyt allassuodattimet. Helppo asennus ja huolto. Valmistettu ruiskupuristetusta muovista ja sopii korkeapainesovelluksiin. Helposti vaihdettavan suodatinelementin suodatusala on ~50 m2, mik\u00e4 mahdollistaa pitki\u00e4 v\u00e4liajoja suodatinpatruunoiden vaihtojen v\u00e4lill\u00e4. Maksimipaine 2,5 bar [&hellip;]<\/p>\n","protected":false},"featured_media":103891,"template":"","meta":{"_et_pb_use_builder":"","_et_pb_old_content":"","_et_gb_content_width":""},"product_brand":[],"product_cat":[112],"product_tag":[],"class_list":{"0":"post-108610","1":"product","2":"type-product","3":"status-publish","4":"has-post-thumbnail","6":"product_cat-altaan-suodattimet","7":"product_shipping_class-kuller_alus-fi","9":"first","10":"instock","11":"taxable","12":"shipping-taxable","13":"purchasable","14":"product-type-variable"},"jetpack_sharing_enabled":true,"_links":{"self":[{"href":"https:\/\/basseinimeistrid.ee\/fi\/wp-json\/wp\/v2\/product\/108610","targetHints":{"allow":["GET"]}}],"collection":[{"href":"https:\/\/basseinimeistrid.ee\/fi\/wp-json\/wp\/v2\/product"}],"about":[{"href":"https:\/\/basseinimeistrid.ee\/fi\/wp-json\/wp\/v2\/types\/product"}],"wp:featuredmedia":[{"embeddable":true,"href":"https:\/\/basseinimeistrid.ee\/fi\/wp-json\/wp\/v2\/media\/103891"}],"wp:attachment":[{"href":"https:\/\/basseinimeistrid.ee\/fi\/wp-json\/wp\/v2\/media?parent=108610"}],"wp:term":[{"taxonomy":"product_brand","embeddable":true,"href":"https:\/\/basseinimeistrid.ee\/fi\/wp-json\/wp\/v2\/product_brand?post=108610"},{"taxonomy":"product_cat","embeddable":true,"href":"https:\/\/basseinimeistrid.ee\/fi\/wp-json\/wp\/v2\/product_cat?post=108610"},{"taxonomy":"product_tag","embeddable":true,"href":"https:\/\/basseinimeistrid.ee\/fi\/wp-json\/wp\/v2\/product_tag?post=108610"}],"curies":[{"name":"wp","href":"https:\/\/api.w.org\/{rel}","templated":true}]}}