{"id":108613,"date":"2025-01-29T14:13:20","date_gmt":"2025-01-29T12:13:20","guid":{"rendered":"https:\/\/basseinimeistrid.ee\/pood\/Ei-luokiteltu\/esisuodatin-astralpool-hydrospin-compact\/"},"modified":"2025-01-29T14:13:20","modified_gmt":"2025-01-29T12:13:20","slug":"esisuodatin-astralpool-hydrospin-compact","status":"publish","type":"product","link":"https:\/\/basseinimeistrid.ee\/fi\/pood\/esisuodatin-astralpool-hydrospin-compact\/","title":{"rendered":"Esisuodatin Astralpool Hydrospin Compact"},"content":{"rendered":"<p>Astralpool Hydrospin Compact -py\u00f6rresuodatin soveltuu k\u00e4ytett\u00e4v\u00e4ksi suodatinj\u00e4rjestelmiss\u00e4, joiden virtausnopeus on 3-16,5 m\u00b3\/h. Esisuodatinta k\u00e4ytt\u00e4m\u00e4ll\u00e4 s\u00e4\u00e4st\u00e4t huomattavasti vett\u00e4, sill\u00e4 p\u00e4\u00e4suodattimen huoltov\u00e4li pitenee merkitt\u00e4v\u00e4sti. Pystyy poistamaan jopa 40 mikronin hiukkasia. Kolmikammioj\u00e4rjestelm\u00e4. K\u00e4ytet\u00e4\u00e4n pumpun ja hiekkasuodattimen v\u00e4lisess\u00e4 putkiosassa. Maksimipaine 2,5 bar.     <\/p>\n<p>T\u00e4m\u00e4 esisuodatin s\u00e4\u00e4st\u00e4\u00e4 noin 7 000 litraa vett\u00e4 vuodessa keskikokoisessa kotialtaassa.<\/p>\n","protected":false},"excerpt":{"rendered":"<p>Astralpool Hydrospin Compact -py\u00f6rresuodatin soveltuu k\u00e4ytett\u00e4v\u00e4ksi suodatinj\u00e4rjestelmiss\u00e4, joiden virtausnopeus on 3-16,5 m\u00b3\/h. Esisuodatinta k\u00e4ytt\u00e4m\u00e4ll\u00e4 s\u00e4\u00e4st\u00e4t huomattavasti vett\u00e4, sill\u00e4 p\u00e4\u00e4suodattimen huoltov\u00e4li pitenee merkitt\u00e4v\u00e4sti. Pystyy poistamaan jopa 40 mikronin hiukkasia. Kolmikammioj\u00e4rjestelm\u00e4. K\u00e4ytet\u00e4\u00e4n pumpun ja hiekkasuodattimen v\u00e4lisess\u00e4 putkiosassa. Maksimipaine 2,5 bar. T\u00e4m\u00e4 esisuodatin s\u00e4\u00e4st\u00e4\u00e4 noin 7 000 litraa vett\u00e4 vuodessa keskikokoisessa kotialtaassa.<\/p>\n","protected":false},"featured_media":103871,"template":"","meta":{"_et_pb_use_builder":"","_et_pb_old_content":"","_et_gb_content_width":""},"product_brand":[],"product_cat":[112],"product_tag":[],"class_list":{"0":"post-108613","1":"product","2":"type-product","3":"status-publish","4":"has-post-thumbnail","6":"product_cat-altaan-suodattimet","7":"product_shipping_class-kuller-fi","9":"first","10":"instock","11":"taxable","12":"shipping-taxable","13":"purchasable","14":"product-type-simple"},"jetpack_sharing_enabled":true,"_links":{"self":[{"href":"https:\/\/basseinimeistrid.ee\/fi\/wp-json\/wp\/v2\/product\/108613","targetHints":{"allow":["GET"]}}],"collection":[{"href":"https:\/\/basseinimeistrid.ee\/fi\/wp-json\/wp\/v2\/product"}],"about":[{"href":"https:\/\/basseinimeistrid.ee\/fi\/wp-json\/wp\/v2\/types\/product"}],"wp:featuredmedia":[{"embeddable":true,"href":"https:\/\/basseinimeistrid.ee\/fi\/wp-json\/wp\/v2\/media\/103871"}],"wp:attachment":[{"href":"https:\/\/basseinimeistrid.ee\/fi\/wp-json\/wp\/v2\/media?parent=108613"}],"wp:term":[{"taxonomy":"product_brand","embeddable":true,"href":"https:\/\/basseinimeistrid.ee\/fi\/wp-json\/wp\/v2\/product_brand?post=108613"},{"taxonomy":"product_cat","embeddable":true,"href":"https:\/\/basseinimeistrid.ee\/fi\/wp-json\/wp\/v2\/product_cat?post=108613"},{"taxonomy":"product_tag","embeddable":true,"href":"https:\/\/basseinimeistrid.ee\/fi\/wp-json\/wp\/v2\/product_tag?post=108613"}],"curies":[{"name":"wp","href":"https:\/\/api.w.org\/{rel}","templated":true}]}}