{"id":108614,"date":"2025-01-29T14:09:21","date_gmt":"2025-01-29T12:09:21","guid":{"rendered":"https:\/\/basseinimeistrid.ee\/pood\/Ei-luokiteltu\/keskipako-esisuodatin\/"},"modified":"2025-01-29T14:09:21","modified_gmt":"2025-01-29T12:09:21","slug":"keskipako-esisuodatin","status":"publish","type":"product","link":"https:\/\/basseinimeistrid.ee\/fi\/pood\/keskipako-esisuodatin\/","title":{"rendered":"Keskipako-esisuodatin"},"content":{"rendered":"<p>MultiCyclone keskipakosuodatin on nimens\u00e4 mukainen, sill\u00e4 se k\u00e4ytt\u00e4\u00e4 vain keskipakovoimaa hiukkasten poistamiseen vesij\u00e4rjestelm\u00e4st\u00e4. Pystyy saamaan kiinni jopa 80 % altaalta tulevasta lialta. Siepattujen hiukkasten m\u00e4\u00e4r\u00e4\u00e4 on helppo seurata l\u00e4pin\u00e4kyv\u00e4n suodatinkotelon ansiosta. Poistaa helposti suuremmat hiukkaset ja sedimentit. Suodattimen puhdistaminen on eritt\u00e4in helppoa. Sinun tarvitsee vain avata tyhjennysventtiili hetkeksi. Esisuodatin auttaa pident\u00e4m\u00e4\u00e4n p\u00e4\u00e4suodattimen puhdistusv\u00e4li\u00e4 ja s\u00e4\u00e4st\u00e4m\u00e4\u00e4n siten merkitt\u00e4v\u00e4sti hiekkasuodattimen vastahuuhtelussa k\u00e4ytett\u00e4v\u00e4\u00e4 vesim\u00e4\u00e4r\u00e4\u00e4. Suodattimessa on 2&#8243;\/63mm liimattavat liittimet. Optimaalisen toiminnan takaamiseksi vaaditaan v\u00e4hint\u00e4\u00e4n 3 m\u00b3\/h virtaus. Soveltuu k\u00e4ytett\u00e4v\u00e4ksi 30 m\u00b3\/h virtausnopeuteen asti. Maksimipaine 4 bar. T\u00e4m\u00e4 monisykloninen keskipakosuodatin on asennettava putkistoon pumpun j\u00e4lkeen.           <\/p>\n","protected":false},"excerpt":{"rendered":"<p>MultiCyclone keskipakosuodatin on nimens\u00e4 mukainen, sill\u00e4 se k\u00e4ytt\u00e4\u00e4 vain keskipakovoimaa hiukkasten poistamiseen vesij\u00e4rjestelm\u00e4st\u00e4. Pystyy saamaan kiinni jopa 80 % altaalta tulevasta lialta. Siepattujen hiukkasten m\u00e4\u00e4r\u00e4\u00e4 on helppo seurata l\u00e4pin\u00e4kyv\u00e4n suodatinkotelon ansiosta. Poistaa helposti suuremmat hiukkaset ja sedimentit. Suodattimen puhdistaminen on eritt\u00e4in helppoa. Sinun tarvitsee vain avata tyhjennysventtiili hetkeksi. Esisuodatin auttaa pident\u00e4m\u00e4\u00e4n p\u00e4\u00e4suodattimen puhdistusv\u00e4li\u00e4 ja s\u00e4\u00e4st\u00e4m\u00e4\u00e4n [&hellip;]<\/p>\n","protected":false},"featured_media":103855,"template":"","meta":{"_et_pb_use_builder":"","_et_pb_old_content":"","_et_gb_content_width":""},"product_brand":[],"product_cat":[112],"product_tag":[],"class_list":{"0":"post-108614","1":"product","2":"type-product","3":"status-publish","4":"has-post-thumbnail","6":"product_cat-altaan-suodattimet","7":"product_shipping_class-kuller-fi","9":"first","10":"instock","11":"taxable","12":"shipping-taxable","13":"purchasable","14":"product-type-variable"},"jetpack_sharing_enabled":true,"_links":{"self":[{"href":"https:\/\/basseinimeistrid.ee\/fi\/wp-json\/wp\/v2\/product\/108614","targetHints":{"allow":["GET"]}}],"collection":[{"href":"https:\/\/basseinimeistrid.ee\/fi\/wp-json\/wp\/v2\/product"}],"about":[{"href":"https:\/\/basseinimeistrid.ee\/fi\/wp-json\/wp\/v2\/types\/product"}],"wp:featuredmedia":[{"embeddable":true,"href":"https:\/\/basseinimeistrid.ee\/fi\/wp-json\/wp\/v2\/media\/103855"}],"wp:attachment":[{"href":"https:\/\/basseinimeistrid.ee\/fi\/wp-json\/wp\/v2\/media?parent=108614"}],"wp:term":[{"taxonomy":"product_brand","embeddable":true,"href":"https:\/\/basseinimeistrid.ee\/fi\/wp-json\/wp\/v2\/product_brand?post=108614"},{"taxonomy":"product_cat","embeddable":true,"href":"https:\/\/basseinimeistrid.ee\/fi\/wp-json\/wp\/v2\/product_cat?post=108614"},{"taxonomy":"product_tag","embeddable":true,"href":"https:\/\/basseinimeistrid.ee\/fi\/wp-json\/wp\/v2\/product_tag?post=108614"}],"curies":[{"name":"wp","href":"https:\/\/api.w.org\/{rel}","templated":true}]}}