{"id":108617,"date":"2025-01-29T13:40:42","date_gmt":"2025-01-29T11:40:42","guid":{"rendered":"https:\/\/basseinimeistrid.ee\/pood\/Ei-luokiteltu\/hiekkasuodatin-astralpool-europe\/"},"modified":"2025-03-08T16:28:00","modified_gmt":"2025-03-08T14:28:00","slug":"hiekkasuodatin-astralpool-europe","status":"publish","type":"product","link":"https:\/\/basseinimeistrid.ee\/fi\/pood\/hiekkasuodatin-astralpool-europe\/","title":{"rendered":"Hiekkasuodatin Astralpool Europe"},"content":{"rendered":"<p>Asralpool Europe PRO -suodattimet ovat korkealaatuisia lasikuituvahvisteisia polyesterisuodattimia, joilla on 5 vuoden takuu. Suodattimessa on suuri (285 mm) halkaisijaltaan aukko yl\u00e4osassa helpottamaan huoltoa. Erityinen kartiomainen diffuusori varmistaa eritt\u00e4in hyv\u00e4n veden jakautumisen. Suodatin on varustettu painemittarilla ja \u00bc&#8221; ilmaventtiilill\u00e4. 600 mm+ suodattimissa on 2&#8243; liit\u00e4nt\u00e4, mik\u00e4 auttaa v\u00e4hent\u00e4m\u00e4\u00e4n paineh\u00e4vi\u00f6t\u00e4 vesipiiriss\u00e4. Maksimipaine: 2,5 bar. V\u00e4ri: Ral 5015.    <\/p>\n<p>&nbsp;<\/p>\n","protected":false},"excerpt":{"rendered":"<p>Asralpool Europe PRO -suodattimet ovat korkealaatuisia lasikuituvahvisteisia polyesterisuodattimia, joilla on 5 vuoden takuu. Suodattimessa on suuri (285 mm) halkaisijaltaan aukko yl\u00e4osassa helpottamaan huoltoa. Erityinen kartiomainen diffuusori varmistaa eritt\u00e4in hyv\u00e4n veden jakautumisen. Suodatin on varustettu painemittarilla ja \u00bc&#8221; ilmaventtiilill\u00e4. 600 mm+ suodattimissa on 2&#8243; liit\u00e4nt\u00e4, mik\u00e4 auttaa v\u00e4hent\u00e4m\u00e4\u00e4n paineh\u00e4vi\u00f6t\u00e4 vesipiiriss\u00e4. Maksimipaine: 2,5 bar. V\u00e4ri: Ral 5015. [&hellip;]<\/p>\n","protected":false},"featured_media":103836,"template":"","meta":{"_et_pb_use_builder":"","_et_pb_old_content":"","_et_gb_content_width":""},"product_brand":[],"product_cat":[112],"product_tag":[],"class_list":{"0":"post-108617","1":"product","2":"type-product","3":"status-publish","4":"has-post-thumbnail","6":"product_cat-altaan-suodattimet","7":"product_shipping_class-kuller_alus-fi","9":"first","10":"instock","11":"taxable","12":"shipping-taxable","13":"purchasable","14":"product-type-variable"},"jetpack_sharing_enabled":true,"_links":{"self":[{"href":"https:\/\/basseinimeistrid.ee\/fi\/wp-json\/wp\/v2\/product\/108617","targetHints":{"allow":["GET"]}}],"collection":[{"href":"https:\/\/basseinimeistrid.ee\/fi\/wp-json\/wp\/v2\/product"}],"about":[{"href":"https:\/\/basseinimeistrid.ee\/fi\/wp-json\/wp\/v2\/types\/product"}],"wp:featuredmedia":[{"embeddable":true,"href":"https:\/\/basseinimeistrid.ee\/fi\/wp-json\/wp\/v2\/media\/103836"}],"wp:attachment":[{"href":"https:\/\/basseinimeistrid.ee\/fi\/wp-json\/wp\/v2\/media?parent=108617"}],"wp:term":[{"taxonomy":"product_brand","embeddable":true,"href":"https:\/\/basseinimeistrid.ee\/fi\/wp-json\/wp\/v2\/product_brand?post=108617"},{"taxonomy":"product_cat","embeddable":true,"href":"https:\/\/basseinimeistrid.ee\/fi\/wp-json\/wp\/v2\/product_cat?post=108617"},{"taxonomy":"product_tag","embeddable":true,"href":"https:\/\/basseinimeistrid.ee\/fi\/wp-json\/wp\/v2\/product_tag?post=108617"}],"curies":[{"name":"wp","href":"https:\/\/api.w.org\/{rel}","templated":true}]}}