{"id":108624,"date":"2025-01-29T11:48:11","date_gmt":"2025-01-29T09:48:11","guid":{"rendered":"https:\/\/basseinimeistrid.ee\/pood\/Ei-luokiteltu\/hiekkasuodatin-zodiac-ms\/"},"modified":"2025-03-08T16:28:02","modified_gmt":"2025-03-08T14:28:02","slug":"hiekkasuodatin-zodiac-ms","status":"publish","type":"product","link":"https:\/\/basseinimeistrid.ee\/fi\/pood\/hiekkasuodatin-zodiac-ms\/","title":{"rendered":"Hiekkasuodatin Zodiac MS"},"content":{"rendered":"<p>Zodiac MS allassuodatin. Altaille, joiden tilavuus on enint\u00e4\u00e4n 170 m\u00b3. Kapasiteetti mallista riippuen 8-30m\u00b3\/h. Premium-luokan suodattimet. Eritt\u00e4in kest\u00e4v\u00e4t, lasikuituvahvisteiset polyesterihartsisuodatinastiat. Sopii k\u00e4ytett\u00e4v\u00e4ksi sek\u00e4 suodatinhiekan ett\u00e4 suodatinlasin kanssa. Suodatin on k\u00e4tev\u00e4 ja helppo huoltaa. Kaksoiskorkit suodatins\u00e4ili\u00f6n tyhjennyst\u00e4 varten. Maksimipaine 2,5 bar.<br \/>\n TEKNISET TIEDOT:<br \/>\n &#8211; Lasikuituvahvistettu polyesterisuodatins\u00e4ili\u00f6.<br \/>\n &#8211; Painemittari kannessa.<br \/>\n Mukana:<br \/>\n &#8211; Sivulle asennettu 6-tiesuodatinhana<br \/>\n &#8211; Paineventtiili ja tuuletussarja<br \/>\n &#8211; L\u00e4pin\u00e4kyv\u00e4 suodattimen kansi        <\/p>\n<p>Takuu setill\u00e4 on 3 vuotta ja suodatins\u00e4ili\u00f6n takuu on 10 vuotta.<\/p>\n","protected":false},"excerpt":{"rendered":"<p>Zodiac MS allassuodatin. Altaille, joiden tilavuus on enint\u00e4\u00e4n 170 m\u00b3. Kapasiteetti mallista riippuen 8-30m\u00b3\/h. Premium-luokan suodattimet. Eritt\u00e4in kest\u00e4v\u00e4t, lasikuituvahvisteiset polyesterihartsisuodatinastiat. Sopii k\u00e4ytett\u00e4v\u00e4ksi sek\u00e4 suodatinhiekan ett\u00e4 suodatinlasin kanssa. Suodatin on k\u00e4tev\u00e4 ja helppo huoltaa. Kaksoiskorkit suodatins\u00e4ili\u00f6n tyhjennyst\u00e4 varten. Maksimipaine 2,5 bar. TEKNISET TIEDOT: &#8211; Lasikuituvahvistettu polyesterisuodatins\u00e4ili\u00f6. &#8211; Painemittari kannessa. Mukana: &#8211; Sivulle asennettu 6-tiesuodatinhana &#8211; Paineventtiili [&hellip;]<\/p>\n","protected":false},"featured_media":103812,"template":"","meta":{"_et_pb_use_builder":"","_et_pb_old_content":"","_et_gb_content_width":""},"product_brand":[],"product_cat":[112],"product_tag":[],"class_list":{"0":"post-108624","1":"product","2":"type-product","3":"status-publish","4":"has-post-thumbnail","6":"product_cat-altaan-suodattimet","7":"product_shipping_class-kuller_alus-fi","9":"first","10":"instock","11":"taxable","12":"shipping-taxable","13":"purchasable","14":"product-type-variable"},"jetpack_sharing_enabled":true,"_links":{"self":[{"href":"https:\/\/basseinimeistrid.ee\/fi\/wp-json\/wp\/v2\/product\/108624","targetHints":{"allow":["GET"]}}],"collection":[{"href":"https:\/\/basseinimeistrid.ee\/fi\/wp-json\/wp\/v2\/product"}],"about":[{"href":"https:\/\/basseinimeistrid.ee\/fi\/wp-json\/wp\/v2\/types\/product"}],"wp:featuredmedia":[{"embeddable":true,"href":"https:\/\/basseinimeistrid.ee\/fi\/wp-json\/wp\/v2\/media\/103812"}],"wp:attachment":[{"href":"https:\/\/basseinimeistrid.ee\/fi\/wp-json\/wp\/v2\/media?parent=108624"}],"wp:term":[{"taxonomy":"product_brand","embeddable":true,"href":"https:\/\/basseinimeistrid.ee\/fi\/wp-json\/wp\/v2\/product_brand?post=108624"},{"taxonomy":"product_cat","embeddable":true,"href":"https:\/\/basseinimeistrid.ee\/fi\/wp-json\/wp\/v2\/product_cat?post=108624"},{"taxonomy":"product_tag","embeddable":true,"href":"https:\/\/basseinimeistrid.ee\/fi\/wp-json\/wp\/v2\/product_tag?post=108624"}],"curies":[{"name":"wp","href":"https:\/\/api.w.org\/{rel}","templated":true}]}}